{"id":9452,"date":"2024-07-24T05:33:34","date_gmt":"2024-07-24T05:33:34","guid":{"rendered":"https:\/\/pippifoder.se\/ukategorisert\/blancherte-peanotter-til-fugler-25-kg\/"},"modified":"2026-04-15T12:55:47","modified_gmt":"2026-04-15T10:55:47","slug":"blancherte-peanotter-til-fugler-25-kg","status":"publish","type":"product","link":"https:\/\/pippifoder.se\/no\/produkt\/fuglemat\/peanotter\/blancherte-peanotter-til-fugler-25-kg\/","title":{"rendered":"Blancherte pean\u00f8tter til fugler 25 kg"},"content":{"rendered":"<h2>Pean\u00f8tter fugler<\/h2>\n<p>Blancherte pean\u00f8tter til fugler er en favoritt blant fuglematere. Med sin lettford\u00f8yelige og n\u00e6ringsrike kjerne tiltrekker disse fr\u00f8ene en rekke ville fugler til hagen. La oss utforske hvorfor disse fr\u00f8ene er et godt valg for \u00e5 gi fuglene det beste.  <\/p>\n<h2>Hvorfor blancherte pean\u00f8tter til fugler?<\/h2>\n<p>Vi har valgt \u00e5 ta med blancherte pean\u00f8tter hjem av flere grunner:<\/p>\n<ul>\n<li>N\u00f8ttene er helt rene, noen ganger kan det r\u00f8de skallet bli litt gummiaktig i fuglemateren<\/li>\n<\/ul>\n<h2>Hvilke fugler spiser pean\u00f8tter?<\/h2>\n<p>Mange fuglearter elsker pean\u00f8tter. Fra den nysgjerrige l\u00e5veuglen til den fargerike bl\u00e5fuglen er pean\u00f8tter favorittmat for mange ville fugler. Det h\u00f8ye protein- og fettinnholdet gj\u00f8r dem til en utmerket energikilde, spesielt i de kalde m\u00e5nedene.  <\/p>\n<h2>Hvor produseres pean\u00f8tter?<\/h2>\n<p>Pean\u00f8tter dyrkes i mange deler av verden, fra Nord-Amerika til Afrika og Asia. De trives i varme klimaer og krever en lang vekstsesong for \u00e5 modnes. V\u00e5re pean\u00f8tter har ulik opprinnelse avhengig av tilgjengelighet.  <\/p>\n","protected":false},"excerpt":{"rendered":"<p>Avskallede, blancherte pean\u00f8tter av topp kvalitet for fugler, perfekt for alle typer fugler. Pakket i poser p\u00e5 25 kg. Pean\u00f8ttene er halvert og er helt rene for det r\u00f8de skinnet som ellers sitter igjen p\u00e5 n\u00f8tten. Hvis du vil ha n\u00f8tter med det r\u00f8de <a href=\"https:\/\/pippifoder.se\/no\/produkt\/fuglemat\/peanotter\/peanotter-til-fugler-25-kg\/\">skallet p\u00e5, sjekk ut v\u00e5re avskallede<\/a> pean\u00f8tter!   <\/p>\n<p><strong>Prisgaranti<\/strong>, hvis du finner et billigere tilsvarende produkt, matcher vi prisen!<\/p>\n","protected":false},"featured_media":13566,"comment_status":"closed","ping_status":"closed","template":"","meta":{"_acf_changed":false},"product_brand":[],"product_cat":[139,256,125,124],"product_tag":[],"class_list":{"0":"post-9452","1":"product","2":"type-product","3":"status-publish","4":"has-post-thumbnail","6":"product_cat-peanotter","7":"product_cat-blancherte-peanotter","8":"product_cat-fro-og-mat-til-ville-fugler","9":"product_cat-fuglemat","10":"product_shipping_class-sverige-no","12":"first","13":"instock","14":"taxable","15":"shipping-taxable","16":"purchasable","17":"product-type-simple"},"bundled_by":[],"bundle_stock_status":"instock","bundle_stock_quantity":140,"bundle_virtual":false,"bundle_layout":"","bundle_add_to_cart_form_location":"","bundle_editable_in_cart":false,"bundle_sold_individually_context":"","bundle_item_grouping":"","bundle_min_size":"","bundle_max_size":"","bundle_price":[],"bundled_items":[],"bundle_sell_ids":[],"acf":[],"_links":{"self":[{"href":"https:\/\/pippifoder.se\/no\/wp-json\/wp\/v2\/product\/9452","targetHints":{"allow":["GET"]}}],"collection":[{"href":"https:\/\/pippifoder.se\/no\/wp-json\/wp\/v2\/product"}],"about":[{"href":"https:\/\/pippifoder.se\/no\/wp-json\/wp\/v2\/types\/product"}],"replies":[{"embeddable":true,"href":"https:\/\/pippifoder.se\/no\/wp-json\/wp\/v2\/comments?post=9452"}],"wp:featuredmedia":[{"embeddable":true,"href":"https:\/\/pippifoder.se\/no\/wp-json\/wp\/v2\/media\/13566"}],"wp:attachment":[{"href":"https:\/\/pippifoder.se\/no\/wp-json\/wp\/v2\/media?parent=9452"}],"wp:term":[{"taxonomy":"product_brand","embeddable":true,"href":"https:\/\/pippifoder.se\/no\/wp-json\/wp\/v2\/product_brand?post=9452"},{"taxonomy":"product_cat","embeddable":true,"href":"https:\/\/pippifoder.se\/no\/wp-json\/wp\/v2\/product_cat?post=9452"},{"taxonomy":"product_tag","embeddable":true,"href":"https:\/\/pippifoder.se\/no\/wp-json\/wp\/v2\/product_tag?post=9452"}],"curies":[{"name":"wp","href":"https:\/\/api.w.org\/{rel}","templated":true}]}}