{"id":9447,"date":"2024-01-09T19:10:41","date_gmt":"2024-01-09T19:10:41","guid":{"rendered":"https:\/\/pippifoder.se\/ukategorisert\/avskallede-peanotter-25kg-helpall-30stk\/"},"modified":"2026-04-15T12:58:42","modified_gmt":"2026-04-15T10:58:42","slug":"peanotter-25kg-helpall-30stk","status":"publish","type":"product","link":"https:\/\/pippifoder.se\/no\/produkt\/fuglemat\/peanotter-25kg-helpall-30stk\/","title":{"rendered":"Avskallede pean\u00f8tter 25kg &#8211; Helpall (30stk)"},"content":{"rendered":"<h2>Avskallede pean\u00f8tter i stor pakke<\/h2>\n<p>Kj\u00f8p en hel pall med 30 stk 25 kg sekker med avskallede pean\u00f8tter til den absolutt laveste prisen. Gratis frakt til d\u00f8ren din. <\/p>\n<h2>Hvorfor avskallede pean\u00f8tter til fugler?<\/h2>\n<p>Vi har valgt \u00e5 ta med oss avskallede pean\u00f8tter hjem av flere grunner:<\/p>\n<ul>\n<li>Dobbelt s\u00e5 mye pean\u00f8tter i posen, skallene utgj\u00f8r nesten 50 % av vekten<\/li>\n<li>Du og naboene dine slipper \u00e5 forholde dere til pean\u00f8ttskall<\/li>\n<li>Flere fugler kan spise lettere, ikke alle er begavet med et ekte skjellknakknebb<\/li>\n<\/ul>\n<h2>Hvilke fugler spiser pean\u00f8tter?<\/h2>\n<p>Mange fuglearter elsker pean\u00f8tter. Fra den nysgjerrige kattuglen til den fargerike bl\u00e5meisen er pean\u00f8tter favorittmat for mange ville fugler. Det h\u00f8ye protein- og fettinnholdet gj\u00f8r dem til en utmerket energikilde, spesielt i de kalde m\u00e5nedene.  <\/p>\n<h2>Hvor produseres pean\u00f8tter?<\/h2>\n<p>Pean\u00f8tter dyrkes i mange deler av verden, fra Nord-Amerika til Afrika og Asia. De trives i varme klimaer og krever en lang vekstsesong for \u00e5 modnes. V\u00e5re pean\u00f8tter har ulik opprinnelse avhengig av tilgjengelighet.  <\/p>\n","protected":false},"excerpt":{"rendered":"<p>En hel pall med 30 25 kg sekker med avskallede pean\u00f8tter av topp kvalitet. 750 kg totalt! Perfekt \u00e5 bestille hvis dere er flere som \u00f8nsker \u00e5 dele for \u00e5 f\u00e5 ned v\u00e5r allerede billige pris ytterligere! Gratis frakt med hjemlevering i hele Sverige!   <\/p>\n","protected":false},"featured_media":6684,"comment_status":"closed","ping_status":"closed","template":"","meta":{"_acf_changed":false},"product_brand":[],"product_cat":[124,125,136,133,139,148],"product_tag":[101,102],"class_list":{"0":"post-9447","1":"product","2":"type-product","3":"status-publish","4":"has-post-thumbnail","6":"product_cat-fuglemat","7":"product_cat-fro-og-mat-til-ville-fugler","8":"product_cat-fuglefro-no","9":"product_cat-fuglefro-og-fuglemat-pa-salg","10":"product_cat-peanotter","11":"product_cat-stor-pakke","12":"product_tag-fuglemat","13":"product_tag-solsikkefro","14":"product_shipping_class-sverige-no","16":"first","17":"instock","18":"sale","19":"taxable","20":"shipping-taxable","21":"purchasable","22":"product-type-simple"},"bundled_by":[],"bundle_stock_status":"instock","bundle_stock_quantity":null,"bundle_virtual":false,"bundle_layout":"","bundle_add_to_cart_form_location":"","bundle_editable_in_cart":false,"bundle_sold_individually_context":"","bundle_item_grouping":"","bundle_min_size":"","bundle_max_size":"","bundle_price":[],"bundled_items":[],"bundle_sell_ids":[],"acf":[],"_links":{"self":[{"href":"https:\/\/pippifoder.se\/no\/wp-json\/wp\/v2\/product\/9447","targetHints":{"allow":["GET"]}}],"collection":[{"href":"https:\/\/pippifoder.se\/no\/wp-json\/wp\/v2\/product"}],"about":[{"href":"https:\/\/pippifoder.se\/no\/wp-json\/wp\/v2\/types\/product"}],"replies":[{"embeddable":true,"href":"https:\/\/pippifoder.se\/no\/wp-json\/wp\/v2\/comments?post=9447"}],"wp:featuredmedia":[{"embeddable":true,"href":"https:\/\/pippifoder.se\/no\/wp-json\/wp\/v2\/media\/6684"}],"wp:attachment":[{"href":"https:\/\/pippifoder.se\/no\/wp-json\/wp\/v2\/media?parent=9447"}],"wp:term":[{"taxonomy":"product_brand","embeddable":true,"href":"https:\/\/pippifoder.se\/no\/wp-json\/wp\/v2\/product_brand?post=9447"},{"taxonomy":"product_cat","embeddable":true,"href":"https:\/\/pippifoder.se\/no\/wp-json\/wp\/v2\/product_cat?post=9447"},{"taxonomy":"product_tag","embeddable":true,"href":"https:\/\/pippifoder.se\/no\/wp-json\/wp\/v2\/product_tag?post=9447"}],"curies":[{"name":"wp","href":"https:\/\/api.w.org\/{rel}","templated":true}]}}