{"id":9442,"date":"2024-01-09T18:38:14","date_gmt":"2024-01-09T18:38:14","guid":{"rendered":"https:\/\/pippifoder.se\/ukategorisert\/skrellede-solsikkefro-15kg-helpall-50stk\/"},"modified":"2026-04-15T12:58:38","modified_gmt":"2026-04-15T10:58:38","slug":"solsikkekjerner-15kg-helpall-50stk","status":"publish","type":"product","link":"https:\/\/pippifoder.se\/no\/produkt\/fuglemat\/solsikkefro-til-fugler\/solsikkekjerner-15kg-helpall-50stk\/","title":{"rendered":"Skrellede solsikkefr\u00f8 15kg &#8211; Helpall (50stk)"},"content":{"rendered":"<h2>Skrellede solsikkefr\u00f8 i stor pakke<\/h2>\n<p>Kj\u00f8p en hel pall med 50 stk 15 kg poser med avskallede solsikkefr\u00f8 til den absolutt laveste prisen. Gratis frakt til d\u00f8ren din. <\/p>\n<h2>Ofte stilte sp\u00f8rsm\u00e5l om avskallede solsikkefr\u00f8<\/h2>\n<p>Her er de vanligste sp\u00f8rsm\u00e5lene om avskallede solsikkefr\u00f8.<\/p>\n<h3>Hvorfor avskallede solsikkefr\u00f8?<\/h3>\n<p>Vi har valgt \u00e5 ta med avskallede solsikkefr\u00f8 hjem av flere grunner:<\/p>\n<ul>\n<li>En pose med avskallede solsikkefr\u00f8 inneholder dobbelt s\u00e5 mye fr\u00f8 som en pose med skall, og skallene utgj\u00f8r nesten 50 % av vekten!<\/li>\n<li>Vi bruker halvparten s\u00e5 mye emballasje n\u00e5r vi ikke trenger \u00e5 transportere skallet<\/li>\n<li>Billigere frakt fordi vi ikke sender s\u00f8ppel (skjell)<\/li>\n<li>Avskallede solsikkefr\u00f8 tar bare halvparten s\u00e5 mye plass for \u00e5 lagre samme mengde mat<\/li>\n<li>Du og naboene dine slipper \u00e5 forholde dere til en masse solsikkeavfall<\/li>\n<li>Flere fugler kan lettere spise avskallede solsikkefr\u00f8, men ikke alle er utstyrt med et ekte skallknakknebb<\/li>\n<\/ul>\n<h3>Hvor kommer de avskallede solsikkefr\u00f8ene v\u00e5re fra?<\/h3>\n<p>Solsikkefr\u00f8 dyrkes for det meste i \u00d8st-Europa, og Ukraina er en stor eksport\u00f8r av solsikkefr\u00f8. V\u00e5re avskallede solsikkefr\u00f8 kommer fra Bulgaria, som er en stor produsent og eksport\u00f8r av solsikkefr\u00f8. <\/p>\n<h3>Hvor mye er avskallede solsikkefr\u00f8 verdt?<\/h3>\n<p>Omtrent halvparten av vanlige solsikkefr\u00f8 er avskallet.Man kan si at 15 kg avskallede solsikkefr\u00f8 tilsvarer omtrent 30 kg avskallede solsikkefr\u00f8. <\/p>\n<h3>Er v\u00e5re avskallede solsikkefr\u00f8 hele?<\/h3>\n<p>Ja, v\u00e5re avskallede solsikkefr\u00f8 er hele, ikke knuste.<\/p>\n<h3>Er v\u00e5re avskallede solsikkefr\u00f8 \u00f8kologiske?<\/h3>\n<p>Solsikkefr\u00f8ene v\u00e5re kommer fra s\u00e5kalt &laquo;konvensjonell&raquo; dyrking, noe som betyr at de er spr\u00f8ytet og dermed ikke \u00f8kologiske. Vi ser p\u00e5 muligheten for \u00e5 ta hjem \u00f8kologiske solsikkefr\u00f8 med skall. Hvis du \u00f8nsker \u00e5 kj\u00f8pe \u00f8kologiske solsikkefr\u00f8, kan du sende en e-post til <a href=\"mailto:kontakt@pippifoder.se\">kontakt@pippifoder.se<\/a>  <\/p>\n<h3>Kan kyllinger spise avskallede solsikkefr\u00f8?<\/h3>\n<p>Ja, h\u00f8ner elsker avskallede solsikkefr\u00f8! \ud83d\ude42<\/p>\n<h3>Kan skrelte solsikkefr\u00f8 spises av fugler?<\/h3>\n<p>V\u00e5re avskallede solsikkefr\u00f8 er av matkvalitet, men vi selger dem som fuglemat.<\/p>\n<h3>Hva er forskjellen mellom solsikkefr\u00f8 og solsikkekjerner?<\/h3>\n<p>Solsikkefr\u00f8 med skall er det korrekte navnet p\u00e5 det som noen ganger feilaktig kalles solsikkekjerner. Disse fr\u00f8ene utgj\u00f8r faktisk fr\u00f8ene til solsikken. De befinner seg i den brune delen av den praktfulle solsikkeblomsten, der solsikkens sm\u00e5, faste frukter inneholder disse fr\u00f8ene.  <\/p>\n","protected":false},"excerpt":{"rendered":"<p>En hel pall med 50 15 kg poser med avskallede solsikkefr\u00f8 av topp kvalitet. 750 kg totalt! Perfekt \u00e5 bestille hvis dere er flere som \u00f8nsker \u00e5 dele for \u00e5 f\u00e5 ned v\u00e5r allerede billige pris ytterligere! Solsikkefr\u00f8 med skall er perfekt for alle typer fugler. 15 kg avskallede solsikkefr\u00f8 tilsvarer ca. 30 kg avskallede solsikkefr\u00f8. Gratis frakt med hjemlevering i hele Sverige!     <\/p>\n","protected":false},"featured_media":6672,"comment_status":"closed","ping_status":"closed","template":"","meta":{"_acf_changed":false},"product_brand":[],"product_cat":[140,125,136,133,124,141,148],"product_tag":[101,102],"class_list":{"0":"post-9442","1":"product","2":"type-product","3":"status-publish","4":"has-post-thumbnail","6":"product_cat-solsikkefro-til-fugler","7":"product_cat-fro-og-mat-til-ville-fugler","8":"product_cat-fuglefro-no","9":"product_cat-fuglefro-og-fuglemat-pa-salg","10":"product_cat-fuglemat","11":"product_cat-solsikkefro-no","12":"product_cat-stor-pakke","13":"product_tag-fuglemat","14":"product_tag-solsikkefro","15":"product_shipping_class-sverige-no","17":"first","18":"instock","19":"sale","20":"taxable","21":"shipping-taxable","22":"purchasable","23":"product-type-simple"},"bundled_by":[],"bundle_stock_status":"instock","bundle_stock_quantity":null,"bundle_virtual":false,"bundle_layout":"","bundle_add_to_cart_form_location":"","bundle_editable_in_cart":false,"bundle_sold_individually_context":"","bundle_item_grouping":"","bundle_min_size":"","bundle_max_size":"","bundle_price":[],"bundled_items":[],"bundle_sell_ids":[],"acf":[],"_links":{"self":[{"href":"https:\/\/pippifoder.se\/no\/wp-json\/wp\/v2\/product\/9442","targetHints":{"allow":["GET"]}}],"collection":[{"href":"https:\/\/pippifoder.se\/no\/wp-json\/wp\/v2\/product"}],"about":[{"href":"https:\/\/pippifoder.se\/no\/wp-json\/wp\/v2\/types\/product"}],"replies":[{"embeddable":true,"href":"https:\/\/pippifoder.se\/no\/wp-json\/wp\/v2\/comments?post=9442"}],"wp:featuredmedia":[{"embeddable":true,"href":"https:\/\/pippifoder.se\/no\/wp-json\/wp\/v2\/media\/6672"}],"wp:attachment":[{"href":"https:\/\/pippifoder.se\/no\/wp-json\/wp\/v2\/media?parent=9442"}],"wp:term":[{"taxonomy":"product_brand","embeddable":true,"href":"https:\/\/pippifoder.se\/no\/wp-json\/wp\/v2\/product_brand?post=9442"},{"taxonomy":"product_cat","embeddable":true,"href":"https:\/\/pippifoder.se\/no\/wp-json\/wp\/v2\/product_cat?post=9442"},{"taxonomy":"product_tag","embeddable":true,"href":"https:\/\/pippifoder.se\/no\/wp-json\/wp\/v2\/product_tag?post=9442"}],"curies":[{"name":"wp","href":"https:\/\/api.w.org\/{rel}","templated":true}]}}