{"id":9436,"date":"2024-08-23T18:34:39","date_gmt":"2024-08-23T18:34:39","guid":{"rendered":"https:\/\/pippifoder.se\/ukategorisert\/maisknus-25-kg\/"},"modified":"2026-04-07T06:12:41","modified_gmt":"2026-04-07T06:12:41","slug":"maisknus-25-kg","status":"publish","type":"product","link":"https:\/\/pippifoder.se\/no\/produkt\/kylling\/for-og-mat-til-kyllinger\/maisknus-25-kg\/","title":{"rendered":"Maisknus 25 kg"},"content":{"rendered":"<h2>Bruksomr\u00e5de for maisgrits<\/h2>\n<p>Maismel er allsidig og kan brukes p\u00e5 flere m\u00e5ter i h\u00f8nsenes kosthold:<\/p>\n<ul>\n<li><strong>Tilsett i kyllingf\u00f4rblandinger<\/strong>: Cornflour kan enkelt blandes med andre fr\u00f8 og korn for \u00e5 skape et balansert og n\u00e6ringsrikt kosthold.<\/li>\n<li><strong>Bruk som mellomm\u00e5ltid<\/strong>: Cornflour kan gis som et energirikt mellomm\u00e5ltid, spesielt p\u00e5 kalde dager n\u00e5r h\u00f8nene trenger ekstra energi.<\/li>\n<li><strong>Spredning p\u00e5 g\u00e5rden: Spredning av<\/strong> maiskolber direkte p\u00e5 bakken oppmuntrer h\u00f8nene til \u00e5 s\u00f8ke naturlig f\u00f8de, noe som holder dem aktive og stimulerte.<\/li>\n<\/ul>\n<h2><strong>Ofte stilte sp\u00f8rsm\u00e5l om maisgriller til h\u00f8ner<\/strong><\/h2>\n<p><em>Kan maisgrits brukes som hovedf\u00f4r?<\/em><\/p>\n<ul>\n<li>Maismel b\u00f8r ikke brukes som eneste f\u00f4r, da det ikke inneholder nok protein eller andre viktige n\u00e6ringsstoffer.<br \/>\nDet er best \u00e5 bruke det som et supplement til et balansert kosthold.<\/li>\n<\/ul>\n<p><em>Hvor mye maizena b\u00f8r jeg gi kyllingene mine?<\/em><\/p>\n<ul>\n<li>Mengden maisgryn avhenger av h\u00f8nas st\u00f8rrelse og behov, men det anbefales generelt \u00e5 gi det i moderate mengder som en del av et variert kosthold.<\/li>\n<\/ul>\n","protected":false},"excerpt":{"rendered":"<p>25 kg maisgrits, produsert i Sverige.<br \/>\nMaisgrits er et tilskuddsf\u00f4r til h\u00f8ner og kyllinger.<br \/>\nMaisgrits er knuste maiskorn som er bearbeidet til mindre biter.<br \/>\nDenne formen for mais er lettere \u00e5 spise og ford\u00f8ye for h\u00f8ner.<br \/>\nMaisgrynet er rikt p\u00e5 karbohydrater, men ogs\u00e5 p\u00e5 protein og fiber, og gir h\u00f8nene den energien de trenger for \u00e5 holde seg aktive og verpe regelmessig.<\/p>\n","protected":false},"featured_media":13562,"comment_status":"closed","ping_status":"closed","template":"","meta":{"_acf_changed":false},"product_brand":[],"product_cat":[138,124,582],"product_tag":[],"class_list":{"0":"post-9436","1":"product","2":"type-product","3":"status-publish","4":"has-post-thumbnail","6":"product_cat-for-og-mat-til-kyllinger","7":"product_cat-fuglemat","8":"product_cat-viltfor","9":"product_group-25kg-sack","11":"first","12":"instock","13":"taxable","14":"shipping-taxable","15":"purchasable","16":"product-type-simple"},"bundled_by":[],"bundle_stock_status":"instock","bundle_stock_quantity":18,"bundle_virtual":false,"bundle_layout":"","bundle_add_to_cart_form_location":"","bundle_editable_in_cart":false,"bundle_sold_individually_context":"","bundle_item_grouping":"","bundle_min_size":"","bundle_max_size":"","bundle_price":[],"bundled_items":[],"bundle_sell_ids":[],"acf":[],"_links":{"self":[{"href":"https:\/\/pippifoder.se\/no\/wp-json\/wp\/v2\/product\/9436","targetHints":{"allow":["GET"]}}],"collection":[{"href":"https:\/\/pippifoder.se\/no\/wp-json\/wp\/v2\/product"}],"about":[{"href":"https:\/\/pippifoder.se\/no\/wp-json\/wp\/v2\/types\/product"}],"replies":[{"embeddable":true,"href":"https:\/\/pippifoder.se\/no\/wp-json\/wp\/v2\/comments?post=9436"}],"wp:featuredmedia":[{"embeddable":true,"href":"https:\/\/pippifoder.se\/no\/wp-json\/wp\/v2\/media\/13562"}],"wp:attachment":[{"href":"https:\/\/pippifoder.se\/no\/wp-json\/wp\/v2\/media?parent=9436"}],"wp:term":[{"taxonomy":"product_brand","embeddable":true,"href":"https:\/\/pippifoder.se\/no\/wp-json\/wp\/v2\/product_brand?post=9436"},{"taxonomy":"product_cat","embeddable":true,"href":"https:\/\/pippifoder.se\/no\/wp-json\/wp\/v2\/product_cat?post=9436"},{"taxonomy":"product_tag","embeddable":true,"href":"https:\/\/pippifoder.se\/no\/wp-json\/wp\/v2\/product_tag?post=9436"}],"curies":[{"name":"wp","href":"https:\/\/api.w.org\/{rel}","templated":true}]}}