{"id":9424,"date":"2024-02-13T18:51:19","date_gmt":"2024-02-13T18:51:19","guid":{"rendered":"https:\/\/pippifoder.se\/ukategorisert\/birdie-talgballmaskin-svart\/"},"modified":"2026-04-15T12:57:55","modified_gmt":"2026-04-15T10:57:55","slug":"birdie-fuglemater-meiseboller-svart","status":"publish","type":"product","link":"https:\/\/pippifoder.se\/no\/produkt\/fuglemater-og-fuglebrett\/fuglebord\/birdie-fuglemater-meiseboller-svart\/","title":{"rendered":"Birdie talgballmaskin &#8211; Svart"},"content":{"rendered":"<h2>Produktspesifikasjon &#8211; Birdie talgballdispenser &#8211; Svart<\/h2>\n<p><strong>Materiale: <\/strong>100 % resirkulert polypropylen (PP)<br \/>\n<strong>Ytre m\u00e5l<\/strong>: 18 X 18 X 27,5 cm<br \/>\n<strong>Farge<\/strong>: Svart<\/p>\n","protected":false},"excerpt":{"rendered":"<p>Birdie talgbolledispenser er en talgbolledispenser som er enkel \u00e5 fylle p\u00e5 og rengj\u00f8re. Talgbolledispenseren har plass til 5 talgballer. Talgballdispenseren kan monteres p\u00e5 en pinne eller henges p\u00e5 en krok eller snor i et tre. Talgballdispenseren er laget av resirkulert plast.   <\/p>\n","protected":false},"featured_media":13330,"comment_status":"open","ping_status":"closed","template":"","meta":{"_acf_changed":false},"product_brand":[],"product_cat":[156,158,707,155],"product_tag":[],"class_list":{"0":"post-9424","1":"product","2":"type-product","3":"status-publish","4":"has-post-thumbnail","6":"product_cat-fuglebord","7":"product_cat-fuglemater-for-fuglefro","8":"product_cat-fuglemater-for-talgballer","9":"product_cat-fuglemater-og-fuglebrett","10":"product_shipping_class-sverige-no","12":"first","13":"instock","14":"taxable","15":"shipping-taxable","16":"purchasable","17":"product-type-simple"},"bundled_by":[],"bundle_stock_status":"instock","bundle_stock_quantity":35,"bundle_virtual":false,"bundle_layout":"","bundle_add_to_cart_form_location":"","bundle_editable_in_cart":false,"bundle_sold_individually_context":"","bundle_item_grouping":"","bundle_min_size":"","bundle_max_size":"","bundle_price":[],"bundled_items":[],"bundle_sell_ids":[],"acf":[],"_links":{"self":[{"href":"https:\/\/pippifoder.se\/no\/wp-json\/wp\/v2\/product\/9424","targetHints":{"allow":["GET"]}}],"collection":[{"href":"https:\/\/pippifoder.se\/no\/wp-json\/wp\/v2\/product"}],"about":[{"href":"https:\/\/pippifoder.se\/no\/wp-json\/wp\/v2\/types\/product"}],"replies":[{"embeddable":true,"href":"https:\/\/pippifoder.se\/no\/wp-json\/wp\/v2\/comments?post=9424"}],"wp:featuredmedia":[{"embeddable":true,"href":"https:\/\/pippifoder.se\/no\/wp-json\/wp\/v2\/media\/13330"}],"wp:attachment":[{"href":"https:\/\/pippifoder.se\/no\/wp-json\/wp\/v2\/media?parent=9424"}],"wp:term":[{"taxonomy":"product_brand","embeddable":true,"href":"https:\/\/pippifoder.se\/no\/wp-json\/wp\/v2\/product_brand?post=9424"},{"taxonomy":"product_cat","embeddable":true,"href":"https:\/\/pippifoder.se\/no\/wp-json\/wp\/v2\/product_cat?post=9424"},{"taxonomy":"product_tag","embeddable":true,"href":"https:\/\/pippifoder.se\/no\/wp-json\/wp\/v2\/product_tag?post=9424"}],"curies":[{"name":"wp","href":"https:\/\/api.w.org\/{rel}","templated":true}]}}