{"id":9405,"date":"2023-09-20T11:33:22","date_gmt":"2023-09-20T11:33:22","guid":{"rendered":"https:\/\/pippifoder.se\/ukategorisert\/fuglemat-vare-mest-populaere-produkter\/"},"modified":"2025-07-17T19:02:37","modified_gmt":"2025-07-17T19:02:37","slug":"fuglemat-vare-mest-populaere-produkter","status":"publish","type":"product","link":"https:\/\/pippifoder.se\/no\/produkt\/fuglemat\/fuglemat-vare-mest-populaere-produkter\/","title":{"rendered":"Fuglemat &#8211; V\u00e5re mest popul\u00e6re produkter"},"content":{"rendered":"<p>Kj\u00f8p de vanligste produktene til fugleforing p\u00e5 samme side til markedets laveste priser. Vi har samlet avskallede solsikkefr\u00f8 og pean\u00f8tter i fornuftig emballasje, god kvalitet og laveste pris, kan det bli bedre? \ud83d\ude42 <strong>Gratis frakt ved kj\u00f8p over 1 500kr.<\/strong>  <\/p>\n<h2>Hvorfor avskallede solsikkefr\u00f8?<\/h2>\n<p>Vi har valgt \u00e5 ta med avskallede solsikkefr\u00f8 hjem av flere grunner:<\/p>\n<ul>\n<li>En pose med avskallede solsikkefr\u00f8 inneholder dobbelt s\u00e5 mye fr\u00f8 som en pose med skall, og skallene utgj\u00f8r nesten 50 % av vekten!<\/li>\n<li>Vi bruker halvparten s\u00e5 mye emballasje n\u00e5r vi ikke trenger \u00e5 transportere skallet<\/li>\n<li>Billigere frakt fordi vi ikke sender s\u00f8ppel (skjell)<\/li>\n<li>Avskallede solsikkefr\u00f8 tar bare halvparten s\u00e5 mye plass for \u00e5 lagre samme mengde mat<\/li>\n<li>Du og naboene dine slipper \u00e5 forholde dere til en masse solsikkeavfall<\/li>\n<li>Flere fugler kan lettere spise avskallede solsikkefr\u00f8, men ikke alle er utstyrt med et ekte skallknakknebb<\/li>\n<\/ul>\n<h2 class=\"wp-block-heading\">Prissammenligning avskallede solsikkefr\u00f8<\/h2>\n<p>For \u00e5 kunne sammenligne s\u00e5 rettferdig som mulig har vi brukt en pakke p\u00e5 10-25 kg, som er den vanligste st\u00f8rrelsen p\u00e5 solsikkefr\u00f8 som kj\u00f8pes. Vi har beregnet prisen per kg og har ikke tatt hensyn til eventuell frakt, ettersom de fleste (inkludert oss p\u00e5 Pippifoder) har gratis frakt for relativt sm\u00e5 bestillinger. <\/p>\n<figure class=\"wp-block-table\">\n<table>\n<tbody>\n<tr>\n<td><strong>Leverand\u00f8r<\/strong><\/td>\n<td><strong>Produkt<\/strong><\/td>\n<td><strong>Pris\/kg<\/strong><\/td>\n<\/tr>\n<tr>\n<td>Pippi f\u00f4r<\/td>\n<td><a href=\"https:\/\/pippifoder.se\/no\/produkt\/fagelmat\/solrosfron\/avskallede-solsikkefro-15-kg\/\" data-type=\"link\" data-id=\"https:\/\/pippifoder.se\/skalade-solrosfron-15kg\/\">Avskallede solsikkefr\u00f8 15 kg<\/a><\/td>\n<td><strong>27,93 kr<\/strong><\/td>\n<\/tr>\n<tr>\n<td>Biltema<\/td>\n<td>Avskallede solsikkefr\u00f8 10 kg<\/td>\n<td>38,90 kr<\/td>\n<\/tr>\n<tr>\n<td>Sl\u00e5maskinmann<\/td>\n<td>Avskallede solsikkefr\u00f8 25 kg<\/td>\n<td>47,96 kr<\/td>\n<\/tr>\n<tr>\n<td>Nabolagets g\u00e5rd<\/td>\n<td>Avskallede solsikkefr\u00f8 10 kg<\/td>\n<td>56,90 kr<\/td>\n<\/tr>\n<\/tbody>\n<\/table><figcaption class=\"wp-element-caption\"><\/figcaption><\/figure>\n<p><strong>Konklusjon: Pippifoder har de billigste avskallede solsikkefr\u00f8ene p\u00e5 markedet!<\/strong><\/p>\n<h2 class=\"wp-block-heading\">Prissammenligning avskallede pean\u00f8tter<\/h2>\n<p>For \u00e5 gj\u00f8re sammenligningen s\u00e5 rettferdig som mulig har vi brukt en pakke p\u00e5 10 kg, som er den vanligste st\u00f8rrelsen p\u00e5 pean\u00f8tter \u00e5 kj\u00f8pe. Vi har beregnet prisen per kg og har ikke tatt hensyn til eventuelle fraktkostnader, ettersom de fleste (inkludert oss p\u00e5 Pippifoder) har gratis frakt for relativt sm\u00e5 bestillinger. <\/p>\n<figure class=\"wp-block-table\">\n<table>\n<tbody>\n<tr>\n<td><strong>Leverand\u00f8r<\/strong><\/td>\n<td><strong>Produkt<\/strong><\/td>\n<td><strong>Pris\/kg<\/strong><\/td>\n<\/tr>\n<tr>\n<td>Pippi mat<\/td>\n<td><a href=\"https:\/\/pippifoder.se\/skalade-jordnotter-10kg\/\" data-type=\"link\" data-id=\"https:\/\/pippifoder.se\/skalade-solrosfron-15kg\/\">Avskallede pean\u00f8tter 10 kg<\/a><\/td>\n<td><strong>39,90 kr<\/strong><\/td>\n<\/tr>\n<tr>\n<td>Biltema<\/td>\n<td>Avskallede pean\u00f8tter 10 kg<\/td>\n<td>43,90 kr<\/td>\n<\/tr>\n<tr>\n<td>G\u00e5rd i nabolaget<\/td>\n<td>Avskallede pean\u00f8tter 10 kg<\/td>\n<td>49,90 kr<\/td>\n<\/tr>\n<tr>\n<td>H\u00f8ymakeren<\/td>\n<td>Avskallede pean\u00f8tter 10 kg<\/td>\n<td>64,76 kr<\/td>\n<\/tr>\n<\/tbody>\n<\/table><figcaption class=\"wp-element-caption\"><\/figcaption><\/figure>\n<p><strong>Konklusjon: Pippifoder har de billigste avskallede pean\u00f8ttene p\u00e5 markedet!<\/strong><\/p>\n","protected":false},"excerpt":{"rendered":"<p>Her har vi samlet v\u00e5re mest popul\u00e6re produkter til fugleforing, <a href=\"https:\/\/pippifoder.se\/no\/solsikkefro-til-fugler\/\">solsikkefr\u00f8<\/a>, <a href=\"https:\/\/pippifoder.se\/no\/peanotter\/\">pean\u00f8tter<\/a>, <a href=\"https:\/\/pippifoder.se\/no\/meiseboller-til-smafugler\/\">talgballer<\/a> og <a href=\"https:\/\/pippifoder.se\/no\/produkt\/fuglemat\/villfuglblanding\/villfuglmiks-uten-skall-15kg-mengde\/\">villfuglmiks<\/a>.<\/p>\n","protected":false},"featured_media":7611,"comment_status":"closed","ping_status":"closed","template":"","meta":{"_acf_changed":false},"product_brand":[],"product_cat":[124,125,136,139,141,140,154],"product_tag":[],"class_list":{"0":"post-9405","1":"product","2":"type-product","3":"status-publish","4":"has-post-thumbnail","6":"product_cat-fuglemat","7":"product_cat-fro-og-mat-til-ville-fugler","8":"product_cat-fuglefro-no","9":"product_cat-peanotter","10":"product_cat-solsikkefro-no","11":"product_cat-solsikkefro-til-fugler","12":"product_cat-villfuglblanding","14":"first","15":"instock","16":"taxable","17":"shipping-taxable","18":"product-type-grouped"},"bundled_by":[],"bundle_stock_status":"instock","bundle_stock_quantity":null,"bundle_virtual":false,"bundle_layout":"","bundle_add_to_cart_form_location":"","bundle_editable_in_cart":false,"bundle_sold_individually_context":"","bundle_item_grouping":"","bundle_min_size":"","bundle_max_size":"","bundle_price":[],"bundled_items":[],"bundle_sell_ids":[],"acf":[],"_links":{"self":[{"href":"https:\/\/pippifoder.se\/no\/wp-json\/wp\/v2\/product\/9405","targetHints":{"allow":["GET"]}}],"collection":[{"href":"https:\/\/pippifoder.se\/no\/wp-json\/wp\/v2\/product"}],"about":[{"href":"https:\/\/pippifoder.se\/no\/wp-json\/wp\/v2\/types\/product"}],"replies":[{"embeddable":true,"href":"https:\/\/pippifoder.se\/no\/wp-json\/wp\/v2\/comments?post=9405"}],"wp:featuredmedia":[{"embeddable":true,"href":"https:\/\/pippifoder.se\/no\/wp-json\/wp\/v2\/media\/7611"}],"wp:attachment":[{"href":"https:\/\/pippifoder.se\/no\/wp-json\/wp\/v2\/media?parent=9405"}],"wp:term":[{"taxonomy":"product_brand","embeddable":true,"href":"https:\/\/pippifoder.se\/no\/wp-json\/wp\/v2\/product_brand?post=9405"},{"taxonomy":"product_cat","embeddable":true,"href":"https:\/\/pippifoder.se\/no\/wp-json\/wp\/v2\/product_cat?post=9405"},{"taxonomy":"product_tag","embeddable":true,"href":"https:\/\/pippifoder.se\/no\/wp-json\/wp\/v2\/product_tag?post=9405"}],"curies":[{"name":"wp","href":"https:\/\/api.w.org\/{rel}","templated":true}]}}