{"id":9374,"date":"2024-04-16T05:06:07","date_gmt":"2024-04-16T03:06:07","guid":{"rendered":"https:\/\/pippifoder.se\/ukategorisert\/fuglehus-i-tre-35-mm\/"},"modified":"2026-04-15T13:01:26","modified_gmt":"2026-04-15T11:01:26","slug":"fuglekasse-i-tre-35-mm","status":"publish","type":"product","link":"https:\/\/pippifoder.se\/no\/produkt\/fuglekasse\/fuglekasse-i-tre-35-mm\/","title":{"rendered":"Fuglehus i tre, 35 mm"},"content":{"rendered":"","protected":false},"excerpt":{"rendered":"<p>En fuglekasse som passer til en rekke hullrugende sm\u00e5fugler, inngangen er \u00d835 mm. Redekassen kan enkelt rengj\u00f8res ved \u00e5 l\u00f8sne en skrue p\u00e5 siden. Uh\u00f8vlet treverk slik at de voksne fuglene og ungene lett kan klatre opp uten \u00e5 skli. Passer til blant annet spettmeis, gr\u00e5spurv, gr\u00e5sisik og steinskvett.   <\/p>\n","protected":false},"featured_media":7368,"comment_status":"closed","ping_status":"closed","template":"","meta":{"_acf_changed":false},"product_brand":[],"product_cat":[134,572],"product_tag":[],"class_list":{"0":"post-9374","1":"product","2":"type-product","3":"status-publish","4":"has-post-thumbnail","6":"product_cat-fuglekasse","7":"product_cat-julegaveideer-til-fugleelskere-i-2025","9":"first","10":"instock","11":"taxable","12":"shipping-taxable","13":"purchasable","14":"product-type-simple"},"bundled_by":[],"bundle_stock_status":"instock","bundle_stock_quantity":18,"bundle_virtual":false,"bundle_layout":"","bundle_add_to_cart_form_location":"","bundle_editable_in_cart":false,"bundle_sold_individually_context":"","bundle_item_grouping":"","bundle_min_size":"","bundle_max_size":"","bundle_price":[],"bundled_items":[],"bundle_sell_ids":[],"acf":[],"_links":{"self":[{"href":"https:\/\/pippifoder.se\/no\/wp-json\/wp\/v2\/product\/9374","targetHints":{"allow":["GET"]}}],"collection":[{"href":"https:\/\/pippifoder.se\/no\/wp-json\/wp\/v2\/product"}],"about":[{"href":"https:\/\/pippifoder.se\/no\/wp-json\/wp\/v2\/types\/product"}],"replies":[{"embeddable":true,"href":"https:\/\/pippifoder.se\/no\/wp-json\/wp\/v2\/comments?post=9374"}],"wp:featuredmedia":[{"embeddable":true,"href":"https:\/\/pippifoder.se\/no\/wp-json\/wp\/v2\/media\/7368"}],"wp:attachment":[{"href":"https:\/\/pippifoder.se\/no\/wp-json\/wp\/v2\/media?parent=9374"}],"wp:term":[{"taxonomy":"product_brand","embeddable":true,"href":"https:\/\/pippifoder.se\/no\/wp-json\/wp\/v2\/product_brand?post=9374"},{"taxonomy":"product_cat","embeddable":true,"href":"https:\/\/pippifoder.se\/no\/wp-json\/wp\/v2\/product_cat?post=9374"},{"taxonomy":"product_tag","embeddable":true,"href":"https:\/\/pippifoder.se\/no\/wp-json\/wp\/v2\/product_tag?post=9374"}],"curies":[{"name":"wp","href":"https:\/\/api.w.org\/{rel}","templated":true}]}}