{"id":9371,"date":"2024-07-05T18:23:25","date_gmt":"2024-07-05T18:23:25","guid":{"rendered":"https:\/\/pippifoder.se\/ukategorisert\/talgkuler-uten-nett-i-pappeske-100-stk\/"},"modified":"2025-01-27T14:06:57","modified_gmt":"2025-01-27T14:06:57","slug":"talgkuler-uten-nett-i-pappeske-100-stk","status":"publish","type":"product","link":"https:\/\/pippifoder.se\/no\/produkt\/fuglemat\/meiseboller-til-smafugler\/talgkuler-uten-nett-i-pappeske-100-stk\/","title":{"rendered":"Talgkuler uten nett i pappeske (100 stk)"},"content":{"rendered":"<p>De fleste sm\u00e5fugler setter pris p\u00e5 talgboller, s\u00e6rlig bl\u00e5meis, kj\u00f8ttmeis, gr\u00f8nnfink, svarttrost, steinskvett, gr\u00e5spurv, svartmeis og hakkespett. Fettrik talg og et h\u00f8yt innhold av fr\u00f8 gir sm\u00e5fuglene gode forutsetninger for \u00e5 overleve vinteren.<br \/>\nStadig flere fugler blir v\u00e6rende over v\u00e5re &laquo;varme vintre&raquo;, og for dem er de ofte raske vekslingene mellom varme, kulde og sn\u00f8 en vanskelig f\u00f4ringssituasjon. Talgbollene er uten nett!  <\/p>\n<p>&nbsp;<\/p>\n","protected":false},"excerpt":{"rendered":"<p>Talgkuler uten nett i pappeske.<br \/>\n100 talgballer per b\u00f8tte \u00e0 80 g.<br \/>\nTalgkuler er en viktig n\u00e6ringskilde for sm\u00e5fugler.<br \/>\nTalgbollene er popul\u00e6re hos blant annet bl\u00e5meis, stjertand, gr\u00f8nnfink, spettmeis, spettmeis, pilfink, gr\u00e5spurv, svartmeis og hakkespett.   <\/p>\n","protected":false},"featured_media":13248,"comment_status":"closed","ping_status":"closed","template":"","meta":{"_acf_changed":false},"product_brand":[],"product_cat":[151,125,124],"product_tag":[],"class_list":{"0":"post-9371","1":"product","2":"type-product","3":"status-publish","4":"has-post-thumbnail","6":"product_cat-meiseboller-til-smafugler","7":"product_cat-fro-og-mat-til-ville-fugler","8":"product_cat-fuglemat","10":"first","11":"outofstock","12":"taxable","13":"shipping-taxable","14":"purchasable","15":"product-type-simple"},"bundled_by":[],"bundle_stock_status":"outofstock","bundle_stock_quantity":0,"bundle_virtual":false,"bundle_layout":"","bundle_add_to_cart_form_location":"","bundle_editable_in_cart":false,"bundle_sold_individually_context":"","bundle_item_grouping":"","bundle_min_size":"","bundle_max_size":"","bundle_price":[],"bundled_items":[],"bundle_sell_ids":[],"acf":[],"_links":{"self":[{"href":"https:\/\/pippifoder.se\/no\/wp-json\/wp\/v2\/product\/9371","targetHints":{"allow":["GET"]}}],"collection":[{"href":"https:\/\/pippifoder.se\/no\/wp-json\/wp\/v2\/product"}],"about":[{"href":"https:\/\/pippifoder.se\/no\/wp-json\/wp\/v2\/types\/product"}],"replies":[{"embeddable":true,"href":"https:\/\/pippifoder.se\/no\/wp-json\/wp\/v2\/comments?post=9371"}],"wp:featuredmedia":[{"embeddable":true,"href":"https:\/\/pippifoder.se\/no\/wp-json\/wp\/v2\/media\/13248"}],"wp:attachment":[{"href":"https:\/\/pippifoder.se\/no\/wp-json\/wp\/v2\/media?parent=9371"}],"wp:term":[{"taxonomy":"product_brand","embeddable":true,"href":"https:\/\/pippifoder.se\/no\/wp-json\/wp\/v2\/product_brand?post=9371"},{"taxonomy":"product_cat","embeddable":true,"href":"https:\/\/pippifoder.se\/no\/wp-json\/wp\/v2\/product_cat?post=9371"},{"taxonomy":"product_tag","embeddable":true,"href":"https:\/\/pippifoder.se\/no\/wp-json\/wp\/v2\/product_tag?post=9371"}],"curies":[{"name":"wp","href":"https:\/\/api.w.org\/{rel}","templated":true}]}}