{"id":9366,"date":"2024-04-16T05:18:16","date_gmt":"2024-04-16T05:18:16","guid":{"rendered":"https:\/\/pippifoder.se\/ukategorisert\/fuglebur-hvit-32-mm\/"},"modified":"2024-11-27T19:12:37","modified_gmt":"2024-11-27T19:12:37","slug":"fuglekasse-hvit-32-mm","status":"publish","type":"product","link":"https:\/\/pippifoder.se\/no\/produkt\/fuglekasse\/fuglekasse-hvit-32-mm\/","title":{"rendered":"Fuglekasse hvit 32 mm"},"content":{"rendered":"","protected":false},"excerpt":{"rendered":"<p class=\"short-description\">Stilig, fin fuglekasse i tre med fuglesikring i metall ved inngangen for beskyttelse mot hakkespetter.<br \/>\nDen er ogs\u00e5 riflet p\u00e5 innsiden, noe som gj\u00f8r det enkelt for ungene \u00e5 komme seg ut.<br \/>\nInngangshull 32 mm.<\/p>\n<p>&#8211; Fuglekasse tilpasset for eksempel <a href=\"https:\/\/pippifoder.se\/faglar\/blames-cyanistes-caeruleus\/\">bl\u00e5meis<\/a>, <a href=\"https:\/\/pippifoder.se\/faglar\/entita-poecile-palustris\/\">stjertmeis<\/a> <a href=\"https:\/\/pippifoder.se\/faglar\/tofsmes-lophophanes-cristatus\/\">, spettmeis<\/a> og svarthvit fluesnapper.<br \/>\nHer b\u00f8r hullet v\u00e6re ca. 30-35 mm hull.<br \/>\n&#8211; N\u00e6rmere 30 mm foretrekkes av <a href=\"https:\/\/pippifoder.se\/faglar\/blames-cyanistes-caeruleus\/\">bl\u00e5meis<\/a>, <a href=\"https:\/\/pippifoder.se\/faglar\/svartmes-periparus-ater\/\">svartmeis<\/a> og <a href=\"https:\/\/pippifoder.se\/faglar\/talltita-poecile-montanus\/\">kj\u00f8ttmeis<\/a>, litt st\u00f8rre hull for <a href=\"https:\/\/pippifoder.se\/faglar\/talgoxe-parus-major\/\">kj\u00f8ttmeis<\/a> og svarthvit fluesnapper.<\/p>\n","protected":false},"featured_media":7374,"comment_status":"open","ping_status":"closed","template":"","meta":{"_acf_changed":false},"product_brand":[],"product_cat":[134],"product_tag":[],"class_list":{"0":"post-9366","1":"product","2":"type-product","3":"status-publish","4":"has-post-thumbnail","6":"product_cat-fuglekasse","7":"product_group-traholk-bord","9":"first","10":"outofstock","11":"taxable","12":"shipping-taxable","13":"purchasable","14":"product-type-simple"},"bundled_by":[],"bundle_stock_status":"outofstock","bundle_stock_quantity":0,"bundle_virtual":false,"bundle_layout":"","bundle_add_to_cart_form_location":"","bundle_editable_in_cart":false,"bundle_sold_individually_context":"","bundle_item_grouping":"","bundle_min_size":"","bundle_max_size":"","bundle_price":[],"bundled_items":[],"bundle_sell_ids":[],"acf":[],"_links":{"self":[{"href":"https:\/\/pippifoder.se\/no\/wp-json\/wp\/v2\/product\/9366","targetHints":{"allow":["GET"]}}],"collection":[{"href":"https:\/\/pippifoder.se\/no\/wp-json\/wp\/v2\/product"}],"about":[{"href":"https:\/\/pippifoder.se\/no\/wp-json\/wp\/v2\/types\/product"}],"replies":[{"embeddable":true,"href":"https:\/\/pippifoder.se\/no\/wp-json\/wp\/v2\/comments?post=9366"}],"wp:featuredmedia":[{"embeddable":true,"href":"https:\/\/pippifoder.se\/no\/wp-json\/wp\/v2\/media\/7374"}],"wp:attachment":[{"href":"https:\/\/pippifoder.se\/no\/wp-json\/wp\/v2\/media?parent=9366"}],"wp:term":[{"taxonomy":"product_brand","embeddable":true,"href":"https:\/\/pippifoder.se\/no\/wp-json\/wp\/v2\/product_brand?post=9366"},{"taxonomy":"product_cat","embeddable":true,"href":"https:\/\/pippifoder.se\/no\/wp-json\/wp\/v2\/product_cat?post=9366"},{"taxonomy":"product_tag","embeddable":true,"href":"https:\/\/pippifoder.se\/no\/wp-json\/wp\/v2\/product_tag?post=9366"}],"curies":[{"name":"wp","href":"https:\/\/api.w.org\/{rel}","templated":true}]}}