{"id":9363,"date":"2024-06-07T09:40:29","date_gmt":"2024-06-07T07:40:29","guid":{"rendered":"https:\/\/pippifoder.se\/ukategorisert\/leo-wolf-tallow-seed-bar-energy-600-g\/"},"modified":"2026-05-06T06:27:16","modified_gmt":"2026-05-06T04:27:16","slug":"leo-wolf-tallow-seed-bar-energy-600-g","status":"publish","type":"product","link":"https:\/\/pippifoder.se\/no\/produkt\/fuglemat\/talgfrobar-no\/leo-wolf-tallow-seed-bar-energy-600-g\/","title":{"rendered":"Leo &amp; Wolf Tallow Seed Bar &#8211; Energy 600 g"},"content":{"rendered":"<p>Gi villfuglene dine den ekstra energien de trenger om vinteren med <strong>h\u00f8yenergifr\u00f8barer med talg<\/strong>. Disse fr\u00f8kakene er spesielt utviklet for \u00e5 gi maksimal energi og n\u00e6ring, samtidig som de er trygge og enkle \u00e5 bruke. <\/p>\n<h2>Hvorfor b\u00f8r jeg velge Tallow Seed Energy?<\/h2>\n<ul>\n<li><strong>Eksepsjonelt h\u00f8yt fettinnhold<\/strong><br \/>\nDisse talgfr\u00f8barrene best\u00e5r av hele 75 % fett, hvorav 71,5 % er talg av h\u00f8y kvalitet. Dette gir en langvarig n\u00e6ringskilde med h\u00f8yt energiinnhold som er avgj\u00f8rende for fuglenes overlevelse gjennom vinteren. <\/li>\n<li><strong>Enest\u00e5ende energiverdi<\/strong><br \/>\nMed et energiinnhold p\u00e5 739 kcal per 100 gram gir fr\u00f8kakene den n\u00f8dvendige energiboosten som fuglene trenger for \u00e5 holde seg varme og aktive, noe som gj\u00f8r dem til et av de mest n\u00e6ringsrike alternativene p\u00e5 markedet.<\/li>\n<li><strong>Sikker og<\/strong><strong>innovativ emballasje<\/strong><br \/>\nFr\u00f8kakene er pakket uten netting for \u00e5 sikre at fuglene ikke blir fanget. Dette gj\u00f8r dem b\u00e5de trygge \u00e5 bruke og sk\u00e5nsomme for milj\u00f8et. <\/li>\n<li><strong>Varmebehandlet for sikkerhet<\/strong><br \/>\nTalgfr\u00f8ene er varmebehandlet for \u00e5 eliminere potensielt farlige bakterier og forurensninger. Dette sikrer en ren og trygg matkilde for fuglene. <\/li>\n<li><strong>Naturlige ingredienser<\/strong><br \/>\n100 % fri for smaks- og fargestoffer, disse talgfr\u00f8barrene er laget av rene og naturlige ingredienser, noe som sikrer at fuglene f\u00e5r et naturlig og sunt kosthold.<\/li>\n<li><strong>Finske r\u00e5varer<\/strong><br \/>\nTallow Seed Bars er laget av n\u00f8ye utvalgte r\u00e5varer fra Finland, kjent for sin h\u00f8ye kvalitet, noe som gir b\u00e5de deg og fuglene dine et produkt du kan stole p\u00e5.<\/li>\n<li>Lett \u00e5 <strong>henge<\/strong> opp<br \/>\nDisse talgfr\u00f8stengene er designet for \u00e5 v\u00e6re enkle \u00e5 bruke, og er utstyrt med praktiske hull som gj\u00f8r dem enkle \u00e5 henge opp i tr\u00e6r, busker eller fuglematere.<\/li>\n<li><strong>Utviklet med fuglenes beste i tankene<\/strong><br \/>\nAlle aspekter ved talgfr\u00f8baren, fra ingredienser til emballasje, er utformet for \u00e5 fremme fuglenes helse og sikkerhet.<\/li>\n<\/ul>\n<h2>Fordeler for dine ville fugler<\/h2>\n<ul>\n<li><strong>Maksimerer energitilf\u00f8rselen<\/strong><br \/>\nDet h\u00f8ye fettinnholdet og den rike n\u00e6ringsprofilen gj\u00f8r fr\u00f8kakene ideelle for \u00e5 hjelpe fuglene med \u00e5 bygge opp viktige fettreserver.<\/li>\n<li><strong>Allsidig fugletiltrekning<\/strong><br \/>\nDen unike blandingen av fettrik talg og fr\u00f8 tiltrekker seg et bredt spekter av fuglearter, og gj\u00f8r hagen din til et levende og variert fugleparadis.<\/li>\n<li><strong>Sunn og naturlig diett<\/strong><br \/>\nMed 100 % naturlige ingredienser og ingen tilsetningsstoffer f\u00e5r fuglene et produkt som st\u00f8tter deres naturlige helse og velv\u00e6re.<\/li>\n<\/ul>\n","protected":false},"excerpt":{"rendered":"<p>Sv\u00e6rt energirik talgfr\u00f8bar for ville fugler. En ny, innovativ og forbedret konkurrent til talgballer! <\/p>\n","protected":false},"featured_media":7437,"comment_status":"open","ping_status":"closed","template":"","meta":{"_acf_changed":false},"product_brand":[],"product_cat":[152,135,124,153],"product_tag":[],"class_list":{"0":"post-9363","1":"product","2":"type-product","3":"status-publish","4":"has-post-thumbnail","6":"product_cat-talgfrobar-no","7":"product_cat-fettfroblanding","8":"product_cat-fuglemat","9":"product_cat-talgpolse","11":"first","12":"outofstock","13":"sale","14":"taxable","15":"shipping-taxable","16":"purchasable","17":"product-type-variable","18":"has-default-attributes"},"bundled_by":["30023"],"bundle_stock_status":"outofstock","bundle_stock_quantity":-3,"bundle_virtual":false,"bundle_layout":"","bundle_add_to_cart_form_location":"","bundle_editable_in_cart":false,"bundle_sold_individually_context":"","bundle_item_grouping":"","bundle_min_size":"","bundle_max_size":"","bundle_price":[],"bundled_items":[],"bundle_sell_ids":[],"acf":[],"_links":{"self":[{"href":"https:\/\/pippifoder.se\/no\/wp-json\/wp\/v2\/product\/9363","targetHints":{"allow":["GET"]}}],"collection":[{"href":"https:\/\/pippifoder.se\/no\/wp-json\/wp\/v2\/product"}],"about":[{"href":"https:\/\/pippifoder.se\/no\/wp-json\/wp\/v2\/types\/product"}],"replies":[{"embeddable":true,"href":"https:\/\/pippifoder.se\/no\/wp-json\/wp\/v2\/comments?post=9363"}],"wp:featuredmedia":[{"embeddable":true,"href":"https:\/\/pippifoder.se\/no\/wp-json\/wp\/v2\/media\/7437"}],"wp:attachment":[{"href":"https:\/\/pippifoder.se\/no\/wp-json\/wp\/v2\/media?parent=9363"}],"wp:term":[{"taxonomy":"product_brand","embeddable":true,"href":"https:\/\/pippifoder.se\/no\/wp-json\/wp\/v2\/product_brand?post=9363"},{"taxonomy":"product_cat","embeddable":true,"href":"https:\/\/pippifoder.se\/no\/wp-json\/wp\/v2\/product_cat?post=9363"},{"taxonomy":"product_tag","embeddable":true,"href":"https:\/\/pippifoder.se\/no\/wp-json\/wp\/v2\/product_tag?post=9363"}],"curies":[{"name":"wp","href":"https:\/\/api.w.org\/{rel}","templated":true}]}}