{"id":9337,"date":"2024-02-01T06:55:09","date_gmt":"2024-02-01T06:55:09","guid":{"rendered":"https:\/\/pippifoder.se\/ukategorisert\/wildlife-garden-en-and-med-flaskekork\/"},"modified":"2024-02-01T06:55:09","modified_gmt":"2024-02-01T06:55:09","slug":"wildlife-garden-en-and-med-flaskekork","status":"publish","type":"product","link":"https:\/\/pippifoder.se\/no\/produkt\/tilbehor-no\/wildlife-garden-en-and-med-flaskekork\/","title":{"rendered":"Wildlife Garden &#8211; En and med flaskekork"},"content":{"rendered":"<h2>Flaskehette med h\u00e5ndsk\u00e5ret and<\/h2>\n<p>  Denne flaskekorken blir en fin detalj p\u00e5 borddekkingen og holder drikken frisk lenger.<br \/>\nKorken har en form og st\u00f8rrelse som gj\u00f8r at den passer til de fleste typer flasker.<br \/>\nBruk den til \u00e5 forsegle flasker med brus, juice, vann eller hvorfor ikke olje eller eddik?<br \/>\nDen s\u00f8te anda blir et samtaleemne, en detalj som vekker nysgjerrighet og begeistring rundt middagsbordet.<br \/>\nAndekorken er ogs\u00e5 en flott gave.<br \/>\nSom gave er den det perfekte lille ekstra sammen med god drikke, og formen p\u00e5 emballasjen gj\u00f8r den enkel \u00e5 henge p\u00e5 flasken.<br \/>\nDen er ogs\u00e5 en fin gave i seg selv, som en morsom interi\u00f8rdekorasjon.<br \/>\nAnden er h\u00e5ndsk\u00e5ret og malt i milj\u00f8vennlige farger.<br \/>\nRengj\u00f8r flaskelokket med en fuktig klut.<br \/>\nB\u00f8r ikke kj\u00f8res i oppvaskmaskinen.         <\/p>\n","protected":false},"excerpt":{"rendered":"<p>Denne flaskekorken blir en fin detalj p\u00e5 borddekkingen og holder drikken frisk lenger.<br \/>\nKorken har en form og st\u00f8rrelse som gj\u00f8r at den passer til de fleste typer flasker.<br \/>\nBruk den til \u00e5 forsegle flasker med brus, juice, vann eller hvorfor ikke olje eller eddik?<br \/>\nDen s\u00f8te anda blir et samtaleemne, en detalj som vekker nysgjerrighet og takknemlighet rundt middagsbordet.   <\/p>\n","protected":false},"featured_media":7077,"comment_status":"open","ping_status":"closed","template":"","meta":{"_acf_changed":false},"product_brand":[],"product_cat":[160],"product_tag":[],"class_list":{"0":"post-9337","1":"product","2":"type-product","3":"status-publish","4":"has-post-thumbnail","6":"product_cat-tilbehor-no","7":"product_shipping_class-sverige-no","9":"first","10":"instock","11":"taxable","12":"shipping-taxable","13":"purchasable","14":"product-type-simple"},"bundled_by":[],"bundle_stock_status":"instock","bundle_stock_quantity":5,"bundle_virtual":false,"bundle_layout":"","bundle_add_to_cart_form_location":"","bundle_editable_in_cart":false,"bundle_sold_individually_context":"","bundle_item_grouping":"","bundle_min_size":"","bundle_max_size":"","bundle_price":[],"bundled_items":[],"bundle_sell_ids":[],"acf":[],"_links":{"self":[{"href":"https:\/\/pippifoder.se\/no\/wp-json\/wp\/v2\/product\/9337","targetHints":{"allow":["GET"]}}],"collection":[{"href":"https:\/\/pippifoder.se\/no\/wp-json\/wp\/v2\/product"}],"about":[{"href":"https:\/\/pippifoder.se\/no\/wp-json\/wp\/v2\/types\/product"}],"replies":[{"embeddable":true,"href":"https:\/\/pippifoder.se\/no\/wp-json\/wp\/v2\/comments?post=9337"}],"wp:featuredmedia":[{"embeddable":true,"href":"https:\/\/pippifoder.se\/no\/wp-json\/wp\/v2\/media\/7077"}],"wp:attachment":[{"href":"https:\/\/pippifoder.se\/no\/wp-json\/wp\/v2\/media?parent=9337"}],"wp:term":[{"taxonomy":"product_brand","embeddable":true,"href":"https:\/\/pippifoder.se\/no\/wp-json\/wp\/v2\/product_brand?post=9337"},{"taxonomy":"product_cat","embeddable":true,"href":"https:\/\/pippifoder.se\/no\/wp-json\/wp\/v2\/product_cat?post=9337"},{"taxonomy":"product_tag","embeddable":true,"href":"https:\/\/pippifoder.se\/no\/wp-json\/wp\/v2\/product_tag?post=9337"}],"curies":[{"name":"wp","href":"https:\/\/api.w.org\/{rel}","templated":true}]}}