{"id":9290,"date":"2024-06-24T18:07:32","date_gmt":"2024-06-24T18:07:32","guid":{"rendered":"https:\/\/pippifoder.se\/ukategorisert\/fuglekasse-i-tre-med-spennband-uten-spiker-32-mm\/"},"modified":"2026-04-16T16:35:08","modified_gmt":"2026-04-16T14:35:08","slug":"fuglekasse-i-tre-med-spennband-uten-spiker-32-mm","status":"publish","type":"product","link":"https:\/\/pippifoder.se\/no\/produkt\/fuglekasse\/fuglekasse-i-tre-med-spennband-uten-spiker-32-mm\/","title":{"rendered":"Fuglekasse i tre med spennb\u00e5nd (uten spiker) &#8211; 32 mm"},"content":{"rendered":"<h2>Unik fuglekassekonstruksjon<\/h2>\n<figure id=\"attachment_7473\" aria-describedby=\"caption-attachment-7473\" style=\"width: 225px\" class=\"wp-caption alignleft\"><img loading=\"lazy\" decoding=\"async\" class=\"wp-image-5299 size-medium\" src=\"https:\/\/pippifoder.se\/app\/uploads\/2024\/06\/Fagelholks_konstruktor-225x300.jpg\" alt=\"Fuglekassens designer i verkstedet sitt\" width=\"225\" height=\"300\" title=\"\" srcset=\"https:\/\/pippifoder.se\/app\/uploads\/2024\/06\/Fagelholks_konstruktor-225x300.jpg 225w, https:\/\/pippifoder.se\/app\/uploads\/2024\/06\/Fagelholks_konstruktor-scaled-300x400.jpg 300w, https:\/\/pippifoder.se\/app\/uploads\/2024\/06\/Fagelholks_konstruktor-scaled-600x800.jpg 600w, https:\/\/pippifoder.se\/app\/uploads\/2024\/06\/Fagelholks_konstruktor-768x1024.jpg 768w, https:\/\/pippifoder.se\/app\/uploads\/2024\/06\/Fagelholks_konstruktor-1152x1536.jpg 1152w, https:\/\/pippifoder.se\/app\/uploads\/2024\/06\/Fagelholks_konstruktor-1536x2048.jpg 1536w, https:\/\/pippifoder.se\/app\/uploads\/2024\/06\/Fagelholks_konstruktor-700x933.jpg 700w, https:\/\/pippifoder.se\/app\/uploads\/2024\/06\/Fagelholks_konstruktor-360x480.jpg 360w, https:\/\/pippifoder.se\/app\/uploads\/2024\/06\/Fagelholks_konstruktor-250x333.jpg 250w, https:\/\/pippifoder.se\/app\/uploads\/2024\/06\/Fagelholks_konstruktor-120x160.jpg 120w, https:\/\/pippifoder.se\/app\/uploads\/2024\/06\/Fagelholks_konstruktor-512x683.jpg 512w, https:\/\/pippifoder.se\/app\/uploads\/2024\/06\/Fagelholks_konstruktor-1280x1707.jpg 1280w, https:\/\/pippifoder.se\/app\/uploads\/2024\/06\/Fagelholks_konstruktor-1320x1760.jpg 1320w, https:\/\/pippifoder.se\/app\/uploads\/2024\/06\/Fagelholks_konstruktor-scaled.jpg 1920w\" sizes=\"auto, (max-width: 225px) 100vw, 225px\" \/><figcaption id=\"caption-attachment-7473\" class=\"wp-caption-text\">Denne innovative, f\u00f8rsteklasses fuglekassen er laget i liten skala av Bernt Paulson i S\u00e4ffle, som selv designer og bygger fuglekassene.<\/figcaption><\/figure>\n<p>&nbsp;<\/p>\n<p>&nbsp;<\/p>\n<p>&nbsp;<\/p>\n","protected":false},"excerpt":{"rendered":"<p>Fuglekasse i tre med en strekkstropp som gj\u00f8r at du kan feste fuglekassen <strong>uten \u00e5 m\u00e5tte spikre<\/strong> i treet. Ved \u00e5 tre to elastiske stropper rundt treet og deretter justere etter hvert som treet vokser, er det virkelig sk\u00e5nsomt for treet. I tillegg er det enkelt \u00e5 rengj\u00f8re der hele fronten kan \u00e5pnes ved \u00e5 brette bort en pinne. Taket er dekket med takpapp. Inngangshullet er 35 mm og passer for blant annet spettmeis, gr\u00e5spurv, havelle og steinskvett.    <\/p>\n","protected":false},"featured_media":7467,"comment_status":"open","ping_status":"closed","template":"","meta":{"_acf_changed":false},"product_brand":[],"product_cat":[134,572],"product_tag":[],"class_list":{"0":"post-9290","1":"product","2":"type-product","3":"status-publish","4":"has-post-thumbnail","6":"product_cat-fuglekasse","7":"product_cat-julegaveideer-til-fugleelskere-i-2025","9":"first","10":"instock","11":"taxable","12":"shipping-taxable","13":"purchasable","14":"product-type-simple"},"bundled_by":[],"bundle_stock_status":"instock","bundle_stock_quantity":null,"bundle_virtual":false,"bundle_layout":"","bundle_add_to_cart_form_location":"","bundle_editable_in_cart":false,"bundle_sold_individually_context":"","bundle_item_grouping":"","bundle_min_size":"","bundle_max_size":"","bundle_price":[],"bundled_items":[],"bundle_sell_ids":[],"acf":[],"_links":{"self":[{"href":"https:\/\/pippifoder.se\/no\/wp-json\/wp\/v2\/product\/9290","targetHints":{"allow":["GET"]}}],"collection":[{"href":"https:\/\/pippifoder.se\/no\/wp-json\/wp\/v2\/product"}],"about":[{"href":"https:\/\/pippifoder.se\/no\/wp-json\/wp\/v2\/types\/product"}],"replies":[{"embeddable":true,"href":"https:\/\/pippifoder.se\/no\/wp-json\/wp\/v2\/comments?post=9290"}],"wp:featuredmedia":[{"embeddable":true,"href":"https:\/\/pippifoder.se\/no\/wp-json\/wp\/v2\/media\/7467"}],"wp:attachment":[{"href":"https:\/\/pippifoder.se\/no\/wp-json\/wp\/v2\/media?parent=9290"}],"wp:term":[{"taxonomy":"product_brand","embeddable":true,"href":"https:\/\/pippifoder.se\/no\/wp-json\/wp\/v2\/product_brand?post=9290"},{"taxonomy":"product_cat","embeddable":true,"href":"https:\/\/pippifoder.se\/no\/wp-json\/wp\/v2\/product_cat?post=9290"},{"taxonomy":"product_tag","embeddable":true,"href":"https:\/\/pippifoder.se\/no\/wp-json\/wp\/v2\/product_tag?post=9290"}],"curies":[{"name":"wp","href":"https:\/\/api.w.org\/{rel}","templated":true}]}}