{"id":9277,"date":"2023-11-10T16:04:10","date_gmt":"2023-11-10T15:04:10","guid":{"rendered":"https:\/\/pippifoder.se\/ukategorisert\/talgkuler-uten-nett-i-botte-50-stk\/"},"modified":"2026-05-12T17:25:19","modified_gmt":"2026-05-12T15:25:19","slug":"meiseboller-uten-nett-i-botte-50-stk","status":"publish","type":"product","link":"https:\/\/pippifoder.se\/no\/produkt\/fuglemat\/meiseboller-til-smafugler\/meiseboller-uten-nett-i-botte-50-stk\/","title":{"rendered":"Talgkuler uten nett i b\u00f8tte (50 stk)"},"content":{"rendered":"<p><strong>Innhold av talgkuler<\/strong>: Korn, n\u00f8tter, fr\u00f8 og fett fra oksetalg<\/p>\n<p><strong>Analytiske bestanddeler i talgbollene<\/strong>: fett: 39,5 %, karbohydrater: 27,0 %, protein: 14,5 %, r\u00e5fiber: 9,0 %, r\u00e5aske (mineraler): 2,0 %.<\/p>\n<p>De fleste sm\u00e5fugler setter pris p\u00e5 talgballer, s\u00e6rlig bl\u00e5meis, kj\u00f8ttmeis, gr\u00f8nnfink, spettmeis, pilfink, gr\u00e5spurv, svartmeis og hakkespett. Fettrik talg og et h\u00f8yt innhold av fr\u00f8 gir sm\u00e5fuglene gode forutsetninger for \u00e5 overleve vinteren. Stadig flere fugler blir v\u00e6rende over v\u00e5re &laquo;varme vintre&raquo;, og for dem er de ofte raske vekslingene mellom varme, kulde og sn\u00f8 en vanskelig f\u00f4ringssituasjon. Talgbollene er uten nett!   <\/p>\n<p><a href=\"https:\/\/pippifoder.se\/no\/fuglemater-og-fuglebrett\/\">Sjekk ogs\u00e5 ut v\u00e5re talgballmaskiner!  <\/a><\/p>\n<p>&nbsp;<\/p>\n<div id=\"faq-question-1727141158881\" class=\"rank-math-list-item\">\n<h3 class=\"rank-math-question \">Hvilke talgballer er de beste?<\/h3>\n<div class=\"rank-math-answer \">\n<p>Talgkuler kan kj\u00f8pes overalt, de er tilgjengelige p\u00e5 Granng\u00e5rden, Rusta, Biltema. Ofte n\u00e5r vi snakker med kunder eller leser p\u00e5 ulike forum, klager folk over at talgbollene blir harde n\u00e5r det blir minusgrader, og det er et enkelt svar p\u00e5 hvorfor dette skjer. Fettinnholdet i billige talgkuler er sv\u00e6rt lavt, ofte rundt 20 %. V\u00e5re talgkuler har nesten 40 % fett, og da blir ikke talgbollene like harde. En annen ting du b\u00f8r pr\u00f8ve er \u00e5 lukte p\u00e5 talgbollene, v\u00e5re lukter godt \ud83d\ude42 Det f\u00f8les godt \u00e5 tilby fuglene noe som f\u00f8les appetittvekkende. Til slutt, den beste m\u00e5ten \u00e5 vite hvilken talgkule som er best er \u00e5 pr\u00f8ve den, la fuglene bestemme, vi vet at de liker v\u00e5re premium talgkuler!     <\/p>\n<\/div>\n<h3 class=\"rank-math-question \">Hvilke fugler spiser talgballer?<\/h3>\n<div class=\"rank-math-answer \">\n<p>Talgboller er spesielt popul\u00e6re blant sm\u00e5fugler som kattugle, bl\u00e5meis, gr\u00e5spurv, n\u00f8tteskrike og flaggspett. Disse fuglene tiltrekkes av de energirike ingrediensene i talgbollene og drar nytte av b\u00e5de fettet og fr\u00f8ene, noe som hjelper dem \u00e5 holde seg varme og sunne, spesielt i vinterm\u00e5nedene. <\/p>\n<\/div>\n<\/div>\n<div id=\"faq-question-1727141174838\" class=\"rank-math-list-item\">\n<h3 class=\"rank-math-question \">Hvordan henge opp talgballer?<\/h3>\n<div class=\"rank-math-answer \">\n<p>Talgkuler kan henges opp i hagen p\u00e5 h\u00f8ye greiner, i tr\u00e6r eller p\u00e5 spesielle fuglematere. Det er viktig \u00e5 plassere dem i en h\u00f8yde og p\u00e5 et sted som er vanskelig tilgjengelig for rovdyr, for eksempel katter eller ekorn. Unng\u00e5 ogs\u00e5 \u00e5 bruke nett rundt talgbollene, da disse kan sette seg fast i fuglenes kl\u00f8r eller nebb.  <\/p>\n<\/div>\n<\/div>\n<div id=\"faq-question-1727141186317\" class=\"rank-math-list-item\">\n<h3 class=\"rank-math-question \">Hva inneholder talgkuler?<\/h3>\n<div class=\"rank-math-answer \">\n<p>Talgboller best\u00e5r vanligvis av en blanding av fett (talg eller vegetabilsk fett) og ulike typer fr\u00f8 som solsikkefr\u00f8, hirse og noen ganger til og med sm\u00e5 n\u00f8tter eller t\u00f8rket frukt. Dette gir fuglene en energikilde som hjelper dem med \u00e5 overleve i perioder der det er vanskelig \u00e5 finne naturlig mat. <\/p>\n<\/div>\n<\/div>\n<div id=\"faq-question-1727141197664\" class=\"rank-math-list-item\">\n<h3 class=\"rank-math-question \">N\u00e5r skal man henge ut talgballer?<\/h3>\n<div class=\"rank-math-answer \">\n<p>Talgboller er mest nyttige om h\u00f8sten og vinteren, n\u00e5r fuglene trenger ekstra energi for \u00e5 holde varmen. Du kan begynne \u00e5 henge dem ut n\u00e5r temperaturen begynner \u00e5 synke om h\u00f8sten, og fortsette gjennom hele vinteren. Det er ogs\u00e5 mulig \u00e5 tilby talgballer om v\u00e5ren n\u00e5r fuglene bygger rede, men unng\u00e5 dem om sommeren, da varmen kan f\u00f8re til at fettet smelter og harskner.  <\/p>\n<h3 class=\"rank-math-question \">Oppskrift p\u00e5 hvordan du lager dine egne talgballer<\/h3>\n<div class=\"rank-math-answer \">\n<p>Det er faktisk ganske enkelt \u00e5 lage sine egne talgkuler, ta en hvilken som helst beholder som er lett \u00e5 henge opp, en kaffekopp fungerer godt. Smelt en type fett, f.eks. sm\u00f8r, margarin eller kokosfett. Bland deretter inn fr\u00f8 av ulike slag, for eksempel avskallede solsikkefr\u00f8, pean\u00f8tter med mer. La det stivne og knyt en snor i &laquo;\u00f8ret&raquo; p\u00e5 koppen. Heng opp den hjemmelagde talgbollen og se hvilke fugler som kommer p\u00e5 bes\u00f8k.    <\/p>\n<\/div>\n<\/div>\n<\/div>\n","protected":false},"excerpt":{"rendered":"<p>Talgkuler uten nett i b\u00f8tte av h\u00f8yeste kvalitet med hele 39,5 % fett! 50 talgballer per b\u00f8tte \u00e0 80 g. Talgkuler er en viktig n\u00e6ringskilde for sm\u00e5fugler. Talgbollene er av <strong>f\u00f8rsteklasses kvalitet<\/strong>, uten palmeolje, bare fornuftige ting som fuglene elsker. Talgbollene blir ikke harde som mange billigere talgballer, og kundene v\u00e5re pleier \u00e5 si at dette blir en ny favoritt hos fuglene! Bl\u00e5meis, bokfink, gr\u00f8nnfink, spettmeis, steinskvett, gr\u00e5spurv, svartmeis og hakkespett elsker talgballer.     <\/p>\n<p><strong>MERK at b\u00f8tten er en plastb\u00f8tte med lokk, ikke en blikkb\u00f8tte.<\/strong><\/p>\n","protected":false},"featured_media":13323,"comment_status":"closed","ping_status":"closed","template":"","meta":{"_acf_changed":false},"product_brand":[],"product_cat":[151,125,124],"product_tag":[],"class_list":{"0":"post-9277","1":"product","2":"type-product","3":"status-publish","4":"has-post-thumbnail","6":"product_cat-meiseboller-til-smafugler","7":"product_cat-fro-og-mat-til-ville-fugler","8":"product_cat-fuglemat","10":"first","11":"instock","12":"sale","13":"taxable","14":"shipping-taxable","15":"purchasable","16":"product-type-variable","17":"has-default-attributes"},"bundled_by":["9274","9271","21502"],"bundle_stock_status":"instock","bundle_stock_quantity":20991,"bundle_virtual":false,"bundle_layout":"","bundle_add_to_cart_form_location":"","bundle_editable_in_cart":false,"bundle_sold_individually_context":"","bundle_item_grouping":"","bundle_min_size":"","bundle_max_size":"","bundle_price":[],"bundled_items":[],"bundle_sell_ids":[],"acf":[],"_links":{"self":[{"href":"https:\/\/pippifoder.se\/no\/wp-json\/wp\/v2\/product\/9277","targetHints":{"allow":["GET"]}}],"collection":[{"href":"https:\/\/pippifoder.se\/no\/wp-json\/wp\/v2\/product"}],"about":[{"href":"https:\/\/pippifoder.se\/no\/wp-json\/wp\/v2\/types\/product"}],"replies":[{"embeddable":true,"href":"https:\/\/pippifoder.se\/no\/wp-json\/wp\/v2\/comments?post=9277"}],"wp:featuredmedia":[{"embeddable":true,"href":"https:\/\/pippifoder.se\/no\/wp-json\/wp\/v2\/media\/13323"}],"wp:attachment":[{"href":"https:\/\/pippifoder.se\/no\/wp-json\/wp\/v2\/media?parent=9277"}],"wp:term":[{"taxonomy":"product_brand","embeddable":true,"href":"https:\/\/pippifoder.se\/no\/wp-json\/wp\/v2\/product_brand?post=9277"},{"taxonomy":"product_cat","embeddable":true,"href":"https:\/\/pippifoder.se\/no\/wp-json\/wp\/v2\/product_cat?post=9277"},{"taxonomy":"product_tag","embeddable":true,"href":"https:\/\/pippifoder.se\/no\/wp-json\/wp\/v2\/product_tag?post=9277"}],"curies":[{"name":"wp","href":"https:\/\/api.w.org\/{rel}","templated":true}]}}