{"id":9265,"date":"2023-10-18T07:42:04","date_gmt":"2023-10-18T07:42:04","guid":{"rendered":"https:\/\/pippifoder.se\/ukategorisert\/avskallede-solsikkefro-25-kg\/"},"modified":"2026-05-17T11:50:51","modified_gmt":"2026-05-17T09:50:51","slug":"solsikkekjerner-25-kg","status":"publish","type":"product","link":"https:\/\/pippifoder.se\/no\/produkt\/fuglemat\/solsikkefro-til-fugler\/solsikkekjerner-25-kg\/","title":{"rendered":"Avskallede solsikkefr\u00f8 25 kg"},"content":{"rendered":"<h2>Hvorfor avskallede solsikkefr\u00f8?<\/h2>\n<p>Vi har valgt \u00e5 ta med avskallede solsikkefr\u00f8 hjem av flere grunner:<\/p>\n<ul>\n<li>En pose med avskallede solsikkefr\u00f8 inneholder dobbelt s\u00e5 mye fr\u00f8 som en pose med skall, og skallene utgj\u00f8r nesten 50 % av vekten!<\/li>\n<li>Vi bruker halvparten s\u00e5 mye emballasje n\u00e5r vi ikke trenger \u00e5 transportere skallet<\/li>\n<li>Billigere frakt fordi vi ikke sender s\u00f8ppel (skjell)<\/li>\n<li>Avskallede solsikkefr\u00f8 tar bare halvparten s\u00e5 mye plass for \u00e5 lagre samme mengde mat<\/li>\n<li>Du og naboene dine slipper \u00e5 forholde dere til en masse solsikkeavfall<\/li>\n<li>Flere fugler kan lettere spise avskallede solsikkefr\u00f8, men ikke alle er utstyrt med et ekte skallknakknebb<\/li>\n<\/ul>\n<p>Finn ut mer om hva du b\u00f8r tenke p\u00e5 n\u00e5r du f\u00f4rer fugler i kunnskapsbanken v\u00e5r!<\/p>\n<h2>Solsikkefr\u00f8 med skall 25 kg &#8211; St\u00f8rrelse<\/h2>\n<p>Noen synes 25 kg avskallede solsikkefr\u00f8 er litt tungt. Derfor selger vi ogs\u00e5 <a href=\"https:\/\/pippifoder.se\/no\/produkt\/fagelmat\/solrosfron\/avskallede-solsikkefro-15-kg\/\">avskallede solsikkefr\u00f8 som 15 kg.<\/a> <\/p>\n<p>Vi har ogs\u00e5 blitt bedt om \u00e5 ta med <span class=\"css-1uwmyp9-text css-aqdypc css-13sga99 css-6n7j50\">20 kg solsikkefr\u00f8, men synes at 25 eller 15 kg fungerer bra.<\/span><\/p>\n<div class=\"rank-math-questions-item\"><\/div>\n","protected":false},"excerpt":{"rendered":"<p>Skallede solsikkefr\u00f8 av h\u00f8yeste kvalitet. Avskallede solsikkefr\u00f8 er perfekte til alle typer fugler. 25 kg avskallede solsikkefr\u00f8 tilsvarer omtrent 50 kg avskallede solsikkefr\u00f8.  <\/p>\n<p><strong>Prisgaranti<\/strong>, hvis du finner et billigere tilsvarende produkt, matcher vi prisen!<\/p>\n","protected":false},"featured_media":26159,"comment_status":"closed","ping_status":"closed","template":"","meta":{"_acf_changed":false},"product_brand":[],"product_cat":[140,125,136,124,141,150],"product_tag":[101,102],"class_list":{"0":"post-9265","1":"product","2":"type-product","3":"status-publish","4":"has-post-thumbnail","6":"product_cat-solsikkefro-til-fugler","7":"product_cat-fro-og-mat-til-ville-fugler","8":"product_cat-fuglefro-no","9":"product_cat-fuglemat","10":"product_cat-solsikkefro-no","11":"product_cat-sorte-solsikkefro-til-fugler","12":"product_tag-fuglemat","13":"product_tag-solsikkefro","14":"product_shipping_class-sverige-no","16":"first","17":"instock","18":"taxable","19":"shipping-taxable","20":"purchasable","21":"product-type-simple"},"bundled_by":["21502"],"bundle_stock_status":"instock","bundle_stock_quantity":1091,"bundle_virtual":false,"bundle_layout":"","bundle_add_to_cart_form_location":"","bundle_editable_in_cart":false,"bundle_sold_individually_context":"","bundle_item_grouping":"","bundle_min_size":"","bundle_max_size":"","bundle_price":[],"bundled_items":[],"bundle_sell_ids":[],"acf":[],"_links":{"self":[{"href":"https:\/\/pippifoder.se\/no\/wp-json\/wp\/v2\/product\/9265","targetHints":{"allow":["GET"]}}],"collection":[{"href":"https:\/\/pippifoder.se\/no\/wp-json\/wp\/v2\/product"}],"about":[{"href":"https:\/\/pippifoder.se\/no\/wp-json\/wp\/v2\/types\/product"}],"replies":[{"embeddable":true,"href":"https:\/\/pippifoder.se\/no\/wp-json\/wp\/v2\/comments?post=9265"}],"wp:featuredmedia":[{"embeddable":true,"href":"https:\/\/pippifoder.se\/no\/wp-json\/wp\/v2\/media\/26159"}],"wp:attachment":[{"href":"https:\/\/pippifoder.se\/no\/wp-json\/wp\/v2\/media?parent=9265"}],"wp:term":[{"taxonomy":"product_brand","embeddable":true,"href":"https:\/\/pippifoder.se\/no\/wp-json\/wp\/v2\/product_brand?post=9265"},{"taxonomy":"product_cat","embeddable":true,"href":"https:\/\/pippifoder.se\/no\/wp-json\/wp\/v2\/product_cat?post=9265"},{"taxonomy":"product_tag","embeddable":true,"href":"https:\/\/pippifoder.se\/no\/wp-json\/wp\/v2\/product_tag?post=9265"}],"curies":[{"name":"wp","href":"https:\/\/api.w.org\/{rel}","templated":true}]}}