{"id":9261,"date":"2023-09-20T11:30:46","date_gmt":"2023-09-20T11:30:46","guid":{"rendered":"https:\/\/pippifoder.se\/ukategorisert\/avskallede-peanotter-til-fugler-10-kg\/"},"modified":"2026-04-03T05:04:36","modified_gmt":"2026-04-03T05:04:36","slug":"peanotter-til-fugler-10-kg","status":"publish","type":"product","link":"https:\/\/pippifoder.se\/no\/produkt\/fuglemat\/peanotter\/peanotter-til-fugler-10-kg\/","title":{"rendered":"Pean\u00f8tter til fugler 10 kg"},"content":{"rendered":"<h2>Pean\u00f8tter fugler<\/h2>\n<p>Pean\u00f8tter til fugler er en favoritt blant fuglematere.<br \/>\nMed sin lettford\u00f8yelige og n\u00e6ringsrike kjerne tiltrekker disse fr\u00f8ene en rekke ville fugler til hagen.<br \/>\nLa oss utforske hvorfor disse fr\u00f8ene er et godt valg for \u00e5 gi fuglene det beste.<\/p>\n<h2>Hvorfor avskallede pean\u00f8tter til fugler?<\/h2>\n<p>Vi har valgt \u00e5 ta med oss avskallede pean\u00f8tter hjem av flere grunner:<\/p>\n<ul>\n<li>Dobbelt s\u00e5 mye pean\u00f8tter i posen, skallene utgj\u00f8r nesten 50 % av vekten<\/li>\n<li>Du og naboene dine slipper \u00e5 forholde dere til pean\u00f8ttskall<\/li>\n<li>Flere fugler kan spise lettere, ikke alle er begavet med et ekte skjellknakknebb<\/li>\n<\/ul>\n<h2>Hvilke fugler spiser pean\u00f8tter?<\/h2>\n<p>Mange fuglearter elsker pean\u00f8tter.<br \/>\nFra den nysgjerrige kattuglen til den fargerike bl\u00e5meisen er pean\u00f8tter favorittmat for mange ville fugler.<br \/>\nDet h\u00f8ye protein- og fettinnholdet gj\u00f8r dem til en utmerket energikilde, spesielt i de kalde m\u00e5nedene.<\/p>\n<h2>Hvor produseres pean\u00f8tter?<\/h2>\n<p>Pean\u00f8tter dyrkes i mange deler av verden, fra Nord-Amerika til Afrika og Asia.<br \/>\nDe trives i varme klimaer og krever en lang vekstsesong for \u00e5 modnes.<br \/>\nV\u00e5re pean\u00f8tter har ulik opprinnelse avhengig av tilgjengelighet.<\/p>\n","protected":false},"excerpt":{"rendered":"<p>Pean\u00f8tter av topp kvalitet for fugler, perfekt for alle typer fugler.<br \/>\nPakket i poser p\u00e5 10 kg.<br \/>\nPean\u00f8ttene er halve og har det lille r\u00f8de skallet igjen.<br \/>\nHvis du vil ha helt hvite n\u00f8tter, sjekk ut v\u00e5re <a href=\"https:\/\/pippifoder.se\/fagelmat\/jordnotter\/blancherade-jordnotter-till-faglar-10-kg\/\">blancherte pean\u00f8tter<\/a>! <strong>Prisgaranti<\/strong>, hvis du finner et billigere tilsvarende produkt, matcher vi prisen!<\/p>\n","protected":false},"featured_media":6399,"comment_status":"closed","ping_status":"closed","template":"","meta":{"_acf_changed":false},"product_brand":[],"product_cat":[139,253,125,124],"product_tag":[],"class_list":{"0":"post-9261","1":"product","2":"type-product","3":"status-publish","4":"has-post-thumbnail","6":"product_cat-peanotter","7":"product_cat-avskallede-peanotter","8":"product_cat-fro-og-mat-til-ville-fugler","9":"product_cat-fuglemat","10":"product_shipping_class-sverige-no","11":"product_group-10kg-sack","13":"first","14":"instock","15":"taxable","16":"shipping-taxable","17":"purchasable","18":"product-type-simple"},"bundled_by":["9271"],"bundle_stock_status":"instock","bundle_stock_quantity":2544,"bundle_virtual":false,"bundle_layout":"","bundle_add_to_cart_form_location":"","bundle_editable_in_cart":false,"bundle_sold_individually_context":"","bundle_item_grouping":"","bundle_min_size":"","bundle_max_size":"","bundle_price":[],"bundled_items":[],"bundle_sell_ids":[],"acf":[],"_links":{"self":[{"href":"https:\/\/pippifoder.se\/no\/wp-json\/wp\/v2\/product\/9261","targetHints":{"allow":["GET"]}}],"collection":[{"href":"https:\/\/pippifoder.se\/no\/wp-json\/wp\/v2\/product"}],"about":[{"href":"https:\/\/pippifoder.se\/no\/wp-json\/wp\/v2\/types\/product"}],"replies":[{"embeddable":true,"href":"https:\/\/pippifoder.se\/no\/wp-json\/wp\/v2\/comments?post=9261"}],"wp:featuredmedia":[{"embeddable":true,"href":"https:\/\/pippifoder.se\/no\/wp-json\/wp\/v2\/media\/6399"}],"wp:attachment":[{"href":"https:\/\/pippifoder.se\/no\/wp-json\/wp\/v2\/media?parent=9261"}],"wp:term":[{"taxonomy":"product_brand","embeddable":true,"href":"https:\/\/pippifoder.se\/no\/wp-json\/wp\/v2\/product_brand?post=9261"},{"taxonomy":"product_cat","embeddable":true,"href":"https:\/\/pippifoder.se\/no\/wp-json\/wp\/v2\/product_cat?post=9261"},{"taxonomy":"product_tag","embeddable":true,"href":"https:\/\/pippifoder.se\/no\/wp-json\/wp\/v2\/product_tag?post=9261"}],"curies":[{"name":"wp","href":"https:\/\/api.w.org\/{rel}","templated":true}]}}