{"id":9246,"date":"2024-07-17T06:31:30","date_gmt":"2024-07-17T06:31:30","guid":{"rendered":"https:\/\/pippifoder.se\/ukategorisert\/fuglebadfugl-i-hamret-tinn-25-cm\/"},"modified":"2024-07-17T06:31:30","modified_gmt":"2024-07-17T06:31:30","slug":"fuglebadfugl-i-hamret-tinn-25-cm","status":"publish","type":"product","link":"https:\/\/pippifoder.se\/no\/produkt\/tilbehor-no\/fuglebad\/fuglebadfugl-i-hamret-tinn-25-cm\/","title":{"rendered":"Fuglebadfugl i hamret tinn &#8211; 25 cm"},"content":{"rendered":"<h2>Produktspesifikasjon &#8211; Fuglebadfugl i hamret tinn &#8211; 25 cm<\/h2>\n<p><b>M\u00e5l <\/b>&#8211; Sk\u00e5len har en diameter p\u00e5 25 cm, h\u00f8yden p\u00e5 pinnen er ca 115 cm<br \/>\n<strong>Materiale<\/strong> &#8211; hamret metallplate <\/p>\n","protected":false},"excerpt":{"rendered":"<p>Dette fuglebadet i hamret tinn, prydet med en dekorativ fugl, er designet med en praktisk pinne for enkel plassering.<br \/>\nDu kan enkelt stikke det ned i bakken akkurat der du vil ha det, slik at det er lett \u00e5 flytte n\u00e5r du trenger det.<br \/>\nFuglebadet er enkelt \u00e5 plassere og utgj\u00f8r en vakker detalj i hagen eller p\u00e5 balkongen.<br \/>\nPerfekt \u00e5 plassere direkte i blomsterbedet, der det smelter inn og bidrar til en harmonisk og innbydende atmosf\u00e6re for b\u00e5de fugler og mennesker.   <\/p>\n","protected":false},"featured_media":7509,"comment_status":"open","ping_status":"closed","template":"","meta":{"_acf_changed":false},"product_brand":[],"product_cat":[162],"product_tag":[],"class_list":{"0":"post-9246","1":"product","2":"type-product","3":"status-publish","4":"has-post-thumbnail","6":"product_cat-fuglebad","8":"first","9":"outofstock","10":"taxable","11":"shipping-taxable","12":"purchasable","13":"product-type-simple"},"bundled_by":[],"bundle_stock_status":"outofstock","bundle_stock_quantity":0,"bundle_virtual":false,"bundle_layout":"","bundle_add_to_cart_form_location":"","bundle_editable_in_cart":false,"bundle_sold_individually_context":"","bundle_item_grouping":"","bundle_min_size":"","bundle_max_size":"","bundle_price":[],"bundled_items":[],"bundle_sell_ids":[],"acf":[],"_links":{"self":[{"href":"https:\/\/pippifoder.se\/no\/wp-json\/wp\/v2\/product\/9246","targetHints":{"allow":["GET"]}}],"collection":[{"href":"https:\/\/pippifoder.se\/no\/wp-json\/wp\/v2\/product"}],"about":[{"href":"https:\/\/pippifoder.se\/no\/wp-json\/wp\/v2\/types\/product"}],"replies":[{"embeddable":true,"href":"https:\/\/pippifoder.se\/no\/wp-json\/wp\/v2\/comments?post=9246"}],"wp:featuredmedia":[{"embeddable":true,"href":"https:\/\/pippifoder.se\/no\/wp-json\/wp\/v2\/media\/7509"}],"wp:attachment":[{"href":"https:\/\/pippifoder.se\/no\/wp-json\/wp\/v2\/media?parent=9246"}],"wp:term":[{"taxonomy":"product_brand","embeddable":true,"href":"https:\/\/pippifoder.se\/no\/wp-json\/wp\/v2\/product_brand?post=9246"},{"taxonomy":"product_cat","embeddable":true,"href":"https:\/\/pippifoder.se\/no\/wp-json\/wp\/v2\/product_cat?post=9246"},{"taxonomy":"product_tag","embeddable":true,"href":"https:\/\/pippifoder.se\/no\/wp-json\/wp\/v2\/product_tag?post=9246"}],"curies":[{"name":"wp","href":"https:\/\/api.w.org\/{rel}","templated":true}]}}