{"id":9159,"date":"2024-07-26T08:10:12","date_gmt":"2024-07-26T06:10:12","guid":{"rendered":"https:\/\/pippifoder.se\/ukategorisert\/klassisk-fuglebord-gra\/"},"modified":"2026-04-15T12:57:16","modified_gmt":"2026-04-15T10:57:16","slug":"klassisk-fuglebord-gra","status":"publish","type":"product","link":"https:\/\/pippifoder.se\/no\/produkt\/fuglemater-og-fuglebrett\/klassisk-fuglebord-gra\/","title":{"rendered":"Klassisk fuglebord &#8211; Gr\u00e5"},"content":{"rendered":"","protected":false},"excerpt":{"rendered":"<p>Klassisk fuglebord i furu. Passer til \u00e5 henge i et tre eller sitte p\u00e5 en stolpe p\u00e5 ca. 1,5 meter. Fuglehus laget av tre. Fint malt i gr\u00e5tt. Fungerer til forskjellige typer <a href=\"https:\/\/pippifoder.se\/no\/fuglefro-no\/\">fr\u00f8.<\/a>    <\/p>\n<p><strong>Tekniske data<\/strong><br \/>\nM\u00e5l (LxBxH): 27x21x15 cm<br \/>\nFarge: Gr\u00e5<\/p>\n","protected":false},"featured_media":7581,"comment_status":"closed","ping_status":"closed","template":"","meta":{"_acf_changed":false},"product_brand":[],"product_cat":[155,156,733,157,158,734],"product_tag":[],"class_list":{"0":"post-9159","1":"product","2":"type-product","3":"status-publish","4":"has-post-thumbnail","6":"product_cat-fuglemater-og-fuglebrett","7":"product_cat-fuglebord","8":"product_cat-fuglebrett-med-tak","9":"product_cat-fuglekasser","10":"product_cat-fuglemater-for-fuglefro","11":"product_cat-fuglemater-med-beskyttelse","13":"first","14":"instock","15":"taxable","16":"shipping-taxable","17":"purchasable","18":"product-type-simple"},"bundled_by":[],"bundle_stock_status":"instock","bundle_stock_quantity":11,"bundle_virtual":false,"bundle_layout":"","bundle_add_to_cart_form_location":"","bundle_editable_in_cart":false,"bundle_sold_individually_context":"","bundle_item_grouping":"","bundle_min_size":"","bundle_max_size":"","bundle_price":[],"bundled_items":[],"bundle_sell_ids":[],"acf":[],"_links":{"self":[{"href":"https:\/\/pippifoder.se\/no\/wp-json\/wp\/v2\/product\/9159","targetHints":{"allow":["GET"]}}],"collection":[{"href":"https:\/\/pippifoder.se\/no\/wp-json\/wp\/v2\/product"}],"about":[{"href":"https:\/\/pippifoder.se\/no\/wp-json\/wp\/v2\/types\/product"}],"replies":[{"embeddable":true,"href":"https:\/\/pippifoder.se\/no\/wp-json\/wp\/v2\/comments?post=9159"}],"wp:featuredmedia":[{"embeddable":true,"href":"https:\/\/pippifoder.se\/no\/wp-json\/wp\/v2\/media\/7581"}],"wp:attachment":[{"href":"https:\/\/pippifoder.se\/no\/wp-json\/wp\/v2\/media?parent=9159"}],"wp:term":[{"taxonomy":"product_brand","embeddable":true,"href":"https:\/\/pippifoder.se\/no\/wp-json\/wp\/v2\/product_brand?post=9159"},{"taxonomy":"product_cat","embeddable":true,"href":"https:\/\/pippifoder.se\/no\/wp-json\/wp\/v2\/product_cat?post=9159"},{"taxonomy":"product_tag","embeddable":true,"href":"https:\/\/pippifoder.se\/no\/wp-json\/wp\/v2\/product_tag?post=9159"}],"curies":[{"name":"wp","href":"https:\/\/api.w.org\/{rel}","templated":true}]}}