{"id":9142,"date":"2024-01-16T18:37:52","date_gmt":"2024-01-16T18:37:52","guid":{"rendered":"https:\/\/pippifoder.se\/ukategorisert\/fuglemating-alt-du-trenger-a-vite\/"},"modified":"2026-03-01T15:07:37","modified_gmt":"2026-03-01T15:07:37","slug":"fuglemating-alt-du-trenger-a-vite","status":"publish","type":"product","link":"https:\/\/pippifoder.se\/no\/produkt\/tilbehor-no\/boker\/fuglemating-alt-du-trenger-a-vite\/","title":{"rendered":"Fuglemating &#8211; alt du trenger \u00e5 vite"},"content":{"rendered":"<h2><strong>Produktinformasjon: Fuglef\u00f4ring &#8211; alt du trenger \u00e5 vite<\/strong><\/h2>\n<p><strong>Forfatter:<\/strong> Niklas Aronsson<br \/>\n<strong>Fotograf:<\/strong> Niclas Ahlberg, Torbj\u00f6rn Arvidson og andre.<br \/>\n<strong>Designer og illustrat\u00f8r:<\/strong> Ter\u00e9se Karlsson Halld\u00e9n<br \/>\n<strong>Publisering:<\/strong> 22. november 2021<br \/>\n<strong>Antall sider: <\/strong>224<br \/>\n<strong>Dimensjoner:<\/strong> 170x240x21 mm<br \/>\n<strong>Vekt:<\/strong> 650 g<br \/>\n<strong>Bindtype:<\/strong> Innbundet<br \/>\n<strong>ISBN: <\/strong>9789198516609<\/p>\n","protected":false},"excerpt":{"rendered":"<p>Fuglemating &#8211; alt du trenger \u00e5 vite gir deg masse fakta om hvordan du kan mate ville fugler p\u00e5 en god og trygg m\u00e5te. Du f\u00e5r vite hva de ulike artene spiser og hvordan du best kan utforme fuglemateren din. Hvordan lokker du til deg steinspurven, og hvorfor er r\u00f8dstrupen alltid i tottene p\u00e5 hverandre? I tillegg til praktiske tips forklarer boken ogs\u00e5 hva forskningen sier om de store mengdene mat vi f\u00f4rer med i naturen. P\u00e5virkes fuglene, og p\u00e5 hvilke m\u00e5ter?    <\/p>\n<p>Fuglemating er en folkebevegelse med flere hundre tusen ut\u00f8vere bare i Sverige. Vi f\u00f4rer fugler om vinteren, men ogs\u00e5 i \u00f8kende grad \u00e5ret rundt. Antallet produkter beregnet p\u00e5 fugleforing har \u00f8kt betydelig i nyere tid, b\u00e5de n\u00e5r det gjelder ulike typer f\u00f4r og varianter av fuglematere. Her f\u00e5r du svar p\u00e5 alt du vil vite om fugleforing i \u00e9n og samme bok.   <\/p>\n<p>Inkluderer artspresentasjon og utbredelseskart over de 53 vanligste vinterfuglene.<\/p>\n","protected":false},"featured_media":6834,"comment_status":"open","ping_status":"closed","template":"","meta":{"_acf_changed":false},"product_brand":[],"product_cat":[302,50,133,572,160],"product_tag":[],"class_list":{"0":"post-9142","1":"product","2":"type-product","3":"status-publish","4":"has-post-thumbnail","6":"product_cat-boker","7":"product_cat-fagelfron-fagelmat-pa-rea","8":"product_cat-fuglefro-og-fuglemat-pa-salg","9":"product_cat-julegaveideer-til-fugleelskere-i-2025","10":"product_cat-tilbehor-no","11":"product_shipping_class-sverige-no","13":"first","14":"outofstock","15":"sale","16":"taxable","17":"shipping-taxable","18":"purchasable","19":"product-type-simple"},"bundled_by":[],"bundle_stock_status":"outofstock","bundle_stock_quantity":0,"bundle_virtual":false,"bundle_layout":"","bundle_add_to_cart_form_location":"","bundle_editable_in_cart":false,"bundle_sold_individually_context":"","bundle_item_grouping":"","bundle_min_size":"","bundle_max_size":"","bundle_price":[],"bundled_items":[],"bundle_sell_ids":[],"acf":[],"_links":{"self":[{"href":"https:\/\/pippifoder.se\/no\/wp-json\/wp\/v2\/product\/9142","targetHints":{"allow":["GET"]}}],"collection":[{"href":"https:\/\/pippifoder.se\/no\/wp-json\/wp\/v2\/product"}],"about":[{"href":"https:\/\/pippifoder.se\/no\/wp-json\/wp\/v2\/types\/product"}],"replies":[{"embeddable":true,"href":"https:\/\/pippifoder.se\/no\/wp-json\/wp\/v2\/comments?post=9142"}],"wp:featuredmedia":[{"embeddable":true,"href":"https:\/\/pippifoder.se\/no\/wp-json\/wp\/v2\/media\/6834"}],"wp:attachment":[{"href":"https:\/\/pippifoder.se\/no\/wp-json\/wp\/v2\/media?parent=9142"}],"wp:term":[{"taxonomy":"product_brand","embeddable":true,"href":"https:\/\/pippifoder.se\/no\/wp-json\/wp\/v2\/product_brand?post=9142"},{"taxonomy":"product_cat","embeddable":true,"href":"https:\/\/pippifoder.se\/no\/wp-json\/wp\/v2\/product_cat?post=9142"},{"taxonomy":"product_tag","embeddable":true,"href":"https:\/\/pippifoder.se\/no\/wp-json\/wp\/v2\/product_tag?post=9142"}],"curies":[{"name":"wp","href":"https:\/\/api.w.org\/{rel}","templated":true}]}}