{"id":9136,"date":"2024-01-16T18:22:38","date_gmt":"2024-01-16T17:22:38","guid":{"rendered":"https:\/\/pippifoder.se\/ukategorisert\/birdie-fuglemater-gronn-4-liter\/"},"modified":"2026-04-19T17:28:36","modified_gmt":"2026-04-19T15:28:36","slug":"birdie-fuglemater-gronn-4-liter","status":"publish","type":"product","link":"https:\/\/pippifoder.se\/no\/produkt\/fuglemater-og-fuglebrett\/fuglebord\/birdie-fuglemater-gronn-4-liter\/","title":{"rendered":"Birdie Bird Feeder &#8211; Gr\u00f8nn 4 liter"},"content":{"rendered":"<h2>Produktspesifikasjon &#8211; Birdie Bird Feeder &#8211; Gr\u00f8nn 4 liter<\/h2>\n<p><strong>Materiale: <\/strong>100 % resirkulert polypropylen (PP)<br \/>\n<strong>Ytre m\u00e5l<\/strong>: 29 x 29 x 24 cm<br \/>\n<strong>Farge<\/strong>: Gr\u00f8nn<\/p>\n","protected":false},"excerpt":{"rendered":"<p>Birdie er en romslig, svenskprodusert fuglemater som er designet for \u00e5 forhindre u\u00f8nsket bes\u00f8k fra katter, ekorn og st\u00f8rre fugler. Fuglemateren har et lite landingsomr\u00e5de som forhindrer at fugleskitt havner i maten. Fuglemateren kan monteres p\u00e5 en stolpe eller henges p\u00e5 en krok eller snor i et tre. Fuglemateren er laget av resirkulert plast.   <\/p>\n","protected":false},"featured_media":6840,"comment_status":"open","ping_status":"closed","template":"","meta":{"_acf_changed":false},"product_brand":[],"product_cat":[156,158,734,155],"product_tag":[],"class_list":{"0":"post-9136","1":"product","2":"type-product","3":"status-publish","4":"has-post-thumbnail","6":"product_cat-fuglebord","7":"product_cat-fuglemater-for-fuglefro","8":"product_cat-fuglemater-med-beskyttelse","9":"product_cat-fuglemater-og-fuglebrett","10":"product_shipping_class-sverige-no","12":"first","13":"instock","14":"taxable","15":"shipping-taxable","16":"purchasable","17":"product-type-simple"},"bundled_by":[],"bundle_stock_status":"instock","bundle_stock_quantity":70,"bundle_virtual":false,"bundle_layout":"","bundle_add_to_cart_form_location":"","bundle_editable_in_cart":false,"bundle_sold_individually_context":"","bundle_item_grouping":"","bundle_min_size":"","bundle_max_size":"","bundle_price":[],"bundled_items":[],"bundle_sell_ids":[],"acf":[],"_links":{"self":[{"href":"https:\/\/pippifoder.se\/no\/wp-json\/wp\/v2\/product\/9136","targetHints":{"allow":["GET"]}}],"collection":[{"href":"https:\/\/pippifoder.se\/no\/wp-json\/wp\/v2\/product"}],"about":[{"href":"https:\/\/pippifoder.se\/no\/wp-json\/wp\/v2\/types\/product"}],"replies":[{"embeddable":true,"href":"https:\/\/pippifoder.se\/no\/wp-json\/wp\/v2\/comments?post=9136"}],"wp:featuredmedia":[{"embeddable":true,"href":"https:\/\/pippifoder.se\/no\/wp-json\/wp\/v2\/media\/6840"}],"wp:attachment":[{"href":"https:\/\/pippifoder.se\/no\/wp-json\/wp\/v2\/media?parent=9136"}],"wp:term":[{"taxonomy":"product_brand","embeddable":true,"href":"https:\/\/pippifoder.se\/no\/wp-json\/wp\/v2\/product_brand?post=9136"},{"taxonomy":"product_cat","embeddable":true,"href":"https:\/\/pippifoder.se\/no\/wp-json\/wp\/v2\/product_cat?post=9136"},{"taxonomy":"product_tag","embeddable":true,"href":"https:\/\/pippifoder.se\/no\/wp-json\/wp\/v2\/product_tag?post=9136"}],"curies":[{"name":"wp","href":"https:\/\/api.w.org\/{rel}","templated":true}]}}