{"id":9128,"date":"2024-01-15T18:57:23","date_gmt":"2024-01-15T17:57:23","guid":{"rendered":"https:\/\/pippifoder.se\/ukategorisert\/fuglemater-katan-gronn-2-liter\/"},"modified":"2026-04-26T11:23:13","modified_gmt":"2026-04-26T09:23:13","slug":"fuglemater-katan-gronn-2-liter","status":"publish","type":"product","link":"https:\/\/pippifoder.se\/no\/produkt\/fuglemater-og-fuglebrett\/fuglebord\/fuglemater-katan-gronn-2-liter\/","title":{"rendered":"Fuglemater K\u00e5tan &#8211; Gr\u00f8nn 2 liter"},"content":{"rendered":"<h2>Produktspesifikasjon &#8211; Fuglemater K\u00e5tan &#8211; Gr\u00f8nn 2 liter<\/h2>\n<p><strong>Materiale: <\/strong>100 % resirkulert polypropylen (PP)<br \/>\n<strong>H\u00f8yde<\/strong>: 24 cm<br \/>\n<strong>Farge<\/strong>: Gr\u00f8nn<br \/>\n<strong>Diameter<\/strong>: 27 cm<\/p>\n","protected":false},"excerpt":{"rendered":"<p>Hytta er en tradisjonell, svenskprodusert og romslig fuglemater. Den gjennomsiktige toppen gj\u00f8r det enkelt \u00e5 se n\u00e5r det er p\u00e5 tide \u00e5 fylle p\u00e5 fuglematen. Fuglemateren kan monteres p\u00e5 en pinne eller henges p\u00e5 en krok eller snor i et tre. Fuglemateren er laget av resirkulert plast.   <\/p>\n","protected":false},"featured_media":6846,"comment_status":"open","ping_status":"closed","template":"","meta":{"_acf_changed":false},"product_brand":[],"product_cat":[156,158,734,155],"product_tag":[],"class_list":{"0":"post-9128","1":"product","2":"type-product","3":"status-publish","4":"has-post-thumbnail","6":"product_cat-fuglebord","7":"product_cat-fuglemater-for-fuglefro","8":"product_cat-fuglemater-med-beskyttelse","9":"product_cat-fuglemater-og-fuglebrett","10":"product_shipping_class-sverige-no","12":"first","13":"instock","14":"taxable","15":"shipping-taxable","16":"purchasable","17":"product-type-simple"},"bundled_by":[],"bundle_stock_status":"instock","bundle_stock_quantity":176,"bundle_virtual":false,"bundle_layout":"","bundle_add_to_cart_form_location":"","bundle_editable_in_cart":false,"bundle_sold_individually_context":"","bundle_item_grouping":"","bundle_min_size":"","bundle_max_size":"","bundle_price":[],"bundled_items":[],"bundle_sell_ids":[],"acf":[],"_links":{"self":[{"href":"https:\/\/pippifoder.se\/no\/wp-json\/wp\/v2\/product\/9128","targetHints":{"allow":["GET"]}}],"collection":[{"href":"https:\/\/pippifoder.se\/no\/wp-json\/wp\/v2\/product"}],"about":[{"href":"https:\/\/pippifoder.se\/no\/wp-json\/wp\/v2\/types\/product"}],"replies":[{"embeddable":true,"href":"https:\/\/pippifoder.se\/no\/wp-json\/wp\/v2\/comments?post=9128"}],"wp:featuredmedia":[{"embeddable":true,"href":"https:\/\/pippifoder.se\/no\/wp-json\/wp\/v2\/media\/6846"}],"wp:attachment":[{"href":"https:\/\/pippifoder.se\/no\/wp-json\/wp\/v2\/media?parent=9128"}],"wp:term":[{"taxonomy":"product_brand","embeddable":true,"href":"https:\/\/pippifoder.se\/no\/wp-json\/wp\/v2\/product_brand?post=9128"},{"taxonomy":"product_cat","embeddable":true,"href":"https:\/\/pippifoder.se\/no\/wp-json\/wp\/v2\/product_cat?post=9128"},{"taxonomy":"product_tag","embeddable":true,"href":"https:\/\/pippifoder.se\/no\/wp-json\/wp\/v2\/product_tag?post=9128"}],"curies":[{"name":"wp","href":"https:\/\/api.w.org\/{rel}","templated":true}]}}