{"id":9104,"date":"2023-12-04T10:38:21","date_gmt":"2023-12-04T10:38:21","guid":{"rendered":"https:\/\/pippifoder.se\/ukategorisert\/julekarve\/"},"modified":"2025-01-27T14:28:43","modified_gmt":"2025-01-27T14:28:43","slug":"julekarve","status":"publish","type":"product","link":"https:\/\/pippifoder.se\/no\/produkt\/fuglemat\/julekarve\/","title":{"rendered":"Julekaribu"},"content":{"rendered":"","protected":false},"excerpt":{"rendered":"<div class=\"modules__module\">\n<div class=\"product-chapter__intro-container\" data-tab-rule=\"Info\">\n<article class=\"product-chapter__intro\">\n<div class=\"editorial\">\n<p>Gi sm\u00e5fuglene en smakfull julegave med v\u00e5r vakre julekr\u00e5ke! Denne svenskdyrkede havregrynsarven er omhyggelig bundet med en r\u00f8d sl\u00f8yfe og er et yndet innslag p\u00e5 fuglebordet i vinterhalv\u00e5ret. Med en h\u00f8yde p\u00e5 ca. 60 cm tiltrekker den seg mange sm\u00e5fugler som nyter godt av innholdet. En tradisjonell og dekorativ detalj som sprer julestemning i hagen. <strong>Merk:<\/strong> Begrenset antall tilgjengelig &#8211; f\u00f8rst til m\u00f8lla!   <\/p>\n<\/div>\n<\/article>\n<\/div>\n<\/div>\n","protected":false},"featured_media":6504,"comment_status":"closed","ping_status":"closed","template":"","meta":{"_acf_changed":false},"product_brand":[],"product_cat":[124,125],"product_tag":[],"class_list":{"0":"post-9104","1":"product","2":"type-product","3":"status-publish","4":"has-post-thumbnail","6":"product_cat-fuglemat","7":"product_cat-fro-og-mat-til-ville-fugler","9":"first","10":"outofstock","11":"taxable","12":"shipping-taxable","13":"purchasable","14":"product-type-simple"},"bundled_by":[],"bundle_stock_status":"outofstock","bundle_stock_quantity":null,"bundle_virtual":false,"bundle_layout":"","bundle_add_to_cart_form_location":"","bundle_editable_in_cart":false,"bundle_sold_individually_context":"","bundle_item_grouping":"","bundle_min_size":"","bundle_max_size":"","bundle_price":[],"bundled_items":[],"bundle_sell_ids":[],"acf":[],"_links":{"self":[{"href":"https:\/\/pippifoder.se\/no\/wp-json\/wp\/v2\/product\/9104","targetHints":{"allow":["GET"]}}],"collection":[{"href":"https:\/\/pippifoder.se\/no\/wp-json\/wp\/v2\/product"}],"about":[{"href":"https:\/\/pippifoder.se\/no\/wp-json\/wp\/v2\/types\/product"}],"replies":[{"embeddable":true,"href":"https:\/\/pippifoder.se\/no\/wp-json\/wp\/v2\/comments?post=9104"}],"wp:featuredmedia":[{"embeddable":true,"href":"https:\/\/pippifoder.se\/no\/wp-json\/wp\/v2\/media\/6504"}],"wp:attachment":[{"href":"https:\/\/pippifoder.se\/no\/wp-json\/wp\/v2\/media?parent=9104"}],"wp:term":[{"taxonomy":"product_brand","embeddable":true,"href":"https:\/\/pippifoder.se\/no\/wp-json\/wp\/v2\/product_brand?post=9104"},{"taxonomy":"product_cat","embeddable":true,"href":"https:\/\/pippifoder.se\/no\/wp-json\/wp\/v2\/product_cat?post=9104"},{"taxonomy":"product_tag","embeddable":true,"href":"https:\/\/pippifoder.se\/no\/wp-json\/wp\/v2\/product_tag?post=9104"}],"curies":[{"name":"wp","href":"https:\/\/api.w.org\/{rel}","templated":true}]}}