{"id":9101,"date":"2023-11-14T11:09:15","date_gmt":"2023-11-14T11:09:15","guid":{"rendered":"https:\/\/pippifoder.se\/ukategorisert\/fuglemat-i-samarbeid-med-rotnas-gardsbutik\/"},"modified":"2025-01-27T14:29:34","modified_gmt":"2025-01-27T14:29:34","slug":"fuglemat-i-samarbeid-med-rotnas-gardsbutik","status":"publish","type":"product","link":"https:\/\/pippifoder.se\/no\/produkt\/fagelmat\/fuglemat-i-samarbeid-med-rotnas-gardsbutik\/","title":{"rendered":"Fuglemat i samarbeid med Rotn\u00e4s G\u00e5rdsbutik"},"content":{"rendered":"<h2>Skrellede solsikkefr\u00f8<\/h2>\n<p>Vi har valgt \u00e5 ta med avskallede solsikkefr\u00f8 hjem av flere grunner:<\/p>\n<ul>\n<li>Dobbelt s\u00e5 mye fr\u00f8 i posen, og skallene utgj\u00f8r nesten 50 % av vekten!<\/li>\n<li>Du og naboene dine slipper \u00e5 forholde dere til en masse solsikkeavfall<\/li>\n<li>Det brukes halvparten s\u00e5 mye emballasje<\/li>\n<li>Det tar bare halvparten s\u00e5 mye plass \u00e5 oppbevare samme mengde mat<\/li>\n<li>Flere fugler kan spise lettere, ikke alle er begavet med et ekte skjellknakknebb<\/li>\n<\/ul>\n<h2><strong>Avskallede pean\u00f8tter<\/strong><\/h2>\n<p>Vi tar ogs\u00e5 med oss avskallede <b>pean\u00f8tter <\/b>hjem i store mengder og tar kun \u00a3349\/sekk for 10 kg eller \u00a3869\/sekk for 25 kg!<\/p>\n<h2><strong>Talgkuler i b\u00f8tte<\/strong><\/h2>\n<p>Vi har ogs\u00e5 talgballer i b\u00f8tter uten nett. <b>Talgbollene <\/b>er i en b\u00f8tte med 50 stk i b\u00f8tta og vi tar kun 145kr \/ b\u00f8tte. <\/p>\n","protected":false},"excerpt":{"rendered":"<p>Avskallede solsikkefr\u00f8, avskallede pean\u00f8tter og talgkuler til halv pris! Rotn\u00e4s G\u00e5rdsbutik, i samarbeid med Pippifoder, henter hjem et stort parti med fuglemat. Med den store leveransen f\u00e5r vi en virkelig god pris og tar for eksempel bare <strong>SEK 665 for 25 kg avskallede solsikkefr\u00f8<\/strong>, det er <u>halve prisen i forhold til ex Granng\u00e5rden!<\/u> Alle produkter er billigere enn handel og internett! <strong>Levering skjer p\u00e5 Rotn\u00e4s G\u00e5rdsbutik i Karlstad 15.-17. desember.<\/strong> Vi h\u00e5per du benytter anledningen til \u00e5 bestille alt vinterens behov, s\u00e5 fuglene blir glade!  <\/p>\n","protected":false},"featured_media":6495,"comment_status":"closed","ping_status":"closed","template":"","meta":{"_acf_changed":false},"product_brand":[],"product_cat":[15],"product_tag":[],"class_list":{"0":"post-9101","1":"product","2":"type-product","3":"status-publish","4":"has-post-thumbnail","6":"product_cat-fagelmat","8":"first","9":"instock","10":"taxable","11":"shipping-taxable","12":"product-type-grouped"},"bundled_by":[],"bundle_stock_status":"instock","bundle_stock_quantity":null,"bundle_virtual":false,"bundle_layout":"","bundle_add_to_cart_form_location":"","bundle_editable_in_cart":false,"bundle_sold_individually_context":"","bundle_item_grouping":"","bundle_min_size":"","bundle_max_size":"","bundle_price":[],"bundled_items":[],"bundle_sell_ids":[],"acf":[],"_links":{"self":[{"href":"https:\/\/pippifoder.se\/no\/wp-json\/wp\/v2\/product\/9101","targetHints":{"allow":["GET"]}}],"collection":[{"href":"https:\/\/pippifoder.se\/no\/wp-json\/wp\/v2\/product"}],"about":[{"href":"https:\/\/pippifoder.se\/no\/wp-json\/wp\/v2\/types\/product"}],"replies":[{"embeddable":true,"href":"https:\/\/pippifoder.se\/no\/wp-json\/wp\/v2\/comments?post=9101"}],"wp:featuredmedia":[{"embeddable":true,"href":"https:\/\/pippifoder.se\/no\/wp-json\/wp\/v2\/media\/6495"}],"wp:attachment":[{"href":"https:\/\/pippifoder.se\/no\/wp-json\/wp\/v2\/media?parent=9101"}],"wp:term":[{"taxonomy":"product_brand","embeddable":true,"href":"https:\/\/pippifoder.se\/no\/wp-json\/wp\/v2\/product_brand?post=9101"},{"taxonomy":"product_cat","embeddable":true,"href":"https:\/\/pippifoder.se\/no\/wp-json\/wp\/v2\/product_cat?post=9101"},{"taxonomy":"product_tag","embeddable":true,"href":"https:\/\/pippifoder.se\/no\/wp-json\/wp\/v2\/product_tag?post=9101"}],"curies":[{"name":"wp","href":"https:\/\/api.w.org\/{rel}","templated":true}]}}