{"id":61518,"date":"2026-03-10T10:11:06","date_gmt":"2026-03-10T10:11:06","guid":{"rendered":"https:\/\/pippifoder.se\/ukategorisert\/bland-som-du-vil-5-rabatt\/"},"modified":"2026-04-15T13:02:00","modified_gmt":"2026-04-15T11:02:00","slug":"bland-som-du-vil-5-rabatt","status":"publish","type":"product","link":"https:\/\/pippifoder.se\/no\/produkt\/fuglemat\/stor-pakke\/bland-som-du-vil-5-rabatt\/","title":{"rendered":"Bland som du vil, 5 % rabatt"},"content":{"rendered":"","protected":false},"excerpt":{"rendered":"<p>Bland fuglemat som du vil p\u00e5 en halvpall eller helpall og f\u00e5 5 % rabatt p\u00e5 hele kj\u00f8pet og gratis frakt! Velg minst 10 produkter fra listen, s\u00e5 f\u00e5r du 5 % rabatt og hele bestillingen blir levert hjem til deg p\u00e5 en pall. Perfekt hvis du vil kj\u00f8pe litt mer til deg selv eller dele med naboene.  <\/p>\n","protected":false},"featured_media":58214,"comment_status":"open","ping_status":"closed","template":"","meta":{"_acf_changed":false},"product_brand":[],"product_cat":[50,124,148],"product_tag":[],"class_list":{"0":"post-61518","1":"product","2":"type-product","3":"status-publish","4":"has-post-thumbnail","6":"product_cat-fagelfron-fagelmat-pa-rea","7":"product_cat-fuglemat","8":"product_cat-stor-pakke","10":"first","11":"instock","12":"sale","13":"taxable","14":"shipping-taxable","15":"purchasable","16":"product-type-simple"},"bundled_by":[],"bundle_stock_status":"instock","bundle_stock_quantity":null,"bundle_virtual":false,"bundle_layout":"","bundle_add_to_cart_form_location":"","bundle_editable_in_cart":false,"bundle_sold_individually_context":"","bundle_item_grouping":"","bundle_min_size":"","bundle_max_size":"","bundle_price":[],"bundled_items":[],"bundle_sell_ids":[],"acf":[],"_links":{"self":[{"href":"https:\/\/pippifoder.se\/no\/wp-json\/wp\/v2\/product\/61518","targetHints":{"allow":["GET"]}}],"collection":[{"href":"https:\/\/pippifoder.se\/no\/wp-json\/wp\/v2\/product"}],"about":[{"href":"https:\/\/pippifoder.se\/no\/wp-json\/wp\/v2\/types\/product"}],"replies":[{"embeddable":true,"href":"https:\/\/pippifoder.se\/no\/wp-json\/wp\/v2\/comments?post=61518"}],"wp:featuredmedia":[{"embeddable":true,"href":"https:\/\/pippifoder.se\/no\/wp-json\/wp\/v2\/media\/58214"}],"wp:attachment":[{"href":"https:\/\/pippifoder.se\/no\/wp-json\/wp\/v2\/media?parent=61518"}],"wp:term":[{"taxonomy":"product_brand","embeddable":true,"href":"https:\/\/pippifoder.se\/no\/wp-json\/wp\/v2\/product_brand?post=61518"},{"taxonomy":"product_cat","embeddable":true,"href":"https:\/\/pippifoder.se\/no\/wp-json\/wp\/v2\/product_cat?post=61518"},{"taxonomy":"product_tag","embeddable":true,"href":"https:\/\/pippifoder.se\/no\/wp-json\/wp\/v2\/product_tag?post=61518"}],"curies":[{"name":"wp","href":"https:\/\/api.w.org\/{rel}","templated":true}]}}