{"id":61515,"date":"2026-03-10T11:39:23","date_gmt":"2026-03-10T11:39:23","guid":{"rendered":"https:\/\/pippifoder.se\/ukategorisert\/store-kyllingboder-5-rabatt\/"},"modified":"2026-04-15T13:01:55","modified_gmt":"2026-04-15T11:01:55","slug":"store-kyllingboder-5-rabatt","status":"publish","type":"product","link":"https:\/\/pippifoder.se\/no\/produkt\/kylling\/for-og-mat-til-kyllinger\/store-kyllingboder-5-rabatt\/","title":{"rendered":"Store kyllingboder, 5 % rabatt"},"content":{"rendered":"","protected":false},"excerpt":{"rendered":"<p>Bland kyllingf\u00f4r som du vil p\u00e5 en halvpall eller helpall og f\u00e5 5 % rabatt p\u00e5 hele kj\u00f8pet og gratis frakt! Velg minst 10 produkter fra listen, s\u00e5 f\u00e5r du 5 % rabatt og hele bestillingen blir levert hjem til deg p\u00e5 en pall. Perfekt hvis du vil kj\u00f8pe litt mer til deg selv eller dele med naboene.  <\/p>\n","protected":false},"featured_media":58165,"comment_status":"closed","ping_status":"closed","template":"","meta":{"_acf_changed":false},"product_brand":[],"product_cat":[138,50,333,148],"product_tag":[],"class_list":{"0":"post-61515","1":"product","2":"type-product","3":"status-publish","4":"has-post-thumbnail","6":"product_cat-for-og-mat-til-kyllinger","7":"product_cat-fagelfron-fagelmat-pa-rea","8":"product_cat-kylling","9":"product_cat-stor-pakke","11":"first","12":"instock","13":"sale","14":"taxable","15":"shipping-taxable","16":"purchasable","17":"product-type-simple"},"bundled_by":[],"bundle_stock_status":"instock","bundle_stock_quantity":null,"bundle_virtual":false,"bundle_layout":"","bundle_add_to_cart_form_location":"","bundle_editable_in_cart":false,"bundle_sold_individually_context":"","bundle_item_grouping":"","bundle_min_size":"","bundle_max_size":"","bundle_price":[],"bundled_items":[],"bundle_sell_ids":[],"acf":[],"_links":{"self":[{"href":"https:\/\/pippifoder.se\/no\/wp-json\/wp\/v2\/product\/61515","targetHints":{"allow":["GET"]}}],"collection":[{"href":"https:\/\/pippifoder.se\/no\/wp-json\/wp\/v2\/product"}],"about":[{"href":"https:\/\/pippifoder.se\/no\/wp-json\/wp\/v2\/types\/product"}],"replies":[{"embeddable":true,"href":"https:\/\/pippifoder.se\/no\/wp-json\/wp\/v2\/comments?post=61515"}],"wp:featuredmedia":[{"embeddable":true,"href":"https:\/\/pippifoder.se\/no\/wp-json\/wp\/v2\/media\/58165"}],"wp:attachment":[{"href":"https:\/\/pippifoder.se\/no\/wp-json\/wp\/v2\/media?parent=61515"}],"wp:term":[{"taxonomy":"product_brand","embeddable":true,"href":"https:\/\/pippifoder.se\/no\/wp-json\/wp\/v2\/product_brand?post=61515"},{"taxonomy":"product_cat","embeddable":true,"href":"https:\/\/pippifoder.se\/no\/wp-json\/wp\/v2\/product_cat?post=61515"},{"taxonomy":"product_tag","embeddable":true,"href":"https:\/\/pippifoder.se\/no\/wp-json\/wp\/v2\/product_tag?post=61515"}],"curies":[{"name":"wp","href":"https:\/\/api.w.org\/{rel}","templated":true}]}}