{"id":57595,"date":"2026-03-03T08:21:31","date_gmt":"2026-03-03T08:21:31","guid":{"rendered":"https:\/\/pippifoder.se\/?post_type=product&#038;p=57595"},"modified":"2026-03-03T16:11:45","modified_gmt":"2026-03-03T16:11:45","slug":"fynd-20-kg-avskallede-solsikkefro-i-en-tonne-kopia-2","status":"publish","type":"product","link":"https:\/\/pippifoder.se\/no\/produkt\/tilbudshjorne\/fynd-20-kg-avskallede-solsikkefro-i-en-tonne-kopia-2\/","title":{"rendered":"FYND &#8211; 20 kg avskallede solsikkefr\u00f8 i en t\u00f8nne (kopia)"},"content":{"rendered":"","protected":false},"excerpt":{"rendered":"<p>Ca. 20 kg avskallede solsikkefr\u00f8 i en gr\u00f8nn f\u00f4rt\u00f8nne. OBS, ingen sekk i t\u00f8nnen, fr\u00f8ene er fra \u00f8delagte sekker som vi helte i en f\u00f4rt\u00f8nne. Ikke noe galt med f\u00f4ret, men vi kan ikke selge det n\u00e5r posen er \u00f8delagt.  <\/p>\n","protected":false},"featured_media":21534,"comment_status":"open","ping_status":"closed","template":"","meta":{"_acf_changed":false},"product_brand":[],"product_cat":[293,138,133],"product_tag":[],"class_list":{"0":"post-57595","1":"product","2":"type-product","3":"status-publish","4":"has-post-thumbnail","6":"product_cat-tilbudshjorne","7":"product_cat-for-og-mat-til-kyllinger","8":"product_cat-fuglefro-og-fuglemat-pa-salg","10":"first","11":"outofstock","12":"sale","13":"taxable","14":"shipping-taxable","15":"purchasable","16":"product-type-simple"},"bundled_by":[],"bundle_stock_status":"outofstock","bundle_stock_quantity":0,"bundle_virtual":false,"bundle_layout":"","bundle_add_to_cart_form_location":"","bundle_editable_in_cart":false,"bundle_sold_individually_context":"","bundle_item_grouping":"","bundle_min_size":"","bundle_max_size":"","bundle_price":[],"bundled_items":[],"bundle_sell_ids":[],"acf":[],"_links":{"self":[{"href":"https:\/\/pippifoder.se\/no\/wp-json\/wp\/v2\/product\/57595","targetHints":{"allow":["GET"]}}],"collection":[{"href":"https:\/\/pippifoder.se\/no\/wp-json\/wp\/v2\/product"}],"about":[{"href":"https:\/\/pippifoder.se\/no\/wp-json\/wp\/v2\/types\/product"}],"replies":[{"embeddable":true,"href":"https:\/\/pippifoder.se\/no\/wp-json\/wp\/v2\/comments?post=57595"}],"wp:featuredmedia":[{"embeddable":true,"href":"https:\/\/pippifoder.se\/no\/wp-json\/wp\/v2\/media\/21534"}],"wp:attachment":[{"href":"https:\/\/pippifoder.se\/no\/wp-json\/wp\/v2\/media?parent=57595"}],"wp:term":[{"taxonomy":"product_brand","embeddable":true,"href":"https:\/\/pippifoder.se\/no\/wp-json\/wp\/v2\/product_brand?post=57595"},{"taxonomy":"product_cat","embeddable":true,"href":"https:\/\/pippifoder.se\/no\/wp-json\/wp\/v2\/product_cat?post=57595"},{"taxonomy":"product_tag","embeddable":true,"href":"https:\/\/pippifoder.se\/no\/wp-json\/wp\/v2\/product_tag?post=57595"}],"curies":[{"name":"wp","href":"https:\/\/api.w.org\/{rel}","templated":true}]}}