{"id":54724,"date":"2026-02-10T19:22:57","date_gmt":"2026-02-10T19:22:57","guid":{"rendered":"https:\/\/pippifoder.se\/?post_type=product&#038;p=54724"},"modified":"2026-02-13T18:11:30","modified_gmt":"2026-02-13T18:11:30","slug":"maisknus-25-kg-kopia-kopia-kopia-kopia","status":"publish","type":"product","link":"https:\/\/pippifoder.se\/no\/produkt\/fuglemat\/okologisk-fuglemat\/maisknus-25-kg-kopia-kopia-kopia-kopia\/","title":{"rendered":"\u00d8kologisk bokhvete 10 kg"},"content":{"rendered":"<p data-start=\"521\" data-end=\"827\">Som <strong data-start=\"525\" data-end=\"541\">villfuglf\u00f4r<\/strong> er \u00f8kologisk bokhvete ideell for f\u00f4ring i hager, ved fuglebord eller i \u00e5keren. Den tiltrekker seg sm\u00e5fugler og gir dem variasjon i kostholdet. For <strong data-start=\"697\" data-end=\"705\">h\u00f8ner<\/strong> kan bokhvete brukes som tilleggsf\u00f4r, noe som stimulerer naturlig hakkeatferd og gir variasjon i f\u00f4ringen.  <\/p>\n<p data-start=\"829\" data-end=\"1017\">Denne <strong data-start=\"835\" data-end=\"856\">\u00f8kologiske bokhveten<\/strong> er produsert i Sverige i henhold til gjeldende \u00f8kologiske retningslinjer. Den mindre posen p\u00e5 10 kg er enkel \u00e5 h\u00e5ndtere og passer b\u00e5de til husholdninger og sm\u00e5 besetninger. <\/p>\n<h3 data-start=\"1019\" data-end=\"1060\">Fordeler med \u00d8kologisk bokhvete 10 kg<\/h3>\n<p data-start=\"1061\" data-end=\"1294\">\u2714 Sertifisert \u00f8kologisk f\u00f4r<br data-start=\"1091\" data-end=\"1094\">\u2714 Egnet som villfuglf\u00f4r og kyllingf\u00f4r<br data-start=\"1133\" data-end=\"1136\">\u2714 Naturlig og velsmakende alternativ til korn<br data-start=\"1185\" data-end=\"1188\">\u2714 Egnet for fuglebord, bakkef\u00f4ring og fj\u00f8rfeg\u00e5rder<br data-start=\"1240\" data-end=\"1243\">\u2714 Produsert i Sverige<br data-start=\"1265\" data-end=\"1268\">\u2714 Praktisk 10 kg-pose<\/p>\n<p data-start=\"1296\" data-end=\"1479\">Ved \u00e5 velge <strong data-start=\"1312\" data-end=\"1338\">\u00d8kologisk Bokhvete 10 kg<\/strong> f\u00e5r du et <strong data-start=\"1350\" data-end=\"1391\">b\u00e6rekraftig og svenskprodusert f\u00f4r<\/strong> som bidrar til en mer variert og naturlig f\u00f4ring av b\u00e5de ville fugler og kyllinger.<\/p>\n<p data-start=\"1481\" data-end=\"1605\">Velg <strong data-start=\"1486\" data-end=\"1512\">\u00d8kologisk bokhvete 10 kg<\/strong> n\u00e5r du er p\u00e5 utkikk etter <strong data-start=\"1526\" data-end=\"1566\">\u00f8kologisk villfuglf\u00f4r og fj\u00f8rfef\u00f4r<\/strong> med h\u00f8y kvalitet og tydelig opprinnelse.<\/p>\n","protected":false},"excerpt":{"rendered":"<p><strong data-start=\"246\" data-end=\"272\">\u00d8kologisk bokhvete 10 kg<\/strong> er et <strong data-start=\"280\" data-end=\"315\">naturlig og n\u00e6ringsrikt f\u00f4r<\/strong> som brukes b\u00e5de som <strong data-start=\"337\" data-end=\"353\">villfuglf\u00f4r<\/strong> og <strong data-start=\"358\" data-end=\"371\">kyllingf\u00f4r<\/strong>. Bokhvete er et velsmakende alternativ til tradisjonelle kornsorter og er foretrukket av mange fuglearter p\u00e5 grunn av sin konsistens og sitt energiinnhold. <\/p>\n","protected":false},"featured_media":54729,"comment_status":"closed","ping_status":"closed","template":"","meta":{"_acf_changed":false},"product_brand":[],"product_cat":[199,138,124,333],"product_tag":[],"class_list":{"0":"post-54724","1":"product","2":"type-product","3":"status-publish","4":"has-post-thumbnail","6":"product_cat-okologisk-fuglemat","7":"product_cat-for-og-mat-til-kyllinger","8":"product_cat-fuglemat","9":"product_cat-kylling","10":"product_group-10kg-sack","12":"first","13":"outofstock","14":"taxable","15":"shipping-taxable","16":"purchasable","17":"product-type-simple"},"bundled_by":[],"bundle_stock_status":"outofstock","bundle_stock_quantity":0,"bundle_virtual":false,"bundle_layout":"","bundle_add_to_cart_form_location":"","bundle_editable_in_cart":false,"bundle_sold_individually_context":"","bundle_item_grouping":"","bundle_min_size":"","bundle_max_size":"","bundle_price":[],"bundled_items":[],"bundle_sell_ids":[],"acf":[],"_links":{"self":[{"href":"https:\/\/pippifoder.se\/no\/wp-json\/wp\/v2\/product\/54724","targetHints":{"allow":["GET"]}}],"collection":[{"href":"https:\/\/pippifoder.se\/no\/wp-json\/wp\/v2\/product"}],"about":[{"href":"https:\/\/pippifoder.se\/no\/wp-json\/wp\/v2\/types\/product"}],"replies":[{"embeddable":true,"href":"https:\/\/pippifoder.se\/no\/wp-json\/wp\/v2\/comments?post=54724"}],"wp:featuredmedia":[{"embeddable":true,"href":"https:\/\/pippifoder.se\/no\/wp-json\/wp\/v2\/media\/54729"}],"wp:attachment":[{"href":"https:\/\/pippifoder.se\/no\/wp-json\/wp\/v2\/media?parent=54724"}],"wp:term":[{"taxonomy":"product_brand","embeddable":true,"href":"https:\/\/pippifoder.se\/no\/wp-json\/wp\/v2\/product_brand?post=54724"},{"taxonomy":"product_cat","embeddable":true,"href":"https:\/\/pippifoder.se\/no\/wp-json\/wp\/v2\/product_cat?post=54724"},{"taxonomy":"product_tag","embeddable":true,"href":"https:\/\/pippifoder.se\/no\/wp-json\/wp\/v2\/product_tag?post=54724"}],"curies":[{"name":"wp","href":"https:\/\/api.w.org\/{rel}","templated":true}]}}