{"id":54715,"date":"2026-02-10T19:15:36","date_gmt":"2026-02-10T19:15:36","guid":{"rendered":"https:\/\/pippifoder.se\/?post_type=product&#038;p=54715"},"modified":"2026-05-16T06:40:09","modified_gmt":"2026-05-16T04:40:09","slug":"maisknus-25-kg-kopia-kopia-kopia-2","status":"publish","type":"product","link":"https:\/\/pippifoder.se\/no\/produkt\/kylling\/for-og-mat-til-kyllinger\/maisknus-25-kg-kopia-kopia-kopia-2\/","title":{"rendered":"Hvete 25 kg"},"content":{"rendered":"<p data-start=\"500\" data-end=\"744\">Som <strong data-start=\"504\" data-end=\"517\">fj\u00f8rfef\u00f4r<\/strong> brukes hvete ofte som et supplement til <strong data-start=\"504\" data-end=\"517\">verpef\u00f4r<\/strong> og bidrar til naturlig hakkeatferd. I <strong data-start=\"615\" data-end=\"632\">viltf\u00f4ring<\/strong> kan hvete brukes p\u00e5 <strong data-start=\"615\" data-end=\"632\">f\u00f4ringsplassen, i f\u00f4ringspartiet<\/strong> eller i viltbingen, enten alene eller blandet med annet viltf\u00f4r.<\/p>\n<p data-start=\"746\" data-end=\"928\">Denne <strong data-start=\"752\" data-end=\"773\">hveten i 25 kg sekk<\/strong> er produsert i Sverige og tilpasset nordiske forhold. Den praktiske emballasjen gj\u00f8r f\u00f4ret enkelt \u00e5 oppbevare, h\u00e5ndtere og dosere etter behov.<\/p>\n<h3 data-start=\"930\" data-end=\"959\">Fordeler med Hvete 25 kg<\/h3>\n<p data-start=\"960\" data-end=\"1184\">\u2714 Naturlig korn med h\u00f8y smakelighet<br data-start=\"999\" data-end=\"1002\" \/>\u2714 Egnet som kyllingf\u00f4r og viltf\u00f4r<br data-start=\"1038\" data-end=\"1041\" \/>\u2714 Kan brukes alene eller som et supplement<br data-start=\"1083\" data-end=\"1086\" \/>\u2714 Egnet for f\u00f4rhager, f\u00f4ringsplasser og viltinnhegninger<br data-start=\"1130\" data-end=\"1133\" \/>\u2714 Produsert i Sverige<br data-start=\"1155\" data-end=\"1158\" \/>\u2714 Praktisk pose p\u00e5 25 kg<\/p>\n<p data-start=\"1186\" data-end=\"1401\">Ved \u00e5 bruke <strong data-start=\"1204\" data-end=\"1218\">Hvete 25kg<\/strong> f\u00e5r du et fleksibelt f\u00f4r som egner seg til flere bruksomr\u00e5der. F\u00f4r alltid ansvarlig og tilpass mengden og f\u00f4ringsstedet til dyrenes behov og gjeldende anbefalinger.<\/p>\n<p data-start=\"1403\" data-end=\"1507\">Velg <strong data-start=\"1408\" data-end=\"1422\">Vete 25 kg<\/strong> n\u00e5r du er ute etter et <strong data-start=\"1440\" data-end=\"1477\">p\u00e5litelig, svensk kornf\u00f4r<\/strong> til b\u00e5de fj\u00f8rfe og vilt.<\/p>\n","protected":false},"excerpt":{"rendered":"<p><strong data-start=\"202\" data-end=\"216\">Hvete 25 kg<\/strong> er et <strong data-start=\"224\" data-end=\"259\">allsidig og energirikt<\/strong> f\u00f4r som brukes b\u00e5de som <strong data-start=\"281\" data-end=\"294\">fj\u00f8rfef\u00f4r<\/strong> og som <strong data-start=\"303\" data-end=\"316\">viltf\u00f4r<\/strong> til f\u00f4ring i skog og mark. Hvete er et naturlig korn med god smak og h\u00f8yt energiinnhold, noe som gj\u00f8r det til et popul\u00e6rt valg for b\u00e5de fj\u00f8rfe og vilt.<\/p>\n","protected":false},"featured_media":54721,"comment_status":"closed","ping_status":"closed","template":"","meta":{"_acf_changed":false},"product_brand":[],"product_cat":[138,333,582],"product_tag":[],"class_list":{"0":"post-54715","1":"product","2":"type-product","3":"status-publish","4":"has-post-thumbnail","6":"product_cat-for-og-mat-til-kyllinger","7":"product_cat-kylling","8":"product_cat-viltfor","9":"product_group-25kg-sack","11":"first","12":"instock","13":"taxable","14":"shipping-taxable","15":"purchasable","16":"product-type-simple"},"bundled_by":[],"bundle_stock_status":"instock","bundle_stock_quantity":36,"bundle_virtual":false,"bundle_layout":"","bundle_add_to_cart_form_location":"","bundle_editable_in_cart":false,"bundle_sold_individually_context":"","bundle_item_grouping":"","bundle_min_size":"","bundle_max_size":"","bundle_price":[],"bundled_items":[],"bundle_sell_ids":[],"acf":[],"_links":{"self":[{"href":"https:\/\/pippifoder.se\/no\/wp-json\/wp\/v2\/product\/54715","targetHints":{"allow":["GET"]}}],"collection":[{"href":"https:\/\/pippifoder.se\/no\/wp-json\/wp\/v2\/product"}],"about":[{"href":"https:\/\/pippifoder.se\/no\/wp-json\/wp\/v2\/types\/product"}],"replies":[{"embeddable":true,"href":"https:\/\/pippifoder.se\/no\/wp-json\/wp\/v2\/comments?post=54715"}],"wp:featuredmedia":[{"embeddable":true,"href":"https:\/\/pippifoder.se\/no\/wp-json\/wp\/v2\/media\/54721"}],"wp:attachment":[{"href":"https:\/\/pippifoder.se\/no\/wp-json\/wp\/v2\/media?parent=54715"}],"wp:term":[{"taxonomy":"product_brand","embeddable":true,"href":"https:\/\/pippifoder.se\/no\/wp-json\/wp\/v2\/product_brand?post=54715"},{"taxonomy":"product_cat","embeddable":true,"href":"https:\/\/pippifoder.se\/no\/wp-json\/wp\/v2\/product_cat?post=54715"},{"taxonomy":"product_tag","embeddable":true,"href":"https:\/\/pippifoder.se\/no\/wp-json\/wp\/v2\/product_tag?post=54715"}],"curies":[{"name":"wp","href":"https:\/\/api.w.org\/{rel}","templated":true}]}}