{"id":54685,"date":"2026-02-10T18:54:00","date_gmt":"2026-02-10T18:54:00","guid":{"rendered":"https:\/\/pippifoder.se\/?post_type=product&#038;p=54685"},"modified":"2026-03-24T05:47:22","modified_gmt":"2026-03-24T05:47:22","slug":"maisknus-25-kg-kopia","status":"publish","type":"product","link":"https:\/\/pippifoder.se\/no\/produkt\/viltfor\/maisknus-25-kg-kopia\/","title":{"rendered":"Hel mais 25 kg"},"content":{"rendered":"<p data-start=\"468\" data-end=\"745\">Mais brukes ofte som <strong data-start=\"490\" data-end=\"517\">viltf\u00f4r til villsvin<\/strong>, men egner seg ogs\u00e5 til f\u00f4ring av andre hovdyr og sm\u00e5vilt, avhengig av f\u00f4ringsstrategi og \u00e5rstid. De hele kornene i mais gir et f\u00f4r som det tar tid \u00e5 spise, noe som bidrar til lengre bes\u00f8k p\u00e5 f\u00f4ringsplassen og redusert svinn.<\/p>\n<p data-start=\"747\" data-end=\"968\">Denne <strong data-start=\"753\" data-end=\"783\">25 kg store sekken med viltf\u00f4r<\/strong> er enkel \u00e5 h\u00e5ndtere, oppbevare og dosere. Mais kan brukes som et enkelt f\u00f4rmiddel eller blandes med annet viltf\u00f4r som korn eller pellets for \u00e5 skape en mer variert diett.<\/p>\n<h3 data-start=\"970\" data-end=\"1003\">Fordeler med Hel mais 25kg<\/h3>\n<p data-start=\"1004\" data-end=\"1214\">\u2714 Popul\u00e6rt og velpr\u00f8vd viltf\u00f4r<br data-start=\"1037\" data-end=\"1040\" \/>\u2714 H\u00f8yt energiinnhold og god smakelighet<br data-start=\"1080\" data-end=\"1083\" \/>\u2714 Egnet for \u00e5te, f\u00f4ringsomr\u00e5der og viltinnhegninger<br data-start=\"1127\" data-end=\"1130\" \/>\u2714 Kan brukes alene eller blandes med annet viltf\u00f4r<br data-start=\"1185\" data-end=\"1188\" \/>\u2714 Praktisk pose p\u00e5 25 kg<\/p>\n<p data-start=\"1216\" data-end=\"1473\"><strong data-start=\"1216\" data-end=\"1228\">Hel mais<\/strong> egner seg best til f\u00f4ring i perioder der dyrene trenger ekstra energi, for eksempel h\u00f8st og vinter. For \u00e5 oppn\u00e5 best mulig resultat b\u00f8r f\u00f4ringen alltid gj\u00f8res p\u00e5 en ansvarlig m\u00e5te og tilpasses lokale forhold og gjeldende anbefalinger.<\/p>\n<p>&nbsp;<\/p>\n<p data-start=\"1475\" data-end=\"1632\">Velg <strong data-start=\"1480\" data-end=\"1498\">Mais Hel 25 kg som<\/strong> et p\u00e5litelig og effektivt <strong data-start=\"1531\" data-end=\"1544\">viltf\u00f4r for<\/strong> deg som \u00f8nsker \u00e5 st\u00f8tte og kontrollere viltets bevegelser p\u00e5 en kontrollert m\u00e5te.<\/p>\n","protected":false},"excerpt":{"rendered":"<p><strong data-start=\"215\" data-end=\"233\">Hel mais 25 kg<\/strong> er et popul\u00e6rt og <strong data-start=\"254\" data-end=\"278\">energirikt vilt<\/strong> f\u00f4r som brukes til f\u00f4ring av vilt i skog og mark. Hel mais har et h\u00f8yt energiinnhold og god smakelighet, noe som gj\u00f8r den spesielt effektiv som <strong data-start=\"426\" data-end=\"463\">viltf\u00f4r p\u00e5 \u00e5te- og f\u00f4ringsplassen<\/strong>. Maisen er produsert i Sverige.<\/p>\n","protected":false},"featured_media":54692,"comment_status":"closed","ping_status":"closed","template":"","meta":{"_acf_changed":false},"product_brand":[],"product_cat":[582],"product_tag":[],"class_list":{"0":"post-54685","1":"product","2":"type-product","3":"status-publish","4":"has-post-thumbnail","6":"product_cat-viltfor","7":"product_group-25kg-sack","9":"first","10":"outofstock","11":"taxable","12":"shipping-taxable","13":"purchasable","14":"product-type-simple"},"bundled_by":[],"bundle_stock_status":"outofstock","bundle_stock_quantity":0,"bundle_virtual":false,"bundle_layout":"","bundle_add_to_cart_form_location":"","bundle_editable_in_cart":false,"bundle_sold_individually_context":"","bundle_item_grouping":"","bundle_min_size":"","bundle_max_size":"","bundle_price":[],"bundled_items":[],"bundle_sell_ids":[],"acf":[],"_links":{"self":[{"href":"https:\/\/pippifoder.se\/no\/wp-json\/wp\/v2\/product\/54685","targetHints":{"allow":["GET"]}}],"collection":[{"href":"https:\/\/pippifoder.se\/no\/wp-json\/wp\/v2\/product"}],"about":[{"href":"https:\/\/pippifoder.se\/no\/wp-json\/wp\/v2\/types\/product"}],"replies":[{"embeddable":true,"href":"https:\/\/pippifoder.se\/no\/wp-json\/wp\/v2\/comments?post=54685"}],"wp:featuredmedia":[{"embeddable":true,"href":"https:\/\/pippifoder.se\/no\/wp-json\/wp\/v2\/media\/54692"}],"wp:attachment":[{"href":"https:\/\/pippifoder.se\/no\/wp-json\/wp\/v2\/media?parent=54685"}],"wp:term":[{"taxonomy":"product_brand","embeddable":true,"href":"https:\/\/pippifoder.se\/no\/wp-json\/wp\/v2\/product_brand?post=54685"},{"taxonomy":"product_cat","embeddable":true,"href":"https:\/\/pippifoder.se\/no\/wp-json\/wp\/v2\/product_cat?post=54685"},{"taxonomy":"product_tag","embeddable":true,"href":"https:\/\/pippifoder.se\/no\/wp-json\/wp\/v2\/product_tag?post=54685"}],"curies":[{"name":"wp","href":"https:\/\/api.w.org\/{rel}","templated":true}]}}