{"id":44716,"date":"2025-11-28T09:34:15","date_gmt":"2025-11-28T09:34:15","guid":{"rendered":"https:\/\/pippifoder.se\/?post_type=product&#038;p=44716"},"modified":"2026-03-04T10:57:27","modified_gmt":"2026-03-04T10:57:27","slug":"fynd-15-kg-stripete-solsikkefro-i-en-tonne-kopia-3","status":"publish","type":"product","link":"https:\/\/pippifoder.se\/no\/produkt\/tilbudshjorne\/fynd-15-kg-stripete-solsikkefro-i-en-tonne-kopia-3\/","title":{"rendered":"FYND &#8211; 15 kg stripete solsikkefr\u00f8 i en t\u00f8nne (kopia)"},"content":{"rendered":"","protected":false},"excerpt":{"rendered":"<p>Ca. 12 kg <a href=\"https:\/\/pippifoder.se\/da\/produkt\/fuglefoder\/solsikkefro\/stribede-solsikkefroe-15-kg\/\">stripete solsikkefr\u00f8<\/a> i en t\u00f8nne (fargen kan variere fra bildet). MERK, ingen sekk i t\u00f8nnen, fr\u00f8ene er fra \u00f8delagte sekker som vi helte i en f\u00f4rt\u00f8nne. Det er ikke noe galt med f\u00f4ret, men vi kan ikke selge det n\u00e5r sekken er \u00f8delagt.<\/p>\n","protected":false},"featured_media":27737,"comment_status":"open","ping_status":"closed","template":"","meta":{"_acf_changed":false},"product_brand":[],"product_cat":[293,50,133,124,154],"product_tag":[],"class_list":{"0":"post-44716","1":"product","2":"type-product","3":"status-publish","4":"has-post-thumbnail","6":"product_cat-tilbudshjorne","7":"product_cat-fagelfron-fagelmat-pa-rea","8":"product_cat-fuglefro-og-fuglemat-pa-salg","9":"product_cat-fuglemat","10":"product_cat-villfuglblanding","12":"first","13":"outofstock","14":"sale","15":"taxable","16":"shipping-taxable","17":"purchasable","18":"product-type-simple"},"bundled_by":[],"bundle_stock_status":"outofstock","bundle_stock_quantity":0,"bundle_virtual":false,"bundle_layout":"","bundle_add_to_cart_form_location":"","bundle_editable_in_cart":false,"bundle_sold_individually_context":"","bundle_item_grouping":"","bundle_min_size":"","bundle_max_size":"","bundle_price":[],"bundled_items":[],"bundle_sell_ids":[],"acf":[],"_links":{"self":[{"href":"https:\/\/pippifoder.se\/no\/wp-json\/wp\/v2\/product\/44716","targetHints":{"allow":["GET"]}}],"collection":[{"href":"https:\/\/pippifoder.se\/no\/wp-json\/wp\/v2\/product"}],"about":[{"href":"https:\/\/pippifoder.se\/no\/wp-json\/wp\/v2\/types\/product"}],"replies":[{"embeddable":true,"href":"https:\/\/pippifoder.se\/no\/wp-json\/wp\/v2\/comments?post=44716"}],"wp:featuredmedia":[{"embeddable":true,"href":"https:\/\/pippifoder.se\/no\/wp-json\/wp\/v2\/media\/27737"}],"wp:attachment":[{"href":"https:\/\/pippifoder.se\/no\/wp-json\/wp\/v2\/media?parent=44716"}],"wp:term":[{"taxonomy":"product_brand","embeddable":true,"href":"https:\/\/pippifoder.se\/no\/wp-json\/wp\/v2\/product_brand?post=44716"},{"taxonomy":"product_cat","embeddable":true,"href":"https:\/\/pippifoder.se\/no\/wp-json\/wp\/v2\/product_cat?post=44716"},{"taxonomy":"product_tag","embeddable":true,"href":"https:\/\/pippifoder.se\/no\/wp-json\/wp\/v2\/product_tag?post=44716"}],"curies":[{"name":"wp","href":"https:\/\/api.w.org\/{rel}","templated":true}]}}