{"id":44420,"date":"2025-11-26T18:47:45","date_gmt":"2025-11-26T18:47:45","guid":{"rendered":"https:\/\/pippifoder.se\/?post_type=product&#038;p=44420"},"modified":"2026-04-12T20:02:20","modified_gmt":"2026-04-12T20:02:20","slug":"avskallede-solsikkefro-15-kg-kopia","status":"publish","type":"product","link":"https:\/\/pippifoder.se\/no\/produkt\/fuglemat\/solsikkefro-til-fugler\/avskallede-solsikkefro-15-kg-kopia\/","title":{"rendered":"Avskallede solsikkefr\u00f8 10 kg"},"content":{"rendered":"<p>Solsikkefr\u00f8 med skall er ikke bare en godbit om sommeren, men spiller ogs\u00e5 en avgj\u00f8rende rolle for overlevelsen til sm\u00e5fugler som bl\u00e5meis, gr\u00f8nnfink og svarttrost. Disse fuglene bruker mye av sin v\u00e5kne tid p\u00e5 \u00e5 lete etter mat. \u00c5 gi dem fr\u00f8 med skall gj\u00f8r det enklere for dem, ettersom de ikke trenger \u00e5 anstrenge seg for \u00e5 \u00e5pne fr\u00f8skallene. Dette sparer verdifull tid og gj\u00f8r f\u00f4ringen mer effektiv.   <\/p>\n<p>V\u00e5re avskallede solsikkefr\u00f8 har et lavt fuktighetsinnhold p\u00e5 mindre enn 8 % og en renhet p\u00e5 over 99,95 %, noe som viser at de er av h\u00f8y kvalitet. Solsikkefr\u00f8 inneholder 18 % protein og 62 % fett, noe som er viktig for fuglenes ern\u00e6ring. <\/p>\n<p>Solsikkefr\u00f8 med skall betyr ogs\u00e5 mindre avfall og u\u00f8nskede rester i hagen. De energirike fr\u00f8ene er ideelle for alle typer fugler. En pose p\u00e5 10 kg tilsvarer rundt 20 kg uskrellede fr\u00f8, og de er dobbeltrenset for \u00e5 unng\u00e5 forurensninger som pinner og rusk. Solsikkefr\u00f8ene er bakerikvalitet, men vi selger dem som f\u00f4r.   <\/p>\n<p>\u00c5 mate ville fugler er ikke bare en vakker gest mot naturen, men ogs\u00e5 en m\u00e5te \u00e5 bidra til det biologiske mangfoldet p\u00e5. Med disse fr\u00f8ene kan du tiltrekke deg ulike fuglearter som bl\u00e5meis, spettmeis og finker. Men fremfor alt gj\u00f8r du det for deg selv og for \u00e5 glede deg over fuglene i hagen din!  <\/p>\n<p>Ved \u00e5 velge avskallede solsikkefr\u00f8 bidrar du aktivt til fuglenes trivsel, spesielt i vanskelige m\u00e5neder. Det er viktig \u00e5 ta hensyn til fuglenes helse og sikkerhet ved \u00e5 bruke egnede f\u00f4ringsstasjoner og vedlikeholde dem regelmessig for \u00e5 unng\u00e5 forurensning. <\/p>\n<p>Solsikkefr\u00f8 med skall er et utmerket alternativ for \u00e5 st\u00f8tte og ta vare p\u00e5 ville fugler i nabolaget ditt.<\/p>\n<h2>Ofte stilte sp\u00f8rsm\u00e5l om avskallede solsikkefr\u00f8<\/h2>\n<p>Her er de vanligste sp\u00f8rsm\u00e5lene om avskallede solsikkefr\u00f8.<\/p>\n<h3>Hvorfor avskallede solsikkefr\u00f8?<\/h3>\n<p>Vi har valgt \u00e5 ta med avskallede solsikkefr\u00f8 hjem av flere grunner:<\/p>\n<ul>\n<li>En pose med avskallede solsikkefr\u00f8 inneholder dobbelt s\u00e5 mye fr\u00f8 som en pose med skall, og skallene utgj\u00f8r nesten 50 % av vekten!<\/li>\n<li>Vi bruker halvparten s\u00e5 mye emballasje n\u00e5r vi ikke trenger \u00e5 transportere skallet<\/li>\n<li>Billigere frakt fordi vi ikke sender s\u00f8ppel (skjell)<\/li>\n<li>Avskallede solsikkefr\u00f8 tar bare halvparten s\u00e5 mye plass for \u00e5 lagre samme mengde mat<\/li>\n<li>Du og naboene dine slipper \u00e5 forholde dere til en masse solsikkeavfall<\/li>\n<li>Flere fugler kan lettere spise avskallede solsikkefr\u00f8, men ikke alle er utstyrt med et ekte skallknakknebb<\/li>\n<\/ul>\n<p>Finn ut mer om hva du b\u00f8r tenke p\u00e5 n\u00e5r du f\u00f4rer fugler i kunnskapsbanken v\u00e5r!<\/p>\n<h3>Hvilke fugler spiser avskallede solsikkefr\u00f8?<\/h3>\n<p>Solsikkefr\u00f8 tiltrekker seg en rekke fuglearter. Blant de vanligste fugleartene er: <\/p>\n<ul>\n<li>Jernspurv<\/li>\n<li>Gr\u00f8nnfink<\/li>\n<li>Svart hette<\/li>\n<li>Svarttrost<\/li>\n<li>Robin<\/li>\n<li>Langhalet meis<\/li>\n<\/ul>\n<p>Solsikkefr\u00f8 har et h\u00f8yt oljeinnhold og h\u00f8y n\u00e6ringsverdi, noe som gj\u00f8r dem til en utmerket kilde til energi og n\u00e6ring for mange fugler.<\/p>\n<h3>Hvor kommer de avskallede solsikkefr\u00f8ene v\u00e5re fra?<\/h3>\n<p>Solsikkefr\u00f8 dyrkes for det meste i \u00d8st-Europa, og Ukraina er en stor eksport\u00f8r av solsikkefr\u00f8. V\u00e5re avskallede solsikkefr\u00f8 kommer fra Bulgaria, som er en stor produsent og eksport\u00f8r av solsikkefr\u00f8. <\/p>\n<h3>Hvor mye er avskallede solsikkefr\u00f8 verdt?<\/h3>\n<p>Omtrent halvparten av vanlige solsikkefr\u00f8 er avskallet. Man kan si at 10 kg avskallede solsikkefr\u00f8 tilsvarer omtrent 20 kg avskallede solsikkefr\u00f8. <\/p>\n<h3>Er v\u00e5re avskallede solsikkefr\u00f8 hele?<\/h3>\n<p>Ja, v\u00e5re avskallede solsikkefr\u00f8 er hele, ikke knuste.<\/p>\n<h3>Er v\u00e5re avskallede solsikkefr\u00f8 \u00f8kologiske?<\/h3>\n<p>Disse solsikkefr\u00f8ene kommer fra s\u00e5kalt &laquo;konvensjonell&raquo; dyrking, noe som betyr at de er spr\u00f8ytet og dermed ikke \u00f8kologiske. P\u00e5 foresp\u00f8rsel fra kunder har vi tatt hjem <a href=\"https:\/\/pippifoder.se\/no\/produkt\/fuglemat\/okologisk-fuglemat\/okologiske-solsikkekjerner-25-kg\/\">skrellede \u00f8kologiske solsikkefr\u00f8!<\/a> <\/p>\n<h3>Kan kyllinger spise avskallede solsikkefr\u00f8?<\/h3>\n<p>Ja, h\u00f8ner elsker avskallede solsikkefr\u00f8! \ud83d\ude42<\/p>\n<h3>Kan skrelte solsikkefr\u00f8 spises av fugler?<\/h3>\n<p>V\u00e5re avskallede solsikkefr\u00f8 er av matkvalitet, men vi selger dem som fuglemat.<\/p>\n<h3>Hva er forskjellen mellom solsikkefr\u00f8 og solsikkekjerner?<\/h3>\n<p>Solsikkefr\u00f8 med skall er det korrekte navnet p\u00e5 det som noen ganger feilaktig kalles <a href=\"https:\/\/pippifoder.se\/no\/solsikkefro-no\/\">solsikkekjerner<\/a>. Disse fr\u00f8ene utgj\u00f8r faktisk fr\u00f8ene til solsikken. De befinner seg i den brune delen av den praktfulle solsikkeblomsten, der solsikkens sm\u00e5, faste frukter inneholder disse fr\u00f8ene.  <\/p>\n","protected":false},"excerpt":{"rendered":"<p>Solsikkefr\u00f8 med skall av topp kvalitet. Solsikkefr\u00f8 med skall er perfekt for alle typer fugler. 10 kg avskallede solsikkefr\u00f8 tilsvarer omtrent 20 kg avskallede solsikkefr\u00f8.  <\/p>\n<p><a href=\"https:\/\/pippifoder.se\/no\/produkt\/fuglemat\/solsikkefro-til-fugler\/solsikkekjerner-15-kg\/\">Ogs\u00e5 tilgjengelig som 15 kg sekk<\/a><\/p>\n","protected":false},"featured_media":44434,"comment_status":"closed","ping_status":"closed","template":"","meta":{"_acf_changed":false},"product_brand":[],"product_cat":[140,125,136,124,141],"product_tag":[101,102],"class_list":{"0":"post-44420","1":"product","2":"type-product","3":"status-publish","4":"has-post-thumbnail","6":"product_cat-solsikkefro-til-fugler","7":"product_cat-fro-og-mat-til-ville-fugler","8":"product_cat-fuglefro-no","9":"product_cat-fuglemat","10":"product_cat-solsikkefro-no","11":"product_tag-fuglemat","12":"product_tag-solsikkefro","13":"product_shipping_class-sverige-no","15":"first","16":"instock","17":"taxable","18":"shipping-taxable","19":"purchasable","20":"product-type-simple"},"bundled_by":[],"bundle_stock_status":"instock","bundle_stock_quantity":457,"bundle_virtual":false,"bundle_layout":"","bundle_add_to_cart_form_location":"","bundle_editable_in_cart":false,"bundle_sold_individually_context":"","bundle_item_grouping":"","bundle_min_size":"","bundle_max_size":"","bundle_price":[],"bundled_items":[],"bundle_sell_ids":[],"acf":[],"_links":{"self":[{"href":"https:\/\/pippifoder.se\/no\/wp-json\/wp\/v2\/product\/44420","targetHints":{"allow":["GET"]}}],"collection":[{"href":"https:\/\/pippifoder.se\/no\/wp-json\/wp\/v2\/product"}],"about":[{"href":"https:\/\/pippifoder.se\/no\/wp-json\/wp\/v2\/types\/product"}],"replies":[{"embeddable":true,"href":"https:\/\/pippifoder.se\/no\/wp-json\/wp\/v2\/comments?post=44420"}],"wp:featuredmedia":[{"embeddable":true,"href":"https:\/\/pippifoder.se\/no\/wp-json\/wp\/v2\/media\/44434"}],"wp:attachment":[{"href":"https:\/\/pippifoder.se\/no\/wp-json\/wp\/v2\/media?parent=44420"}],"wp:term":[{"taxonomy":"product_brand","embeddable":true,"href":"https:\/\/pippifoder.se\/no\/wp-json\/wp\/v2\/product_brand?post=44420"},{"taxonomy":"product_cat","embeddable":true,"href":"https:\/\/pippifoder.se\/no\/wp-json\/wp\/v2\/product_cat?post=44420"},{"taxonomy":"product_tag","embeddable":true,"href":"https:\/\/pippifoder.se\/no\/wp-json\/wp\/v2\/product_tag?post=44420"}],"curies":[{"name":"wp","href":"https:\/\/api.w.org\/{rel}","templated":true}]}}