{"id":44084,"date":"2025-11-24T18:37:57","date_gmt":"2025-11-24T18:37:57","guid":{"rendered":"https:\/\/pippifoder.se\/?post_type=product&#038;p=44084"},"modified":"2025-11-29T14:28:19","modified_gmt":"2025-11-29T14:28:19","slug":"fuglemating-alt-du-trenger-a-vite-kopia-2","status":"publish","type":"product","link":"https:\/\/pippifoder.se\/no\/produkt\/tilbehor-no\/boker\/fuglemating-alt-du-trenger-a-vite-kopia-2\/","title":{"rendered":"Fuglekikkerens loggbok"},"content":{"rendered":"<h2><strong>Produktinformasjon: <\/strong>Fuglekikkerens loggbok<\/h2>\n<p><strong>Publisering:<\/strong> 10. april 2025<br \/>\n<strong>Antall sider: <\/strong>128<br \/>\n<strong>Vekt:<\/strong> 252 g<br \/>\n<b>Spr\u00e5k: <\/b>Svensk<br \/>\n<strong>ISBN: <\/strong>9789171266613<\/p>\n","protected":false},"excerpt":{"rendered":"<p data-start=\"67\" data-end=\"259\">Liker du \u00e5 utforske naturen og holde styr p\u00e5 alle fuglene du m\u00f8ter? <strong data-start=\"139\" data-end=\"165\">The Birdwatcher&#8217;s Logbook<\/strong> er din perfekte f\u00f8lgesvenn &#8211; enten du er ny i hobbyen eller en lidenskapelig ornitolog.<\/p>\n<p data-start=\"261\" data-end=\"554\">Med denne loggboken kan du enkelt dokumentere hver eneste observasjon: art, sted, klokkeslett, v\u00e6r og andre detaljer som kompletterer opplevelsen din. Den gir deg en oversiktlig og strukturert oversikt over fuglene du har sett, og hjelper deg med \u00e5 f\u00f8lge med p\u00e5 endringene i fuglelivet gjennom \u00e5rstidene. <\/p>\n<p>&nbsp;<\/p>\n<p data-start=\"556\" data-end=\"771\">Loggboken gj\u00f8r turene i naturen mer n\u00e6rv\u00e6rende og inspirerende. La mobiltelefonen ligge i lommen, ta frem pennen og la hver tur bli en helt analog opplevelse. Hvem vet &#8211; kanskje du til og med f\u00e5r \u00f8ye p\u00e5 en helt uvanlig art?  <\/p>\n","protected":false},"featured_media":44088,"comment_status":"open","ping_status":"closed","template":"","meta":{"_acf_changed":false},"product_brand":[],"product_cat":[302,572,160],"product_tag":[],"class_list":{"0":"post-44084","1":"product","2":"type-product","3":"status-publish","4":"has-post-thumbnail","6":"product_cat-boker","7":"product_cat-julegaveideer-til-fugleelskere-i-2025","8":"product_cat-tilbehor-no","9":"product_shipping_class-sverige-no","10":"product_group-foderstang-talgfrobar-kokosnot","12":"first","13":"instock","14":"taxable","15":"shipping-taxable","16":"purchasable","17":"product-type-simple"},"bundled_by":[],"bundle_stock_status":"instock","bundle_stock_quantity":97,"bundle_virtual":false,"bundle_layout":"","bundle_add_to_cart_form_location":"","bundle_editable_in_cart":false,"bundle_sold_individually_context":"","bundle_item_grouping":"","bundle_min_size":"","bundle_max_size":"","bundle_price":[],"bundled_items":[],"bundle_sell_ids":[],"acf":[],"_links":{"self":[{"href":"https:\/\/pippifoder.se\/no\/wp-json\/wp\/v2\/product\/44084","targetHints":{"allow":["GET"]}}],"collection":[{"href":"https:\/\/pippifoder.se\/no\/wp-json\/wp\/v2\/product"}],"about":[{"href":"https:\/\/pippifoder.se\/no\/wp-json\/wp\/v2\/types\/product"}],"replies":[{"embeddable":true,"href":"https:\/\/pippifoder.se\/no\/wp-json\/wp\/v2\/comments?post=44084"}],"wp:featuredmedia":[{"embeddable":true,"href":"https:\/\/pippifoder.se\/no\/wp-json\/wp\/v2\/media\/44088"}],"wp:attachment":[{"href":"https:\/\/pippifoder.se\/no\/wp-json\/wp\/v2\/media?parent=44084"}],"wp:term":[{"taxonomy":"product_brand","embeddable":true,"href":"https:\/\/pippifoder.se\/no\/wp-json\/wp\/v2\/product_brand?post=44084"},{"taxonomy":"product_cat","embeddable":true,"href":"https:\/\/pippifoder.se\/no\/wp-json\/wp\/v2\/product_cat?post=44084"},{"taxonomy":"product_tag","embeddable":true,"href":"https:\/\/pippifoder.se\/no\/wp-json\/wp\/v2\/product_tag?post=44084"}],"curies":[{"name":"wp","href":"https:\/\/api.w.org\/{rel}","templated":true}]}}