{"id":38342,"date":"2025-10-22T17:58:13","date_gmt":"2025-10-22T17:58:13","guid":{"rendered":"https:\/\/pippifoder.se\/?post_type=product&#038;p=38342"},"modified":"2026-03-27T10:03:23","modified_gmt":"2026-03-27T10:03:23","slug":"xxl-mater-for-fro-til-ville-fugler-kopia-4","status":"publish","type":"product","link":"https:\/\/pippifoder.se\/no\/produkt\/fuglemater-og-fuglebrett\/ekorr-og-kattesikre-fuglematere\/xxl-mater-for-fro-til-ville-fugler-kopia-4\/","title":{"rendered":"Ekorn- og kattesikker fuglemater til pean\u00f8ttsm\u00f8r p\u00e5 boks"},"content":{"rendered":"<h3 data-start=\"798\" data-end=\"819\"><strong data-start=\"802\" data-end=\"817\">Kjennetegn:<\/strong><\/h3>\n<ul data-start=\"820\" data-end=\"1107\">\n<li data-start=\"820\" data-end=\"887\">\n<p data-start=\"822\" data-end=\"887\"><strong data-start=\"822\" data-end=\"859\">Ekorn- og skj\u00e6resikker konstruksjon<\/strong> &#8211; sm\u00e5fugler kan spise uforstyrret<\/p>\n<\/li>\n<li data-start=\"888\" data-end=\"944\">\n<p data-start=\"890\" data-end=\"944\">Passer til <strong data-start=\"897\" data-end=\"924\">pean\u00f8ttsm\u00f8r i glasskrukke<\/strong> (standard st\u00f8rrelse)<\/p>\n<\/li>\n<li data-start=\"945\" data-end=\"1007\">\n<p data-start=\"947\" data-end=\"1007\"><strong data-start=\"947\" data-end=\"978\">Laget av slitesterkt metall<\/strong> med beskyttende belegg<\/p>\n<\/li>\n<li data-start=\"1008\" data-end=\"1057\">\n<p data-start=\"1010\" data-end=\"1057\"><strong data-start=\"1010\" data-end=\"1045\">Kan monteres p\u00e5 vegg eller tre<\/strong> med skruer<\/p>\n<\/li>\n<li data-start=\"1058\" data-end=\"1092\">\n<p data-start=\"1060\" data-end=\"1092\">Enkel \u00e5 fylle p\u00e5 og rengj\u00f8re<\/p>\n<\/li>\n<li data-start=\"1093\" data-end=\"1107\">\n<p data-start=\"1095\" data-end=\"1107\">Farge: Gr\u00f8nn<\/p>\n<\/li>\n<\/ul>\n<h3 data-start=\"1109\" data-end=\"1128\"><strong data-start=\"1113\" data-end=\"1126\">Fordeler:<\/strong><\/h3>\n<ul data-start=\"1129\" data-end=\"1326\">\n<li data-start=\"1129\" data-end=\"1177\">\n<p data-start=\"1131\" data-end=\"1177\">Beskytter maten mot st\u00f8rre fugler og ekorn<\/p>\n<\/li>\n<li data-start=\"1178\" data-end=\"1231\">\n<p data-start=\"1180\" data-end=\"1231\">Tiltrekker seg sm\u00e5fugler som bl\u00e5meis, kj\u00f8ttmeis og spettmeis<\/p>\n<\/li>\n<li data-start=\"1232\" data-end=\"1277\">\n<p data-start=\"1234\" data-end=\"1277\">Robust design som holder i mange sesonger<\/p>\n<\/li>\n<li data-start=\"1278\" data-end=\"1326\">\n<p data-start=\"1280\" data-end=\"1326\">Gir et rent og ryddig inntrykk i hagen<\/p>\n<\/li>\n<\/ul>\n<p>&nbsp;<\/p>\n<p data-start=\"1328\" data-end=\"1500\">\ud83d\udc26 Med denne <strong data-start=\"1341\" data-end=\"1394\">ekorn- og skattsikre fuglemateren med pean\u00f8ttsm\u00f8r<\/strong> kan du gi hagens sm\u00e5fugler en energirik delikatesse &#8211; uten \u00e5 m\u00e5tte bekymre deg for ubudne gjester!<\/p>\n","protected":false},"excerpt":{"rendered":"<p data-start=\"245\" data-end=\"577\">Gi sm\u00e5fuglene dine energi p\u00e5 en trygg m\u00e5te med denne <strong data-start=\"296\" data-end=\"356\">ekorn- og skattsikre fuglemateren med pean\u00f8ttsm\u00f8r i en krukke<\/strong>. Det solide metallburet beskytter krukken mot st\u00f8rre fugler og ekorn, samtidig som sm\u00e5fugler lett kan komme inn og nyte pean\u00f8ttsm\u00f8ret. Ideell for bruk med standard glasskrukker beregnet p\u00e5 ville fugler.<\/p>\n<p data-start=\"579\" data-end=\"796\">Fuglemateren er laget av v\u00e6rbestandig metall med en pulverlakkert gr\u00f8nn overflate som passer godt inn i hagen. Den er enkel \u00e5 montere p\u00e5 en vegg, trestamme eller fuglebord takket v\u00e6re den smarte braketten p\u00e5 baksiden. <\/p>\n<p data-start=\"579\" data-end=\"796\">Passer til <a href=\"https:\/\/pippifoder.se\/no\/produkt\/fuglemat\/fettfroblanding\/fuglematermuttere-store-3-etasjer-rustfritt-kopia-kopia-kopia-kopia\/\">pean\u00f8ttsm\u00f8r med melorm i glass<\/a> og <a href=\"https:\/\/pippifoder.se\/no\/produkt\/fuglemat\/fettfroblanding\/peanottsmor-med-melorm-i-glasskrukke-kopia\/\">pean\u00f8ttsm\u00f8r med knuste pean\u00f8tter i glass<\/a><\/p>\n","protected":false},"featured_media":38346,"comment_status":"closed","ping_status":"closed","template":"","meta":{"_acf_changed":false},"product_brand":[],"product_cat":[566,691,155],"product_tag":[],"class_list":{"0":"post-38342","1":"product","2":"type-product","3":"status-publish","4":"has-post-thumbnail","6":"product_cat-ekorr-og-kattesikre-fuglematere","7":"product_cat-fagelmatare-med-skydd","8":"product_cat-fuglemater-og-fuglebrett","9":"product_group-traholk-bord","11":"first","12":"instock","13":"taxable","14":"shipping-taxable","15":"purchasable","16":"product-type-simple"},"bundled_by":[],"bundle_stock_status":"instock","bundle_stock_quantity":29,"bundle_virtual":false,"bundle_layout":"","bundle_add_to_cart_form_location":"","bundle_editable_in_cart":false,"bundle_sold_individually_context":"","bundle_item_grouping":"","bundle_min_size":"","bundle_max_size":"","bundle_price":[],"bundled_items":[],"bundle_sell_ids":[],"acf":[],"_links":{"self":[{"href":"https:\/\/pippifoder.se\/no\/wp-json\/wp\/v2\/product\/38342","targetHints":{"allow":["GET"]}}],"collection":[{"href":"https:\/\/pippifoder.se\/no\/wp-json\/wp\/v2\/product"}],"about":[{"href":"https:\/\/pippifoder.se\/no\/wp-json\/wp\/v2\/types\/product"}],"replies":[{"embeddable":true,"href":"https:\/\/pippifoder.se\/no\/wp-json\/wp\/v2\/comments?post=38342"}],"wp:featuredmedia":[{"embeddable":true,"href":"https:\/\/pippifoder.se\/no\/wp-json\/wp\/v2\/media\/38346"}],"wp:attachment":[{"href":"https:\/\/pippifoder.se\/no\/wp-json\/wp\/v2\/media?parent=38342"}],"wp:term":[{"taxonomy":"product_brand","embeddable":true,"href":"https:\/\/pippifoder.se\/no\/wp-json\/wp\/v2\/product_brand?post=38342"},{"taxonomy":"product_cat","embeddable":true,"href":"https:\/\/pippifoder.se\/no\/wp-json\/wp\/v2\/product_cat?post=38342"},{"taxonomy":"product_tag","embeddable":true,"href":"https:\/\/pippifoder.se\/no\/wp-json\/wp\/v2\/product_tag?post=38342"}],"curies":[{"name":"wp","href":"https:\/\/api.w.org\/{rel}","templated":true}]}}