{"id":38334,"date":"2025-10-22T17:56:29","date_gmt":"2025-10-22T15:56:29","guid":{"rendered":"https:\/\/pippifoder.se\/?post_type=product&#038;p=38334"},"modified":"2026-04-15T13:03:16","modified_gmt":"2026-04-15T11:03:16","slug":"xxl-mater-for-fro-til-ville-fugler-kopia-3","status":"publish","type":"product","link":"https:\/\/pippifoder.se\/no\/produkt\/fuglemater-og-fuglebrett\/ekorr-og-kattesikre-fuglematere\/xxl-mater-for-fro-til-ville-fugler-kopia-3\/","title":{"rendered":"Ekorn- og kattesikker fuglemater for talgballer"},"content":{"rendered":"<h3 data-start=\"754\" data-end=\"775\"><strong data-start=\"758\" data-end=\"773\">Kjennetegn:<\/strong><\/h3>\n<ul data-start=\"776\" data-end=\"1080\">\n<li data-start=\"776\" data-end=\"844\">\n<p data-start=\"778\" data-end=\"844\"><strong data-start=\"778\" data-end=\"809\">Ekorn- og kattesikkert design<\/strong> &#8211; beskytter maten mot st\u00f8rre dyr<\/p>\n<\/li>\n<li data-start=\"845\" data-end=\"891\">\n<p data-start=\"847\" data-end=\"891\">Egnet for <strong data-start=\"858\" data-end=\"889\">talgballer og energiballer<\/strong><\/p>\n<\/li>\n<li data-start=\"892\" data-end=\"953\">\n<p data-start=\"894\" data-end=\"953\"><strong data-start=\"894\" data-end=\"923\">Stabil metallkonstruksjon<\/strong> med v\u00e6rbestandig belegg<\/p>\n<\/li>\n<li data-start=\"954\" data-end=\"1011\">\n<p data-start=\"956\" data-end=\"1011\"><strong data-start=\"956\" data-end=\"974\">Avtakbart lokk<\/strong> for enkel p\u00e5fylling og rengj\u00f8ring<\/p>\n<\/li>\n<li data-start=\"1012\" data-end=\"1057\">\n<p data-start=\"1014\" data-end=\"1057\"><strong data-start=\"1014\" data-end=\"1033\">Hengere p\u00e5 toppen<\/strong> for enkel oppsetting<\/p>\n<\/li>\n<\/ul>\n<h3 data-start=\"1082\" data-end=\"1101\"><strong data-start=\"1086\" data-end=\"1099\">Fordeler:<\/strong><\/h3>\n<ul data-start=\"1102\" data-end=\"1290\">\n<li data-start=\"1102\" data-end=\"1164\">\n<p data-start=\"1104\" data-end=\"1164\">Gir sm\u00e5fugler som bl\u00e5meis, kj\u00f8ttmeis og steinskvett mulighet til \u00e5 spise uforstyrret<\/p>\n<\/li>\n<li data-start=\"1165\" data-end=\"1213\">\n<p data-start=\"1167\" data-end=\"1213\">Reduserer svinn og holder maten fersk lenger<\/p>\n<\/li>\n<li data-start=\"1214\" data-end=\"1256\">\n<p data-start=\"1216\" data-end=\"1256\">Slitesterk og stilig design i gr\u00f8nt metall<\/p>\n<\/li>\n<li data-start=\"1257\" data-end=\"1290\">\n<p data-start=\"1259\" data-end=\"1290\">Perfekt for f\u00f4ring \u00e5ret rundt<\/p>\n<\/li>\n<\/ul>\n<p>&nbsp;<\/p>\n<p data-start=\"1292\" data-end=\"1445\">\ud83d\udc26 Med denne <strong data-start=\"1305\" data-end=\"1356\">ekorn- og skj\u00e6resikre fuglemateren for talgkuler<\/strong> f\u00e5r du flere sm\u00e5fugler i hagen &#8211; uten at ekorn eller skj\u00e6rer tar over spisebordet!<\/p>\n","protected":false},"excerpt":{"rendered":"<p data-start=\"231\" data-end=\"515\">Beskytt sm\u00e5fuglenes favorittmat mot ubudne gjester med denne <strong data-start=\"294\" data-end=\"345\">ekorn- og skj\u00e6resikre talgkulefuglemateren<\/strong>. Den smarte designen best\u00e5r av en indre talgkuleholder, omgitt av et solid metallbur som effektivt hindrer st\u00f8rre fugler og ekorn i \u00e5 f\u00e5 tilgang til maten. <\/p>\n<p data-start=\"517\" data-end=\"752\">Den robuste, v\u00e6rbestandige metallkonstruksjonen gj\u00f8r at fuglemateren er perfekt for bruk \u00e5ret rundt. Lokket er enkelt \u00e5 ta av for fylling og rengj\u00f8ring, og det praktiske h\u00e5ndtaket gj\u00f8r den enkel \u00e5 henge opp i tr\u00e6r, p\u00e5 kroker eller fuglestativer. <\/p>\n","protected":false},"featured_media":38338,"comment_status":"closed","ping_status":"closed","template":"","meta":{"_acf_changed":false},"product_brand":[],"product_cat":[566,707,155,151],"product_tag":[],"class_list":{"0":"post-38334","1":"product","2":"type-product","3":"status-publish","4":"has-post-thumbnail","6":"product_cat-ekorr-og-kattesikre-fuglematere","7":"product_cat-fuglemater-for-talgballer","8":"product_cat-fuglemater-og-fuglebrett","9":"product_cat-meiseboller-til-smafugler","11":"first","12":"instock","13":"taxable","14":"shipping-taxable","15":"purchasable","16":"product-type-simple"},"bundled_by":[],"bundle_stock_status":"instock","bundle_stock_quantity":9,"bundle_virtual":false,"bundle_layout":"","bundle_add_to_cart_form_location":"","bundle_editable_in_cart":false,"bundle_sold_individually_context":"","bundle_item_grouping":"","bundle_min_size":"","bundle_max_size":"","bundle_price":[],"bundled_items":[],"bundle_sell_ids":[],"acf":[],"_links":{"self":[{"href":"https:\/\/pippifoder.se\/no\/wp-json\/wp\/v2\/product\/38334","targetHints":{"allow":["GET"]}}],"collection":[{"href":"https:\/\/pippifoder.se\/no\/wp-json\/wp\/v2\/product"}],"about":[{"href":"https:\/\/pippifoder.se\/no\/wp-json\/wp\/v2\/types\/product"}],"replies":[{"embeddable":true,"href":"https:\/\/pippifoder.se\/no\/wp-json\/wp\/v2\/comments?post=38334"}],"wp:featuredmedia":[{"embeddable":true,"href":"https:\/\/pippifoder.se\/no\/wp-json\/wp\/v2\/media\/38338"}],"wp:attachment":[{"href":"https:\/\/pippifoder.se\/no\/wp-json\/wp\/v2\/media?parent=38334"}],"wp:term":[{"taxonomy":"product_brand","embeddable":true,"href":"https:\/\/pippifoder.se\/no\/wp-json\/wp\/v2\/product_brand?post=38334"},{"taxonomy":"product_cat","embeddable":true,"href":"https:\/\/pippifoder.se\/no\/wp-json\/wp\/v2\/product_cat?post=38334"},{"taxonomy":"product_tag","embeddable":true,"href":"https:\/\/pippifoder.se\/no\/wp-json\/wp\/v2\/product_tag?post=38334"}],"curies":[{"name":"wp","href":"https:\/\/api.w.org\/{rel}","templated":true}]}}