{"id":38317,"date":"2025-10-22T17:48:48","date_gmt":"2025-10-22T17:48:48","guid":{"rendered":"https:\/\/pippifoder.se\/?post_type=product&#038;p=38317"},"modified":"2026-04-15T13:03:17","modified_gmt":"2026-04-15T11:03:17","slug":"xxl-mater-for-fro-til-ville-fugler-kopia","status":"publish","type":"product","link":"https:\/\/pippifoder.se\/no\/produkt\/fuglemater-og-fuglebrett\/ekorr-og-kattesikre-fuglematere\/xxl-mater-for-fro-til-ville-fugler-kopia\/","title":{"rendered":"Ekorn- og skj\u00e6resikker fuglemater for fr\u00f8"},"content":{"rendered":"<h3 data-start=\"734\" data-end=\"755\"><strong data-start=\"738\" data-end=\"753\">Kjennetegn:<\/strong><\/h3>\n<ul data-start=\"756\" data-end=\"1104\">\n<li data-start=\"756\" data-end=\"826\">\n<p data-start=\"758\" data-end=\"826\">Ekorn- og kattesikkert design &#8211; bare sm\u00e5fugler har tilgang til maten<\/p>\n<\/li>\n<li data-start=\"827\" data-end=\"894\">\n<p data-start=\"829\" data-end=\"894\">Egnet for villfuglfr\u00f8, solsikkefr\u00f8 eller sm\u00e5fr\u00f8blandinger<\/p>\n<\/li>\n<li data-start=\"895\" data-end=\"950\">\n<p data-start=\"897\" data-end=\"950\">Laget av sterkt metall og gjennomsiktig plast<\/p>\n<\/li>\n<li data-start=\"951\" data-end=\"1008\">\n<p data-start=\"953\" data-end=\"1008\">Avtakbart lokk for enkel p\u00e5fylling og rengj\u00f8ring<\/p>\n<\/li>\n<li data-start=\"1009\" data-end=\"1081\">\n<p data-start=\"1011\" data-end=\"1081\">Praktisk oppheng for opphenging i tr\u00e6r, kroker eller fuglepinner<\/p>\n<\/li>\n<\/ul>\n<h3 data-start=\"1106\" data-end=\"1125\"><strong data-start=\"1110\" data-end=\"1123\">Fordeler:<\/strong><\/h3>\n<ul data-start=\"1126\" data-end=\"1320\">\n<li data-start=\"1126\" data-end=\"1178\">\n<p data-start=\"1128\" data-end=\"1178\">Beskytter fuglematen mot st\u00f8rre fugler og ekorn<\/p>\n<\/li>\n<li data-start=\"1179\" data-end=\"1209\">\n<p data-start=\"1181\" data-end=\"1209\">Tiltrekker seg sm\u00e5fugler \u00e5ret rundt<\/p>\n<\/li>\n<li data-start=\"1210\" data-end=\"1260\">\n<p data-start=\"1212\" data-end=\"1260\">Lang levetid og v\u00e6rbestandig konstruksjon<\/p>\n<\/li>\n<li data-start=\"1261\" data-end=\"1320\">\n<p data-start=\"1263\" data-end=\"1320\">Stilig, gr\u00f8nn design som smelter naturlig inn i hagen<\/p>\n<\/li>\n<\/ul>\n<p data-start=\"1322\" data-end=\"1468\">\ud83d\udc26 Med denne <strong data-start=\"1335\" data-end=\"1380\">ekorn- og skj\u00e6resikre fuglemateren for fr\u00f8<\/strong> f\u00e5r du mer fredelige m\u00e5ltider i hagen &#8211; der sm\u00e5fuglene kan spise uforstyrret, dag etter dag.<\/p>\n","protected":false},"excerpt":{"rendered":"<p data-start=\"210\" data-end=\"571\">Gi sm\u00e5fugler et trygt sted \u00e5 spise med denne <strong data-start=\"258\" data-end=\"303\">ekorn- og skj\u00e6resikre fuglemateren for fr\u00f8.<\/strong> Det solide metallburet rundt den indre siloen gj\u00f8r at bare sm\u00e5fugler f\u00e5r tilgang til maten, mens st\u00f8rre fugler og ekorn holdes p\u00e5 avstand. Ideell for deg som \u00f8nsker \u00e5 tiltrekke deg sm\u00e5fugler som fuglekonge, bl\u00e5meis og bokfink til hagen uten un\u00f8dvendig tap av mat.  <\/p>\n<p data-start=\"573\" data-end=\"732\">Fuglemateren er laget av slitesterke materialer som t\u00e5ler v\u00e6r og vind. Det avtakbare lokket gj\u00f8r det enkelt \u00e5 fylle p\u00e5 med fr\u00f8 og rengj\u00f8re ved behov. <\/p>\n","protected":false},"featured_media":38322,"comment_status":"closed","ping_status":"closed","template":"","meta":{"_acf_changed":false},"product_brand":[],"product_cat":[566,158,155],"product_tag":[],"class_list":{"0":"post-38317","1":"product","2":"type-product","3":"status-publish","4":"has-post-thumbnail","6":"product_cat-ekorr-og-kattesikre-fuglematere","7":"product_cat-fuglemater-for-fuglefro","8":"product_cat-fuglemater-og-fuglebrett","10":"first","11":"outofstock","12":"taxable","13":"shipping-taxable","14":"purchasable","15":"product-type-simple"},"bundled_by":[],"bundle_stock_status":"outofstock","bundle_stock_quantity":0,"bundle_virtual":false,"bundle_layout":"","bundle_add_to_cart_form_location":"","bundle_editable_in_cart":false,"bundle_sold_individually_context":"","bundle_item_grouping":"","bundle_min_size":"","bundle_max_size":"","bundle_price":[],"bundled_items":[],"bundle_sell_ids":[],"acf":[],"_links":{"self":[{"href":"https:\/\/pippifoder.se\/no\/wp-json\/wp\/v2\/product\/38317","targetHints":{"allow":["GET"]}}],"collection":[{"href":"https:\/\/pippifoder.se\/no\/wp-json\/wp\/v2\/product"}],"about":[{"href":"https:\/\/pippifoder.se\/no\/wp-json\/wp\/v2\/types\/product"}],"replies":[{"embeddable":true,"href":"https:\/\/pippifoder.se\/no\/wp-json\/wp\/v2\/comments?post=38317"}],"wp:featuredmedia":[{"embeddable":true,"href":"https:\/\/pippifoder.se\/no\/wp-json\/wp\/v2\/media\/38322"}],"wp:attachment":[{"href":"https:\/\/pippifoder.se\/no\/wp-json\/wp\/v2\/media?parent=38317"}],"wp:term":[{"taxonomy":"product_brand","embeddable":true,"href":"https:\/\/pippifoder.se\/no\/wp-json\/wp\/v2\/product_brand?post=38317"},{"taxonomy":"product_cat","embeddable":true,"href":"https:\/\/pippifoder.se\/no\/wp-json\/wp\/v2\/product_cat?post=38317"},{"taxonomy":"product_tag","embeddable":true,"href":"https:\/\/pippifoder.se\/no\/wp-json\/wp\/v2\/product_tag?post=38317"}],"curies":[{"name":"wp","href":"https:\/\/api.w.org\/{rel}","templated":true}]}}