{"id":38238,"date":"2025-10-22T11:28:26","date_gmt":"2025-10-22T11:28:26","guid":{"rendered":"https:\/\/pippifoder.se\/?post_type=product&#038;p=38238"},"modified":"2026-04-15T13:03:23","modified_gmt":"2026-04-15T11:03:23","slug":"meiseboller-stor-pakke-kopia","status":"publish","type":"product","link":"https:\/\/pippifoder.se\/no\/produkt\/fuglemat\/meiseboller-til-smafugler\/meiseboller-stor-pakke-kopia\/","title":{"rendered":"Talgkuler stor pakke &#8211; Talgkuleboks basic"},"content":{"rendered":"<p>De fleste sm\u00e5fugler setter pris p\u00e5 talgballer, s\u00e6rlig bl\u00e5meis, kj\u00f8ttmeis, gr\u00f8nnfink, spettmeis, pilfink, gr\u00e5spurv, svartmeis og hakkespett. Fettrik talg og et h\u00f8yt innhold av fr\u00f8 gir sm\u00e5fuglene gode forutsetninger for \u00e5 overleve vinteren. Stadig flere fugler blir v\u00e6rende over v\u00e5re &laquo;varme vintre&raquo;, og for dem er de ofte raske skiftene mellom varme, kulde og sn\u00f8 en vanskelig f\u00f4ringssituasjon.<br \/>\nTalgballene er uten nett!  <\/p>\n","protected":false},"excerpt":{"rendered":"<p>Den grunnleggende talgbolleboksen inneholder 4 b\u00f8tter med talgballer til en usl\u00e5elig pris! V\u00e5re talgballer uten nett kommer i en praktisk b\u00f8tte med lokk. Hver b\u00f8tte inneholder 50 talgballer p\u00e5 80 g, noe som gir deg totalt 200 talgballer. Talgkuler er en viktig n\u00e6ringskilde for sm\u00e5fugler, og hjelper dem med \u00e5 overleve gjennom kalde perioder n\u00e5r det er lite mat.   <\/p>\n<p>B\u00f8tta er en plastb\u00f8tte med lokk, ikke en blikkb\u00f8tte. Den er enkel \u00e5 h\u00e5ndtere og oppbevare, og holder talgbollene ferske lenger. <\/p>\n<p>Gi sm\u00e5fuglene i hagen din den energien de trenger med v\u00e5re talgkuler. Med denne meisebolleboksen f\u00e5r du mange meiseboller til en god pris og kan glede deg over et rikere fugleliv i nabolaget ditt. <\/p>\n<p><a href=\"https:\/\/pippifoder.se\/no\/produkt\/fuglemat\/meiseboller-til-smafugler\/talgkuler-uten-nett-i-botte-50-stk-kopia\/\">Klikk her hvis du bare vil kj\u00f8pe 1 b\u00f8tte med basis talgballer!<\/a><\/p>\n","protected":false},"featured_media":38581,"comment_status":"closed","ping_status":"closed","template":"","meta":{"_acf_changed":false},"product_brand":[],"product_cat":[151,125,133,124],"product_tag":[],"class_list":{"0":"post-38238","1":"product","2":"type-product","3":"status-publish","4":"has-post-thumbnail","6":"product_cat-meiseboller-til-smafugler","7":"product_cat-fro-og-mat-til-ville-fugler","8":"product_cat-fuglefro-og-fuglemat-pa-salg","9":"product_cat-fuglemat","11":"first","12":"instock","13":"sale","14":"taxable","15":"shipping-taxable","16":"purchasable","17":"product-type-bundle"},"bundled_by":[],"bundle_stock_status":"instock","bundle_stock_quantity":34,"bundle_virtual":false,"bundle_layout":"default","bundle_add_to_cart_form_location":"default","bundle_editable_in_cart":false,"bundle_sold_individually_context":"product","bundle_item_grouping":"parent","bundle_min_size":"","bundle_max_size":"","bundle_price":{"price":{"min":{"incl_tax":"519","excl_tax":"415.2"},"max":{"incl_tax":"519","excl_tax":"415.2"}},"regular_price":{"min":{"incl_tax":"589","excl_tax":"471.2"},"max":{"incl_tax":"589","excl_tax":"471.2"}}},"bundled_items":[{"bundled_item_id":157,"product_id":38220,"menu_order":0,"quantity_min":4,"quantity_max":4,"quantity_default":4,"priced_individually":false,"shipped_individually":false,"override_title":false,"title":"Talgkuler uten nett i b\u00f8tte (50 stk) (kopia)","override_description":false,"description":"Talgkuler uten nett i b\u00f8tte (50 stk) (kopia)","optional":false,"hide_thumbnail":false,"discount":"","override_variations":false,"allowed_variations":[""],"override_default_variation_attributes":false,"default_variation_attributes":[],"single_product_visibility":"visible","cart_visibility":"visible","order_visibility":"visible","single_product_price_visibility":"visible","cart_price_visibility":"visible","order_price_visibility":"visible","stock_status":"in_stock"}],"bundle_sell_ids":[],"acf":[],"_links":{"self":[{"href":"https:\/\/pippifoder.se\/no\/wp-json\/wp\/v2\/product\/38238","targetHints":{"allow":["GET"]}}],"collection":[{"href":"https:\/\/pippifoder.se\/no\/wp-json\/wp\/v2\/product"}],"about":[{"href":"https:\/\/pippifoder.se\/no\/wp-json\/wp\/v2\/types\/product"}],"replies":[{"embeddable":true,"href":"https:\/\/pippifoder.se\/no\/wp-json\/wp\/v2\/comments?post=38238"}],"wp:featuredmedia":[{"embeddable":true,"href":"https:\/\/pippifoder.se\/no\/wp-json\/wp\/v2\/media\/38581"}],"wp:attachment":[{"href":"https:\/\/pippifoder.se\/no\/wp-json\/wp\/v2\/media?parent=38238"}],"wp:term":[{"taxonomy":"product_brand","embeddable":true,"href":"https:\/\/pippifoder.se\/no\/wp-json\/wp\/v2\/product_brand?post=38238"},{"taxonomy":"product_cat","embeddable":true,"href":"https:\/\/pippifoder.se\/no\/wp-json\/wp\/v2\/product_cat?post=38238"},{"taxonomy":"product_tag","embeddable":true,"href":"https:\/\/pippifoder.se\/no\/wp-json\/wp\/v2\/product_tag?post=38238"}],"curies":[{"name":"wp","href":"https:\/\/api.w.org\/{rel}","templated":true}]}}