{"id":32578,"date":"2025-09-12T17:45:25","date_gmt":"2025-09-12T17:45:25","guid":{"rendered":"https:\/\/pippifoder.se\/?post_type=product&#038;p=32578"},"modified":"2026-04-26T15:01:41","modified_gmt":"2026-04-26T13:01:41","slug":"peanottsmor-med-melorm-i-glasskrukke-kopia","status":"publish","type":"product","link":"https:\/\/pippifoder.se\/no\/produkt\/fuglemat\/fettfroblanding\/peanottsmor-med-melorm-i-glasskrukke-kopia\/","title":{"rendered":"Pean\u00f8ttsm\u00f8r med knuste pean\u00f8tter i glasskrukke"},"content":{"rendered":"<p data-start=\"728\" data-end=\"744\">\ud83c\udf3f <strong data-start=\"731\" data-end=\"744\">Fordeler:<\/strong><\/p>\n<ul data-start=\"745\" data-end=\"954\">\n<li data-start=\"745\" data-end=\"798\">\n<p data-start=\"747\" data-end=\"798\">N\u00e6ringsrik og energitett mat for hagefugler<\/p>\n<\/li>\n<li data-start=\"799\" data-end=\"861\">\n<p data-start=\"801\" data-end=\"861\">Med knuste pean\u00f8tter<\/p>\n<\/li>\n<li data-start=\"862\" data-end=\"913\">\n<p data-start=\"864\" data-end=\"913\">Leveres i gjenbrukbar glasskrukke (340 g)<\/p>\n<\/li>\n<li data-start=\"914\" data-end=\"954\">\n<p data-start=\"916\" data-end=\"954\">Egnet for pean\u00f8ttsm\u00f8rholdere<\/p>\n<\/li>\n<\/ul>\n<p>&nbsp;<\/p>\n<p data-start=\"956\" data-end=\"1067\">\ud83d\udd4a\ufe0f Hjelp fuglene hele \u00e5ret med dette smakfulle tilskuddet &#8211; en favoritt i enhver fuglevennlig hage!<\/p>\n","protected":false},"excerpt":{"rendered":"<p data-start=\"176\" data-end=\"449\">Gi hagens ville fugler en ekstra energiboost med dette smakfulle pean\u00f8ttsm\u00f8ret med knuste pean\u00f8tter, spesielt utviklet for sm\u00e5fuglers behov. Den er pakket i en praktisk glasskrukke som er enkel \u00e5 plassere i fuglesm\u00f8rholdere eller direkte p\u00e5 et beskyttet foringsbord.<\/p>\n<p data-start=\"451\" data-end=\"726\">Pean\u00f8ttsm\u00f8ret er uten tilsatt salt og er beriket med knuste pean\u00f8tter som arter som bl\u00e5meis, kj\u00f8ttmeis og r\u00f8dstrupe setter pris p\u00e5. Perfekt for kalde vinterdager eller i hekkesesongen n\u00e5r behovet for n\u00e6ring er ekstra stort. <\/p>\n<p data-start=\"451\" data-end=\"726\">Passende mater\/holder: <a href=\"https:\/\/pippifoder.se\/no\/produkt\/fuglemater-og-fuglebrett\/fuglematermuttere-store-3-etasjer-rustfritt-kopia-kopia-kopia-kopia-kopia\/\">Pean\u00f8ttsm\u00f8rholder i glasskrukke<\/a><\/p>\n","protected":false},"featured_media":32582,"comment_status":"closed","ping_status":"closed","template":"","meta":{"_acf_changed":false},"product_brand":[],"product_cat":[135,124,139],"product_tag":[],"class_list":{"0":"post-32578","1":"product","2":"type-product","3":"status-publish","4":"has-post-thumbnail","6":"product_cat-fettfroblanding","7":"product_cat-fuglemat","8":"product_cat-peanotter","10":"first","11":"instock","12":"sale","13":"taxable","14":"shipping-taxable","15":"purchasable","16":"product-type-variable","17":"has-default-attributes"},"bundled_by":[],"bundle_stock_status":"instock","bundle_stock_quantity":57,"bundle_virtual":false,"bundle_layout":"","bundle_add_to_cart_form_location":"","bundle_editable_in_cart":false,"bundle_sold_individually_context":"","bundle_item_grouping":"","bundle_min_size":"","bundle_max_size":"","bundle_price":[],"bundled_items":[],"bundle_sell_ids":[],"acf":[],"_links":{"self":[{"href":"https:\/\/pippifoder.se\/no\/wp-json\/wp\/v2\/product\/32578","targetHints":{"allow":["GET"]}}],"collection":[{"href":"https:\/\/pippifoder.se\/no\/wp-json\/wp\/v2\/product"}],"about":[{"href":"https:\/\/pippifoder.se\/no\/wp-json\/wp\/v2\/types\/product"}],"replies":[{"embeddable":true,"href":"https:\/\/pippifoder.se\/no\/wp-json\/wp\/v2\/comments?post=32578"}],"wp:featuredmedia":[{"embeddable":true,"href":"https:\/\/pippifoder.se\/no\/wp-json\/wp\/v2\/media\/32582"}],"wp:attachment":[{"href":"https:\/\/pippifoder.se\/no\/wp-json\/wp\/v2\/media?parent=32578"}],"wp:term":[{"taxonomy":"product_brand","embeddable":true,"href":"https:\/\/pippifoder.se\/no\/wp-json\/wp\/v2\/product_brand?post=32578"},{"taxonomy":"product_cat","embeddable":true,"href":"https:\/\/pippifoder.se\/no\/wp-json\/wp\/v2\/product_cat?post=32578"},{"taxonomy":"product_tag","embeddable":true,"href":"https:\/\/pippifoder.se\/no\/wp-json\/wp\/v2\/product_tag?post=32578"}],"curies":[{"name":"wp","href":"https:\/\/api.w.org\/{rel}","templated":true}]}}