{"id":30734,"date":"2025-08-26T17:38:07","date_gmt":"2025-08-26T17:38:07","guid":{"rendered":"https:\/\/pippifoder.se\/?post_type=product&#038;p=30734"},"modified":"2026-04-15T12:59:32","modified_gmt":"2026-04-15T10:59:32","slug":"solsikkekjerner-15kg-helpall-50stk-kopia","status":"publish","type":"product","link":"https:\/\/pippifoder.se\/no\/produkt\/fuglemat\/villfuglblanding\/solsikkekjerner-15kg-helpall-50stk-kopia\/","title":{"rendered":"Villfugleblanding uten skall 15kg &#8211; Helpall (50stk)"},"content":{"rendered":"<h2>Villfugleblanding i stor pakke<\/h2>\n<p>Kj\u00f8p en hel pall med 50 stk 15 kg poser med villfuglmix uten skall til den absolutt laveste prisen. Gratis frakt til d\u00f8ren din. <\/p>\n","protected":false},"excerpt":{"rendered":"<p>En hel pall med 50 sekker \u00e0 15 kg med villfuglmiks uten skall av h\u00f8yeste kvalitet. 750 kg totalt! Perfekt \u00e5 bestille hvis dere er flere som \u00f8nsker \u00e5 dele for \u00e5 f\u00e5 ned v\u00e5r allerede billige pris ytterligere! Skallfri villfuglmix er perfekt til alle typer fugler. Gratis frakt med hjemlevering i hele Norden!    <\/p>\n","protected":false},"featured_media":6672,"comment_status":"closed","ping_status":"closed","template":"","meta":{"_acf_changed":false},"product_brand":[],"product_cat":[154,125,136,133,124,148],"product_tag":[101,102],"class_list":{"0":"post-30734","1":"product","2":"type-product","3":"status-publish","4":"has-post-thumbnail","6":"product_cat-villfuglblanding","7":"product_cat-fro-og-mat-til-ville-fugler","8":"product_cat-fuglefro-no","9":"product_cat-fuglefro-og-fuglemat-pa-salg","10":"product_cat-fuglemat","11":"product_cat-stor-pakke","12":"product_tag-fuglemat","13":"product_tag-solsikkefro","14":"product_shipping_class-sverige-no","16":"first","17":"instock","18":"sale","19":"taxable","20":"shipping-taxable","21":"purchasable","22":"product-type-simple"},"bundled_by":[],"bundle_stock_status":"instock","bundle_stock_quantity":8,"bundle_virtual":false,"bundle_layout":"","bundle_add_to_cart_form_location":"","bundle_editable_in_cart":false,"bundle_sold_individually_context":"","bundle_item_grouping":"","bundle_min_size":"","bundle_max_size":"","bundle_price":[],"bundled_items":[],"bundle_sell_ids":[],"acf":[],"_links":{"self":[{"href":"https:\/\/pippifoder.se\/no\/wp-json\/wp\/v2\/product\/30734","targetHints":{"allow":["GET"]}}],"collection":[{"href":"https:\/\/pippifoder.se\/no\/wp-json\/wp\/v2\/product"}],"about":[{"href":"https:\/\/pippifoder.se\/no\/wp-json\/wp\/v2\/types\/product"}],"replies":[{"embeddable":true,"href":"https:\/\/pippifoder.se\/no\/wp-json\/wp\/v2\/comments?post=30734"}],"wp:featuredmedia":[{"embeddable":true,"href":"https:\/\/pippifoder.se\/no\/wp-json\/wp\/v2\/media\/6672"}],"wp:attachment":[{"href":"https:\/\/pippifoder.se\/no\/wp-json\/wp\/v2\/media?parent=30734"}],"wp:term":[{"taxonomy":"product_brand","embeddable":true,"href":"https:\/\/pippifoder.se\/no\/wp-json\/wp\/v2\/product_brand?post=30734"},{"taxonomy":"product_cat","embeddable":true,"href":"https:\/\/pippifoder.se\/no\/wp-json\/wp\/v2\/product_cat?post=30734"},{"taxonomy":"product_tag","embeddable":true,"href":"https:\/\/pippifoder.se\/no\/wp-json\/wp\/v2\/product_tag?post=30734"}],"curies":[{"name":"wp","href":"https:\/\/api.w.org\/{rel}","templated":true}]}}