{"id":29918,"date":"2025-08-20T06:03:02","date_gmt":"2025-08-20T06:03:02","guid":{"rendered":"https:\/\/pippifoder.se\/ukategorisert\/12-stk-leo-wolf-tallow-seed-bars-energy-600g-utgatt\/"},"modified":"2025-08-20T06:03:02","modified_gmt":"2025-08-20T06:03:02","slug":"12-stk-leo-wolf-tallow-seed-bars-energy-600g-utgatt","status":"publish","type":"product","link":"https:\/\/pippifoder.se\/no\/produkt\/tilbudshjorne\/12-stk-leo-wolf-tallow-seed-bars-energy-600g-utgatt\/","title":{"rendered":"12 stk Leo &amp; Wolf Tallow Seed Bars &#8211; Energy 600g utg\u00e5tt"},"content":{"rendered":"<p>Sv\u00e6rt energirik talgfr\u00f8bar for ville fugler. En ny innovativ og forbedret konkurrent til talgballer! <\/p>\n","protected":false},"excerpt":{"rendered":"<p>Best f\u00f8r-datoen er overskredet, men det er ikke noe galt med innholdet.<\/p>\n","protected":false},"featured_media":29322,"comment_status":"open","ping_status":"closed","template":"","meta":{"_acf_changed":false},"product_brand":[],"product_cat":[293,133],"product_tag":[],"class_list":{"0":"post-29918","1":"product","2":"type-product","3":"status-publish","4":"has-post-thumbnail","6":"product_cat-tilbudshjorne","7":"product_cat-fuglefro-og-fuglemat-pa-salg","9":"first","10":"outofstock","11":"sale","12":"taxable","13":"shipping-taxable","14":"purchasable","15":"product-type-simple"},"bundled_by":[],"bundle_stock_status":"outofstock","bundle_stock_quantity":0,"bundle_virtual":false,"bundle_layout":"","bundle_add_to_cart_form_location":"","bundle_editable_in_cart":false,"bundle_sold_individually_context":"","bundle_item_grouping":"","bundle_min_size":"","bundle_max_size":"","bundle_price":[],"bundled_items":[],"bundle_sell_ids":[],"acf":[],"_links":{"self":[{"href":"https:\/\/pippifoder.se\/no\/wp-json\/wp\/v2\/product\/29918","targetHints":{"allow":["GET"]}}],"collection":[{"href":"https:\/\/pippifoder.se\/no\/wp-json\/wp\/v2\/product"}],"about":[{"href":"https:\/\/pippifoder.se\/no\/wp-json\/wp\/v2\/types\/product"}],"replies":[{"embeddable":true,"href":"https:\/\/pippifoder.se\/no\/wp-json\/wp\/v2\/comments?post=29918"}],"wp:featuredmedia":[{"embeddable":true,"href":"https:\/\/pippifoder.se\/no\/wp-json\/wp\/v2\/media\/29322"}],"wp:attachment":[{"href":"https:\/\/pippifoder.se\/no\/wp-json\/wp\/v2\/media?parent=29918"}],"wp:term":[{"taxonomy":"product_brand","embeddable":true,"href":"https:\/\/pippifoder.se\/no\/wp-json\/wp\/v2\/product_brand?post=29918"},{"taxonomy":"product_cat","embeddable":true,"href":"https:\/\/pippifoder.se\/no\/wp-json\/wp\/v2\/product_cat?post=29918"},{"taxonomy":"product_tag","embeddable":true,"href":"https:\/\/pippifoder.se\/no\/wp-json\/wp\/v2\/product_tag?post=29918"}],"curies":[{"name":"wp","href":"https:\/\/api.w.org\/{rel}","templated":true}]}}