{"id":29155,"date":"2025-08-18T17:48:24","date_gmt":"2025-08-18T17:48:24","guid":{"rendered":"https:\/\/pippifoder.se\/?post_type=product&#038;p=29155"},"modified":"2026-04-15T12:59:38","modified_gmt":"2026-04-15T10:59:38","slug":"fuglematermuttere-store-3-etasjer-rustfritt-kopia-kopia-kopia-kopia-kopia-kopia","status":"publish","type":"product","link":"https:\/\/pippifoder.se\/no\/produkt\/fuglemater-og-fuglebrett\/fuglematermuttere-store-3-etasjer-rustfritt-kopia-kopia-kopia-kopia-kopia-kopia\/","title":{"rendered":"Svart metallmater for muttere"},"content":{"rendered":"<p>Lengde: 16,5 cm<br \/>\nBredde: 16,5 cm<br \/>\nH\u00f8yde: 30 cm<\/p>\n<h3 data-start=\"772\" data-end=\"793\"><strong data-start=\"776\" data-end=\"791\">Kjennetegn:<\/strong><\/h3>\n<ul data-start=\"794\" data-end=\"1129\">\n<li data-start=\"794\" data-end=\"851\">\n<p data-start=\"796\" data-end=\"851\">Robust konstruksjon i <strong data-start=\"818\" data-end=\"849\">svart pulverlakkert metall<\/strong><\/p>\n<\/li>\n<li data-start=\"852\" data-end=\"902\">\n<p data-start=\"854\" data-end=\"902\">Tilpasset for <strong data-start=\"867\" data-end=\"900\"><a href=\"https:\/\/pippifoder.se\/no\/peanotter\/\">pean\u00f8tter<\/a> og n\u00f8tteblandinger<\/strong><\/p>\n<\/li>\n<li data-start=\"903\" data-end=\"966\">\n<p data-start=\"905\" data-end=\"966\"><strong data-start=\"905\" data-end=\"923\">Finmasket nett<\/strong> som gj\u00f8r det enkelt for sm\u00e5fugler \u00e5 spise<\/p>\n<\/li>\n<li data-start=\"967\" data-end=\"1014\">\n<p data-start=\"969\" data-end=\"1014\">Stort beskyttelsestak for \u00e5 holde f\u00f4ret t\u00f8rt<\/p>\n<\/li>\n<li data-start=\"1015\" data-end=\"1052\">\n<p data-start=\"1017\" data-end=\"1052\">Skuff i bunnen for \u00e5 redusere s\u00f8l<\/p>\n<\/li>\n<li data-start=\"1053\" data-end=\"1087\">\n<p data-start=\"1055\" data-end=\"1087\">Enkel \u00e5 fylle p\u00e5 og rengj\u00f8re<\/p>\n<\/li>\n<li data-start=\"1088\" data-end=\"1129\">\n<p data-start=\"1090\" data-end=\"1129\">Utstyrt med <strong data-start=\"1103\" data-end=\"1127\">praktisk fj\u00e6ring<\/strong><\/p>\n<\/li>\n<\/ul>\n<h3 data-start=\"1131\" data-end=\"1150\"><strong data-start=\"1135\" data-end=\"1148\">Fordeler:<\/strong><\/h3>\n<ul data-start=\"1151\" data-end=\"1353\">\n<li data-start=\"1151\" data-end=\"1185\">\n<p data-start=\"1153\" data-end=\"1185\">Holder n\u00f8ttene friske lenger<\/p>\n<\/li>\n<li data-start=\"1186\" data-end=\"1243\">\n<p data-start=\"1188\" data-end=\"1243\">Tiltrekker seg flere sm\u00e5fugler som meiser, spettmeiser og finker<\/p>\n<\/li>\n<li data-start=\"1244\" data-end=\"1303\">\n<p data-start=\"1246\" data-end=\"1303\">Elegant og stilig design som passer inn i enhver hage<\/p>\n<\/li>\n<li data-start=\"1304\" data-end=\"1353\">\n<p data-start=\"1306\" data-end=\"1353\">Lang levetid takket v\u00e6re slitesterkt materiale<\/p>\n<\/li>\n<\/ul>\n<p data-start=\"1355\" data-end=\"1516\">\ud83d\udc26 Skap en levende hage fylt med fuglesang &#8211; bestill din <strong data-start=\"1417\" data-end=\"1459\">sorte n\u00f8ttemater i metall<\/strong> i dag og gj\u00f8r en forskjell for de ville fuglene dine hele \u00e5ret!<\/p>\n","protected":false},"excerpt":{"rendered":"<p data-start=\"189\" data-end=\"435\">Gi fuglene i hagen din den beste maten med denne stilige<strong> fuglemateren i svart metall med rist for n\u00f8tter i kobberlook<\/strong>. Designet kombinerer <strong data-start=\"318\" data-end=\"361\">moderne stil med praktisk funksjonalitet<\/strong> og er perfekt til servering av pean\u00f8tter og andre n\u00f8tteblandinger. <\/p>\n<p data-start=\"437\" data-end=\"770\">Automaten er laget av <strong data-start=\"463\" data-end=\"496\">slitesterkt<\/strong>, v\u00e6rbestandig <strong data-start=\"463\" data-end=\"496\">pulverlakkert metall<\/strong>. Det fine nettet gj\u00f8r det enkelt for fuglene \u00e5 plukke ut maten, samtidig som det forhindrer at st\u00f8rre biter faller ut. Det store taket beskytter n\u00f8ttene mot regn og sn\u00f8, og det nederste brettet fanger opp s\u00f8l slik at mer mat kan brukes.  <\/p>\n","protected":false},"featured_media":29159,"comment_status":"closed","ping_status":"closed","template":"","meta":{"_acf_changed":false},"product_brand":[],"product_cat":[155,159],"product_tag":[],"class_list":{"0":"post-29155","1":"product","2":"type-product","3":"status-publish","4":"has-post-thumbnail","6":"product_cat-fuglemater-og-fuglebrett","7":"product_cat-fuglematere-for-notter","9":"first","10":"instock","11":"taxable","12":"shipping-taxable","13":"purchasable","14":"product-type-simple"},"bundled_by":[],"bundle_stock_status":"instock","bundle_stock_quantity":18,"bundle_virtual":false,"bundle_layout":"","bundle_add_to_cart_form_location":"","bundle_editable_in_cart":false,"bundle_sold_individually_context":"","bundle_item_grouping":"","bundle_min_size":"","bundle_max_size":"","bundle_price":[],"bundled_items":[],"bundle_sell_ids":[],"acf":[],"_links":{"self":[{"href":"https:\/\/pippifoder.se\/no\/wp-json\/wp\/v2\/product\/29155","targetHints":{"allow":["GET"]}}],"collection":[{"href":"https:\/\/pippifoder.se\/no\/wp-json\/wp\/v2\/product"}],"about":[{"href":"https:\/\/pippifoder.se\/no\/wp-json\/wp\/v2\/types\/product"}],"replies":[{"embeddable":true,"href":"https:\/\/pippifoder.se\/no\/wp-json\/wp\/v2\/comments?post=29155"}],"wp:featuredmedia":[{"embeddable":true,"href":"https:\/\/pippifoder.se\/no\/wp-json\/wp\/v2\/media\/29159"}],"wp:attachment":[{"href":"https:\/\/pippifoder.se\/no\/wp-json\/wp\/v2\/media?parent=29155"}],"wp:term":[{"taxonomy":"product_brand","embeddable":true,"href":"https:\/\/pippifoder.se\/no\/wp-json\/wp\/v2\/product_brand?post=29155"},{"taxonomy":"product_cat","embeddable":true,"href":"https:\/\/pippifoder.se\/no\/wp-json\/wp\/v2\/product_cat?post=29155"},{"taxonomy":"product_tag","embeddable":true,"href":"https:\/\/pippifoder.se\/no\/wp-json\/wp\/v2\/product_tag?post=29155"}],"curies":[{"name":"wp","href":"https:\/\/api.w.org\/{rel}","templated":true}]}}