{"id":28745,"date":"2025-08-12T13:15:58","date_gmt":"2025-08-12T13:15:58","guid":{"rendered":"https:\/\/pippifoder.se\/?post_type=product&#038;p=28745"},"modified":"2025-08-22T12:00:18","modified_gmt":"2025-08-22T12:00:18","slug":"fynd-20-kg-okologiske-solsikkefro-med-skall-i-en-tonne-kopia-2","status":"publish","type":"product","link":"https:\/\/pippifoder.se\/no\/produkt\/tilbudshjorne\/fynd-20-kg-okologiske-solsikkefro-med-skall-i-en-tonne-kopia-2\/","title":{"rendered":"FYND &#8211; Kyllingm\u00fcsli 25 kg i f\u00f4rt\u00f8nne"},"content":{"rendered":"<p>25 kg kyllingm\u00fcsli, produsert i Sverige. Kyllingm\u00fcsli er et tilskuddsf\u00f4r til h\u00f8ner og kyllinger. Kyllingm\u00fcsli inneholder: <a href=\"https:\/\/pippifoder.se\/no\/produkt\/kylling\/for-og-mat-til-kyllinger\/maisknus-25-kg\/\">Maismel<\/a>, hvete, bygg, saflor, dari, hirse, <a href=\"https:\/\/pippifoder.se\/no\/produkt\/fuglemat\/fuglefro-no\/nakenhavre-25-kg\/\">nakenhavre<\/a>, rapsfr\u00f8, <a href=\"https:\/\/pippifoder.se\/no\/solsikkefro-til-fugler\/\">solsikkefr\u00f8<\/a>, valsede erter. Perfekt som en ekstra godbit til h\u00f8nene.   <\/p>\n","protected":false},"excerpt":{"rendered":"<p>Ca. 25 kg Kyllingm\u00fcsli 25 kg i f\u00f4rt\u00f8nne i gul f\u00f4rt\u00f8nne. OBS, ingen sekk i t\u00f8nna, fr\u00f8ene er fra \u00f8delagte sekker som vi helte over i en f\u00f4rt\u00f8nne. Ikke noe galt med f\u00f4ret, men vi kan ikke selge det n\u00e5r sekken er \u00f8delagt.  <\/p>\n","protected":false},"featured_media":27737,"comment_status":"open","ping_status":"closed","template":"","meta":{"_acf_changed":false},"product_brand":[],"product_cat":[293,133],"product_tag":[],"class_list":{"0":"post-28745","1":"product","2":"type-product","3":"status-publish","4":"has-post-thumbnail","6":"product_cat-tilbudshjorne","7":"product_cat-fuglefro-og-fuglemat-pa-salg","9":"first","10":"outofstock","11":"sale","12":"taxable","13":"shipping-taxable","14":"purchasable","15":"product-type-simple"},"bundled_by":[],"bundle_stock_status":"outofstock","bundle_stock_quantity":0,"bundle_virtual":false,"bundle_layout":"","bundle_add_to_cart_form_location":"","bundle_editable_in_cart":false,"bundle_sold_individually_context":"","bundle_item_grouping":"","bundle_min_size":"","bundle_max_size":"","bundle_price":[],"bundled_items":[],"bundle_sell_ids":[],"acf":[],"_links":{"self":[{"href":"https:\/\/pippifoder.se\/no\/wp-json\/wp\/v2\/product\/28745","targetHints":{"allow":["GET"]}}],"collection":[{"href":"https:\/\/pippifoder.se\/no\/wp-json\/wp\/v2\/product"}],"about":[{"href":"https:\/\/pippifoder.se\/no\/wp-json\/wp\/v2\/types\/product"}],"replies":[{"embeddable":true,"href":"https:\/\/pippifoder.se\/no\/wp-json\/wp\/v2\/comments?post=28745"}],"wp:featuredmedia":[{"embeddable":true,"href":"https:\/\/pippifoder.se\/no\/wp-json\/wp\/v2\/media\/27737"}],"wp:attachment":[{"href":"https:\/\/pippifoder.se\/no\/wp-json\/wp\/v2\/media?parent=28745"}],"wp:term":[{"taxonomy":"product_brand","embeddable":true,"href":"https:\/\/pippifoder.se\/no\/wp-json\/wp\/v2\/product_brand?post=28745"},{"taxonomy":"product_cat","embeddable":true,"href":"https:\/\/pippifoder.se\/no\/wp-json\/wp\/v2\/product_cat?post=28745"},{"taxonomy":"product_tag","embeddable":true,"href":"https:\/\/pippifoder.se\/no\/wp-json\/wp\/v2\/product_tag?post=28745"}],"curies":[{"name":"wp","href":"https:\/\/api.w.org\/{rel}","templated":true}]}}