{"id":28552,"date":"2025-08-06T10:06:05","date_gmt":"2025-08-06T10:06:05","guid":{"rendered":"https:\/\/pippifoder.se\/?post_type=product&#038;p=28552"},"modified":"2026-03-03T21:14:42","modified_gmt":"2026-03-03T21:14:42","slug":"skjell-15-kg-kopia","status":"publish","type":"product","link":"https:\/\/pippifoder.se\/no\/produkt\/kylling\/for-og-mat-til-kyllinger\/skjell-15-kg-kopia\/","title":{"rendered":"Skjell 4kg"},"content":{"rendered":"<p data-start=\"393\" data-end=\"756\"><strong data-start=\"393\" data-end=\"420\">Fordelene med skjell:<\/strong><br data-start=\"420\" data-end=\"423\">\u2705 <strong data-start=\"425\" data-end=\"444\">Styrker eggeskall<\/strong> &#8211; Reduserer risikoen for eggsprekker.<br data-start=\"479\" data-end=\"482\">\u2705 <strong data-start=\"484\" data-end=\"509\">Naturlig kalsiumkilde<\/strong> &#8211; Inneholder 94 % kalsiumkarbonat og 1 % magnesiumkarbonat.<br data-start=\"570\" data-end=\"573\">\u2705 <strong data-start=\"575\" data-end=\"604\">Forbedrer ford\u00f8yelsen<\/strong> &#8211; Hjelper h\u00f8nene med \u00e5 bryte ned f\u00f4ret.<br data-start=\"643\" data-end=\"646\">\u2705 <strong data-start=\"648\" data-end=\"672\">Allsidig bruk<\/strong> &#8211; Kan ogs\u00e5 brukes som sklisikring i trapper og p\u00e5 gangveier, og som br\u00f8nnkalk.<\/p>\n<p data-start=\"758\" data-end=\"937\"><strong data-start=\"758\" data-end=\"781\">Produktinformasjon:<\/strong><br data-start=\"781\" data-end=\"784\">\ud83d\udccc <strong data-start=\"787\" data-end=\"798\">St\u00f8rrelse<\/strong>: 0,5-2,5 mm<br data-start=\"808\" data-end=\"811\">\ud83d\udccc <strong data-start=\"814\" data-end=\"829\">Emballasje<\/strong>: 4 kg pose<br data-start=\"871\" data-end=\"874\">\ud83d\udccc <strong data-start=\"877\" data-end=\"892\">Kalsiuminnhold<\/strong>: 38 %<br data-start=\"898\" data-end=\"901\">\ud83d\udccc <strong data-start=\"904\" data-end=\"917\">L\u00f8selighet<\/strong>: Ved 39 \u00b0C, pH 2,7<\/p>\n<p data-start=\"939\" data-end=\"1041\">Skjell kan st\u00f8ve n\u00e5r de spres &#8211; vi anbefaler at du bruker \u00e5ndedrettsvern for \u00e5 unng\u00e5 st\u00f8v.<\/p>\n<p>&nbsp;<\/p>\n<p data-start=\"1043\" data-end=\"1168\">Gi h\u00f8nene dine den naturlige n\u00e6ringen de trenger for \u00e5 holde seg friske og produsere sterke egg.  <strong data-start=\"1139\" data-end=\"1166\">Bestill skjell i dag!<\/strong><\/p>\n<h2>Ofte stilte sp\u00f8rsm\u00e5l om skjell<\/h2>\n<p>Her har vi samlet noen ofte stilte sp\u00f8rsm\u00e5l om skjell.<\/p>\n<h3>Hvor mye skall b\u00f8r kyllinger ha<\/h3>\n<p data-start=\"0\" data-end=\"120\">Hvor mye skall h\u00f8ner trenger, avhenger av alder, rase og om de er verpeh\u00f8ner eller ikke. Generelt anbefalt: <\/p>\n<p data-start=\"122\" data-end=\"426\">\u2705 <strong data-start=\"124\" data-end=\"136\">Verpeh\u00f8ner<\/strong>: Ca. <strong data-start=\"144\" data-end=\"184\">5-10 gram skjell per h\u00f8ne per dag.<\/strong><br data-start=\"185\" data-end=\"188\">\u2705 <strong data-start=\"190\" data-end=\"214\">Ungh\u00f8ner og haner<\/strong>: Trenger vanligvis ikke ekstra skjell hvis de f\u00e5r et balansert kosthold.<br data-start=\"287\" data-end=\"290\">\u2705 <strong data-start=\"292\" data-end=\"308\">Fri tilgang<\/strong>: Det beste er \u00e5 tilby skjell i en egen beholder, slik at h\u00f8nene selv kan regulere inntaket etter behov.<\/p>\n<p data-start=\"428\" data-end=\"552\" data-is-last-node=\"\" data-is-only-node=\"\">F\u00f4ring med skjell sikrer at h\u00f8nene f\u00e5r i seg nok kalsium, noe som bidrar til sterke eggeskall og god helse. \ud83d\udc14\ud83e\udd5a <\/p>\n<h3>Hva er skjell laget av<\/h3>\n<p data-start=\"0\" data-end=\"240\">Skjell best\u00e5r hovedsakelig av <strong data-start=\"34\" data-end=\"61\">kalsiumkarbonat (CaCO\u2083)<\/strong>, som er et naturlig mineral som utgj\u00f8r skallet p\u00e5 snegler og muslinger. I tillegg til kalsiumkarbonat inneholder skjell ogs\u00e5 sm\u00e5 mengder <strong data-start=\"196\" data-end=\"217\">magnesiumkarbonat<\/strong> og andre sporstoffer. <\/p>\n<p>&nbsp;<\/p>\n<p data-start=\"242\" data-end=\"421\" data-is-last-node=\"\" data-is-only-node=\"\">P\u00e5 grunn av det h\u00f8ye kalsiuminnholdet brukes knuste skjell ofte som et naturlig tilskudd til <strong data-start=\"345\" data-end=\"353\">h\u00f8ner<\/strong> for \u00e5 styrke eggeskallet, samt til br\u00f8nnkalking og sklisikring. \ud83d\udc1a\ud83e\udd5a <\/p>\n","protected":false},"excerpt":{"rendered":"<p><strong>Eggeskall for h\u00f8ner 4kg &#8211; Naturlig kalsium for sterke eggeskall<\/strong><\/p>\n<p>Gi verpeh\u00f8nene dine det beste kalsiumtilskuddet med v\u00e5re knuste skjell. Kalsium er avgj\u00f8rende for at h\u00f8nene dine skal kunne produsere egg med sterke og holdbare skall. Uten nok kalsium risikerer h\u00f8nene \u00e5 legge egg med tynt og skj\u00f8rt skall.  <\/p>\n","protected":false},"featured_media":28556,"comment_status":"open","ping_status":"closed","template":"","meta":{"_acf_changed":false},"product_brand":[],"product_cat":[138],"product_tag":[],"class_list":{"0":"post-28552","1":"product","2":"type-product","3":"status-publish","4":"has-post-thumbnail","6":"product_cat-for-og-mat-til-kyllinger","7":"product_group-hink-4kg","9":"first","10":"instock","11":"taxable","12":"shipping-taxable","13":"purchasable","14":"product-type-simple"},"bundled_by":[],"bundle_stock_status":"instock","bundle_stock_quantity":855,"bundle_virtual":false,"bundle_layout":"","bundle_add_to_cart_form_location":"","bundle_editable_in_cart":false,"bundle_sold_individually_context":"","bundle_item_grouping":"","bundle_min_size":"","bundle_max_size":"","bundle_price":[],"bundled_items":[],"bundle_sell_ids":[],"acf":[],"_links":{"self":[{"href":"https:\/\/pippifoder.se\/no\/wp-json\/wp\/v2\/product\/28552","targetHints":{"allow":["GET"]}}],"collection":[{"href":"https:\/\/pippifoder.se\/no\/wp-json\/wp\/v2\/product"}],"about":[{"href":"https:\/\/pippifoder.se\/no\/wp-json\/wp\/v2\/types\/product"}],"replies":[{"embeddable":true,"href":"https:\/\/pippifoder.se\/no\/wp-json\/wp\/v2\/comments?post=28552"}],"wp:featuredmedia":[{"embeddable":true,"href":"https:\/\/pippifoder.se\/no\/wp-json\/wp\/v2\/media\/28556"}],"wp:attachment":[{"href":"https:\/\/pippifoder.se\/no\/wp-json\/wp\/v2\/media?parent=28552"}],"wp:term":[{"taxonomy":"product_brand","embeddable":true,"href":"https:\/\/pippifoder.se\/no\/wp-json\/wp\/v2\/product_brand?post=28552"},{"taxonomy":"product_cat","embeddable":true,"href":"https:\/\/pippifoder.se\/no\/wp-json\/wp\/v2\/product_cat?post=28552"},{"taxonomy":"product_tag","embeddable":true,"href":"https:\/\/pippifoder.se\/no\/wp-json\/wp\/v2\/product_tag?post=28552"}],"curies":[{"name":"wp","href":"https:\/\/api.w.org\/{rel}","templated":true}]}}