{"id":28437,"date":"2025-08-03T19:08:37","date_gmt":"2025-08-03T17:08:37","guid":{"rendered":"https:\/\/pippifoder.se\/?post_type=product&#038;p=28437"},"modified":"2026-04-26T15:01:41","modified_gmt":"2026-04-26T13:01:41","slug":"fuglematermuttere-store-3-etasjer-rustfritt-kopia-kopia-kopia-kopia-kopia","status":"publish","type":"product","link":"https:\/\/pippifoder.se\/no\/produkt\/fuglemater-og-fuglebrett\/fuglematermuttere-store-3-etasjer-rustfritt-kopia-kopia-kopia-kopia-kopia\/","title":{"rendered":"Pean\u00f8ttsm\u00f8rholder i glasskrukke"},"content":{"rendered":"<p data-start=\"734\" data-end=\"750\">\ud83c\udf3f <strong data-start=\"737\" data-end=\"750\">Fordeler:<\/strong><\/p>\n<ul data-start=\"751\" data-end=\"923\">\n<li data-start=\"751\" data-end=\"794\">\n<p data-start=\"753\" data-end=\"794\">Laget av 100 % FSC\u00ae-sertifisert trevirke<\/p>\n<\/li>\n<li data-start=\"795\" data-end=\"849\">\n<p data-start=\"797\" data-end=\"849\">Passer til standardglass med pean\u00f8ttsm\u00f8r for fugler<\/p>\n<\/li>\n<li data-start=\"850\" data-end=\"885\">\n<p data-start=\"852\" data-end=\"885\">V\u00e6rbestandig tak i svart treverk<\/p>\n<\/li>\n<li data-start=\"886\" data-end=\"923\">\n<p data-start=\"888\" data-end=\"923\">Enkel opphengning eller montering<\/p>\n<\/li>\n<\/ul>\n<p>&nbsp;<\/p>\n<p data-start=\"925\" data-end=\"1026\">\ud83d\udd4a\ufe0f Skap en spiseplass som b\u00e5de du og hagefuglene dine kan nyte &#8211; holdbar, vakker og praktisk!<\/p>\n","protected":false},"excerpt":{"rendered":"<p data-start=\"176\" data-end=\"471\">Server <a href=\"https:\/\/pippifoder.se\/no\/produkt\/fuglemat\/fettfroblanding\/fuglematermuttere-store-3-etasjer-rustfritt-kopia-kopia-kopia-kopia\/\">pean\u00f8ttsm\u00f8r til fugleunger<\/a> p\u00e5 en stilig og b\u00e6rekraftig m\u00e5te! Denne robuste holderen er laget av 100 % FSC\u00ae-sertifisert trevirke, noe som garanterer at materialet kommer fra ansvarlig skogbruk. Med sin enkle, men funksjonelle design passer den perfekt b\u00e5de i hagen og p\u00e5 balkongen.  <\/p>\n<p data-start=\"473\" data-end=\"732\">Det store runde hullet i fronten er tilpasset glass med pean\u00f8ttsm\u00f8r til fugler, og utformingen gj\u00f8r det enkelt for fuglene \u00e5 sitte komfortabelt mens de spiser. Det svartlakkerte tretaket beskytter innholdet mot regn, og gir holderen et rustikt og stilig utseende. <\/p>\n<p data-start=\"473\" data-end=\"732\">Egnet for: <a href=\"https:\/\/pippifoder.se\/no\/produkt\/fuglemat\/fettfroblanding\/fuglematermuttere-store-3-etasjer-rustfritt-kopia-kopia-kopia-kopia\/\">Pean\u00f8ttsm\u00f8r med melorm i glasskrukke<\/a><\/p>\n","protected":false},"featured_media":28441,"comment_status":"closed","ping_status":"closed","template":"","meta":{"_acf_changed":false},"product_brand":[],"product_cat":[155,734],"product_tag":[],"class_list":{"0":"post-28437","1":"product","2":"type-product","3":"status-publish","4":"has-post-thumbnail","6":"product_cat-fuglemater-og-fuglebrett","7":"product_cat-fuglemater-med-beskyttelse","9":"first","10":"instock","11":"taxable","12":"shipping-taxable","13":"purchasable","14":"product-type-simple"},"bundled_by":["30023"],"bundle_stock_status":"instock","bundle_stock_quantity":78,"bundle_virtual":false,"bundle_layout":"","bundle_add_to_cart_form_location":"","bundle_editable_in_cart":false,"bundle_sold_individually_context":"","bundle_item_grouping":"","bundle_min_size":"","bundle_max_size":"","bundle_price":[],"bundled_items":[],"bundle_sell_ids":[],"acf":[],"_links":{"self":[{"href":"https:\/\/pippifoder.se\/no\/wp-json\/wp\/v2\/product\/28437","targetHints":{"allow":["GET"]}}],"collection":[{"href":"https:\/\/pippifoder.se\/no\/wp-json\/wp\/v2\/product"}],"about":[{"href":"https:\/\/pippifoder.se\/no\/wp-json\/wp\/v2\/types\/product"}],"replies":[{"embeddable":true,"href":"https:\/\/pippifoder.se\/no\/wp-json\/wp\/v2\/comments?post=28437"}],"wp:featuredmedia":[{"embeddable":true,"href":"https:\/\/pippifoder.se\/no\/wp-json\/wp\/v2\/media\/28441"}],"wp:attachment":[{"href":"https:\/\/pippifoder.se\/no\/wp-json\/wp\/v2\/media?parent=28437"}],"wp:term":[{"taxonomy":"product_brand","embeddable":true,"href":"https:\/\/pippifoder.se\/no\/wp-json\/wp\/v2\/product_brand?post=28437"},{"taxonomy":"product_cat","embeddable":true,"href":"https:\/\/pippifoder.se\/no\/wp-json\/wp\/v2\/product_cat?post=28437"},{"taxonomy":"product_tag","embeddable":true,"href":"https:\/\/pippifoder.se\/no\/wp-json\/wp\/v2\/product_tag?post=28437"}],"curies":[{"name":"wp","href":"https:\/\/api.w.org\/{rel}","templated":true}]}}