{"id":28322,"date":"2025-07-31T05:48:17","date_gmt":"2025-07-31T05:48:17","guid":{"rendered":"https:\/\/pippifoder.se\/?post_type=product&#038;p=28322"},"modified":"2026-05-11T13:31:58","modified_gmt":"2026-05-11T11:31:58","slug":"kyllingmusli-10-kg-kopia-kopia","status":"publish","type":"product","link":"https:\/\/pippifoder.se\/no\/produkt\/kylling\/for-og-mat-til-kyllinger\/kyllingmusli-10-kg-kopia-kopia\/","title":{"rendered":"Kyllingvekst &#8211; Pelletering"},"content":{"rendered":"<p data-start=\"187\" data-end=\"239\"><strong data-start=\"187\" data-end=\"239\">Komplett f\u00f4r for en trygg og balansert vekstfase<\/strong><\/p>\n<p data-start=\"241\" data-end=\"535\">Kyckling Tillv\u00e4xt &#8211; Pelletskross er et svensk fullf\u00f4r som er utviklet for kyllinger i vekstfasen, fra ca. 6 til 16 ukers alder. F\u00f4ret er n\u00f8ye balansert for \u00e5 sikre optimal utvikling av skjelett, fj\u00e6rdrakt og muskulatur, samtidig som det st\u00f8tter et sterkt immunforsvar. <\/p>\n<p data-start=\"537\" data-end=\"645\">De finkornede, m\u00f8rkegr\u00f8nne pelletsene har en konsistens som er lett \u00e5 spise og reduserer risikoen for s\u00f8l.<\/p>\n<h4 data-start=\"647\" data-end=\"669\">\u2705 Viktige fordeler:<\/h4>\n<ul data-start=\"670\" data-end=\"881\">\n<li data-start=\"670\" data-end=\"716\">\n<p data-start=\"672\" data-end=\"716\"><strong data-start=\"672\" data-end=\"716\">Komplett ern\u00e6ring for kyllinger i vekst<\/strong><\/p>\n<\/li>\n<li data-start=\"717\" data-end=\"781\">\n<p data-start=\"719\" data-end=\"781\"><strong data-start=\"719\" data-end=\"752\">Redusert proteininnhold (15 %)<\/strong> &#8211; tilpasset vekstfasen<\/p>\n<\/li>\n<li data-start=\"782\" data-end=\"827\">\n<p data-start=\"784\" data-end=\"827\"><strong data-start=\"784\" data-end=\"804\">Svensk korn<\/strong> &#8211; hvete, bygg og <a href=\"https:\/\/pippifoder.se\/no\/produkt\/fuglemat\/havre-25-kg\/\">havre<\/a><\/p>\n<\/li>\n<li data-start=\"828\" data-end=\"881\">\n<p data-start=\"830\" data-end=\"881\"><strong data-start=\"830\" data-end=\"881\">Tilsatt vitaminer og mineraler for god helse<\/strong><\/p>\n<\/li>\n<\/ul>\n<h4 data-start=\"883\" data-end=\"916\">\ud83d\udc14 N\u00e6ringsinnhold (per kg):<\/h4>\n<ul data-start=\"917\" data-end=\"1084\">\n<li data-start=\"917\" data-end=\"932\">\n<p data-start=\"919\" data-end=\"932\">Energi: 11 MJ<\/p>\n<\/li>\n<li data-start=\"933\" data-end=\"950\">\n<p data-start=\"935\" data-end=\"950\">R\u00e5protein: 15 %.<\/p>\n<\/li>\n<li data-start=\"951\" data-end=\"964\">\n<p data-start=\"953\" data-end=\"964\">R\u00e5fett: 4 %.<\/p>\n<\/li>\n<li data-start=\"965\" data-end=\"980\">\n<p data-start=\"967\" data-end=\"980\">Vegetabilsk fiber: 5 %.<\/p>\n<\/li>\n<li data-start=\"981\" data-end=\"995\">\n<p data-start=\"983\" data-end=\"995\">Kalsium: 9 g<\/p>\n<\/li>\n<li data-start=\"996\" data-end=\"1009\">\n<p data-start=\"998\" data-end=\"1009\">Fosfor: 6 g<\/p>\n<\/li>\n<li data-start=\"1010\" data-end=\"1056\">\n<p data-start=\"1012\" data-end=\"1056\">Vitamin A: 10 000 IU, D3: 2 750 IU, E: 50 mg<\/p>\n<\/li>\n<li data-start=\"1057\" data-end=\"1084\">\n<p data-start=\"1059\" data-end=\"1084\">Lysin: 7 g, metionin: 3 g<\/p>\n<\/li>\n<\/ul>\n<p data-start=\"1086\" data-end=\"1210\">Det inneholder ogs\u00e5 viktige sporstoffer som kobber og selen, samt essensielle aminosyrer som bidrar til sunn vekst.<\/p>\n<h4 data-start=\"1212\" data-end=\"1232\">\ud83d\udce6 Emballasje:<\/h4>\n<ul data-start=\"1233\" data-end=\"1297\">\n<li data-start=\"1233\" data-end=\"1246\">\n<p data-start=\"1235\" data-end=\"1246\">Vekt: 20 kg<\/p>\n<\/li>\n<\/ul>\n<h4 data-start=\"1299\" data-end=\"1318\">\ud83d\udccc Bruk:<\/h4>\n<p data-start=\"1319\" data-end=\"1427\">S\u00f8rg for fri tilgang fra 6 til ca. 16 ukers alder. Ungene b\u00f8r alltid ha fri tilgang til ferskvann. <\/p>\n<h4 data-start=\"1429\" data-end=\"1447\">\ud83d\udce6 Lagring:<\/h4>\n<p>&nbsp;<\/p>\n<p data-start=\"1448\" data-end=\"1512\">Oppbevares t\u00f8rt, m\u00f8rkt og kj\u00f8lig &#8211; ikke over normal romtemperatur.<\/p>\n","protected":false},"excerpt":{"rendered":"<p>20 kg vekstpellets til kylling, produsert i Sverige. Chicken growth er et fullf\u00f4r til kyllinger i alderen 6-16 uker. Beriket med h\u00f8yt proteininnhold av kun naturlige produkter. Pelleten inneholder: Hvete, bygg, <a href=\"https:\/\/pippifoder.se\/no\/produkt\/fuglemat\/havre-25-kg\/\">havre.<\/a>   <\/p>\n","protected":false},"featured_media":28335,"comment_status":"closed","ping_status":"closed","template":"","meta":{"_acf_changed":false},"product_brand":[],"product_cat":[138,124],"product_tag":[],"class_list":{"0":"post-28322","1":"product","2":"type-product","3":"status-publish","4":"has-post-thumbnail","6":"product_cat-for-og-mat-til-kyllinger","7":"product_cat-fuglemat","9":"first","10":"instock","11":"taxable","12":"shipping-taxable","13":"purchasable","14":"product-type-simple"},"bundled_by":[],"bundle_stock_status":"instock","bundle_stock_quantity":20,"bundle_virtual":false,"bundle_layout":"","bundle_add_to_cart_form_location":"","bundle_editable_in_cart":false,"bundle_sold_individually_context":"","bundle_item_grouping":"","bundle_min_size":"","bundle_max_size":"","bundle_price":[],"bundled_items":[],"bundle_sell_ids":[],"acf":[],"_links":{"self":[{"href":"https:\/\/pippifoder.se\/no\/wp-json\/wp\/v2\/product\/28322","targetHints":{"allow":["GET"]}}],"collection":[{"href":"https:\/\/pippifoder.se\/no\/wp-json\/wp\/v2\/product"}],"about":[{"href":"https:\/\/pippifoder.se\/no\/wp-json\/wp\/v2\/types\/product"}],"replies":[{"embeddable":true,"href":"https:\/\/pippifoder.se\/no\/wp-json\/wp\/v2\/comments?post=28322"}],"wp:featuredmedia":[{"embeddable":true,"href":"https:\/\/pippifoder.se\/no\/wp-json\/wp\/v2\/media\/28335"}],"wp:attachment":[{"href":"https:\/\/pippifoder.se\/no\/wp-json\/wp\/v2\/media?parent=28322"}],"wp:term":[{"taxonomy":"product_brand","embeddable":true,"href":"https:\/\/pippifoder.se\/no\/wp-json\/wp\/v2\/product_brand?post=28322"},{"taxonomy":"product_cat","embeddable":true,"href":"https:\/\/pippifoder.se\/no\/wp-json\/wp\/v2\/product_cat?post=28322"},{"taxonomy":"product_tag","embeddable":true,"href":"https:\/\/pippifoder.se\/no\/wp-json\/wp\/v2\/product_tag?post=28322"}],"curies":[{"name":"wp","href":"https:\/\/api.w.org\/{rel}","templated":true}]}}