{"id":28314,"date":"2025-07-31T05:39:49","date_gmt":"2025-07-31T05:39:49","guid":{"rendered":"https:\/\/pippifoder.se\/?post_type=product&#038;p=28314"},"modified":"2026-05-11T13:31:58","modified_gmt":"2026-05-11T11:31:58","slug":"kyllingmusli-10-kg-kopia","status":"publish","type":"product","link":"https:\/\/pippifoder.se\/no\/produkt\/kylling\/for-og-mat-til-kyllinger\/kyllingmusli-10-kg-kopia\/","title":{"rendered":"Forrett til kylling &#8211; Pelletsknuser"},"content":{"rendered":"<p data-start=\"183\" data-end=\"243\"><strong data-start=\"183\" data-end=\"243\">Et komplett startf\u00f4r for god vekst fra f\u00f8rste dag<\/strong><\/p>\n<p data-start=\"245\" data-end=\"510\">Kyckling Start &#8211; Pelletskross er et svenskprodusert fullf\u00f4r som er utviklet for \u00e5 gi kyllinger den beste starten p\u00e5 livet. F\u00f4ret gis fra f\u00f8rste leveuke og opp til ca. 6 ukers alder, og inneholder alt kyllingene dine trenger for en sunn og kraftig vekst. <\/p>\n<p data-start=\"512\" data-end=\"635\">Pelletsen er knust til et finkornet granulat med en m\u00f8rkegr\u00f8nn farge &#8211; lett \u00e5 spise selv for de minste kyllingene.<\/p>\n<h4 data-start=\"637\" data-end=\"659\">\u2705 Viktige fordeler:<\/h4>\n<ul data-start=\"660\" data-end=\"914\">\n<li data-start=\"660\" data-end=\"731\">\n<p data-start=\"662\" data-end=\"731\"><strong data-start=\"662\" data-end=\"681\">Komplett ern\u00e6ring<\/strong> &#8211; inneholder alle viktige vitaminer og mineraler<\/p>\n<\/li>\n<li data-start=\"732\" data-end=\"799\">\n<p data-start=\"734\" data-end=\"799\"><strong data-start=\"734\" data-end=\"759\">H\u00f8yt proteininnhold (18 %)<\/strong> &#8211; fremmer muskelutvikling og -vekst<\/p>\n<\/li>\n<li data-start=\"800\" data-end=\"857\">\n<p data-start=\"802\" data-end=\"857\"><strong data-start=\"802\" data-end=\"822\">Passende tekstur<\/strong> &#8211; finknust pellet for sm\u00e5 nebb<\/p>\n<\/li>\n<li data-start=\"858\" data-end=\"914\">\n<p data-start=\"860\" data-end=\"914\"><strong data-start=\"860\" data-end=\"884\">Made in Sweden<\/strong> &#8211; r\u00e5varer fra svenske g\u00e5rder<\/p>\n<\/li>\n<\/ul>\n<h4 data-start=\"916\" data-end=\"949\">\ud83d\udc23 N\u00e6ringsinnhold (per kg):<\/h4>\n<ul data-start=\"950\" data-end=\"1090\">\n<li data-start=\"950\" data-end=\"965\">\n<p data-start=\"952\" data-end=\"965\">Energi: 11 MJ<\/p>\n<\/li>\n<li data-start=\"966\" data-end=\"983\">\n<p data-start=\"968\" data-end=\"983\">R\u00e5protein: 18 %.<\/p>\n<\/li>\n<li data-start=\"984\" data-end=\"997\">\n<p data-start=\"986\" data-end=\"997\">R\u00e5fett: 6 %.<\/p>\n<\/li>\n<li data-start=\"998\" data-end=\"1013\">\n<p data-start=\"1000\" data-end=\"1013\">Vegetabilsk fiber: 5 %.<\/p>\n<\/li>\n<li data-start=\"1014\" data-end=\"1029\">\n<p data-start=\"1016\" data-end=\"1029\">Kalsium: 10 g<\/p>\n<\/li>\n<li data-start=\"1030\" data-end=\"1043\">\n<p data-start=\"1032\" data-end=\"1043\">Fosfor: 7 g<\/p>\n<\/li>\n<li data-start=\"1044\" data-end=\"1090\">\n<p data-start=\"1046\" data-end=\"1090\">Vitamin A: 10 000 IU, D3: 2 750 IU, E: 50 mg<\/p>\n<\/li>\n<\/ul>\n<p data-start=\"1092\" data-end=\"1233\">F\u00f4ret inneholder ogs\u00e5 tilsetningsstoffer som kobber og selen for \u00e5 styrke immunforsvaret, og aminosyrene lysin og metionin for optimal vekst.<\/p>\n<h4 data-start=\"1235\" data-end=\"1255\">\ud83d\udce6 Emballasje:<\/h4>\n<ul data-start=\"1256\" data-end=\"1320\">\n<li data-start=\"1256\" data-end=\"1269\">\n<p data-start=\"1258\" data-end=\"1269\">Vekt: 20 kg<\/p>\n<\/li>\n<\/ul>\n<h4 data-start=\"1322\" data-end=\"1341\">\ud83d\udccc Bruk:<\/h4>\n<p data-start=\"1342\" data-end=\"1465\">S\u00f8rg for fri tilgang fra dag 1 til rundt 6 ukers alder. Husk at kyllingene alltid skal ha tilgang til ferskvann. <\/p>\n<h4 data-start=\"1467\" data-end=\"1485\">\ud83d\udce6 Lagring:<\/h4>\n<p data-start=\"1486\" data-end=\"1551\">Oppbevares t\u00f8rt, m\u00f8rkt og kj\u00f8lig &#8211; ikke over normal romtemperatur.<\/p>\n","protected":false},"excerpt":{"rendered":"<p>20 kg kyllingstart &#8211; pelletsf\u00f4r, produsert i Sverige. Chicken start er et fullf\u00f4r for kyllinger i alderen 0-6 uker. Beriket med h\u00f8yt proteininnhold av kun naturlige produkter. Pelleten inneholder: Hvete, <a href=\"https:\/\/pippifoder.se\/no\/produkt\/fuglemat\/havre-25-kg\/\">havre<\/a>.   <\/p>\n","protected":false},"featured_media":28331,"comment_status":"closed","ping_status":"closed","template":"","meta":{"_acf_changed":false},"product_brand":[],"product_cat":[138,124],"product_tag":[],"class_list":{"0":"post-28314","1":"product","2":"type-product","3":"status-publish","4":"has-post-thumbnail","6":"product_cat-for-og-mat-til-kyllinger","7":"product_cat-fuglemat","9":"first","10":"instock","11":"taxable","12":"shipping-taxable","13":"purchasable","14":"product-type-simple"},"bundled_by":[],"bundle_stock_status":"instock","bundle_stock_quantity":5,"bundle_virtual":false,"bundle_layout":"","bundle_add_to_cart_form_location":"","bundle_editable_in_cart":false,"bundle_sold_individually_context":"","bundle_item_grouping":"","bundle_min_size":"","bundle_max_size":"","bundle_price":[],"bundled_items":[],"bundle_sell_ids":[],"acf":[],"_links":{"self":[{"href":"https:\/\/pippifoder.se\/no\/wp-json\/wp\/v2\/product\/28314","targetHints":{"allow":["GET"]}}],"collection":[{"href":"https:\/\/pippifoder.se\/no\/wp-json\/wp\/v2\/product"}],"about":[{"href":"https:\/\/pippifoder.se\/no\/wp-json\/wp\/v2\/types\/product"}],"replies":[{"embeddable":true,"href":"https:\/\/pippifoder.se\/no\/wp-json\/wp\/v2\/comments?post=28314"}],"wp:featuredmedia":[{"embeddable":true,"href":"https:\/\/pippifoder.se\/no\/wp-json\/wp\/v2\/media\/28331"}],"wp:attachment":[{"href":"https:\/\/pippifoder.se\/no\/wp-json\/wp\/v2\/media?parent=28314"}],"wp:term":[{"taxonomy":"product_brand","embeddable":true,"href":"https:\/\/pippifoder.se\/no\/wp-json\/wp\/v2\/product_brand?post=28314"},{"taxonomy":"product_cat","embeddable":true,"href":"https:\/\/pippifoder.se\/no\/wp-json\/wp\/v2\/product_cat?post=28314"},{"taxonomy":"product_tag","embeddable":true,"href":"https:\/\/pippifoder.se\/no\/wp-json\/wp\/v2\/product_tag?post=28314"}],"curies":[{"name":"wp","href":"https:\/\/api.w.org\/{rel}","templated":true}]}}