{"id":28170,"date":"2025-07-25T18:57:16","date_gmt":"2025-07-25T16:57:16","guid":{"rendered":"https:\/\/pippifoder.se\/?post_type=product&#038;p=28170"},"modified":"2026-04-30T07:53:56","modified_gmt":"2026-04-30T05:53:56","slug":"fuglematermuttere-store-3-etasjer-rustfritt-kopia-kopia-kopia-3","status":"publish","type":"product","link":"https:\/\/pippifoder.se\/no\/produkt\/fuglemat\/fettfroblanding\/fuglematermuttere-store-3-etasjer-rustfritt-kopia-kopia-kopia-3\/","title":{"rendered":"Talgkjegle med villfuglfr\u00f8"},"content":{"rendered":"<h4 data-start=\"661\" data-end=\"677\">Kjennetegn:<\/h4>\n<ul data-start=\"678\" data-end=\"948\">\n<li data-start=\"678\" data-end=\"727\">\n<p data-start=\"680\" data-end=\"727\">Ferdigprodusert hengende talgkjegle &#8211; enkel \u00e5 bruke<\/p>\n<\/li>\n<li data-start=\"728\" data-end=\"782\">\n<p data-start=\"730\" data-end=\"782\">Inneholder villfuglfr\u00f8 og fett for ekstra energi<\/p>\n<\/li>\n<li data-start=\"783\" data-end=\"850\">\n<p data-start=\"785\" data-end=\"850\">Ideell for sm\u00e5fugler som kattugle, bl\u00e5meis, pilfink og gr\u00f8nnfink<\/p>\n<\/li>\n<li data-start=\"851\" data-end=\"892\">\n<p data-start=\"853\" data-end=\"892\">Naturlig kjegle &#8211; ingen plastnett er n\u00f8dvendig<\/p>\n<\/li>\n<li data-start=\"893\" data-end=\"948\">\n<p data-start=\"895\" data-end=\"948\">Kan henges direkte i tr\u00e6r, busker eller p\u00e5 fuglebrett<\/p>\n<\/li>\n<\/ul>\n<p>&nbsp;<\/p>\n<p data-start=\"950\" data-end=\"1052\">Perfekt til f\u00f4ring \u00e5ret rundt, og spesielt godt egnet om vinteren n\u00e5r fuglene trenger ekstra energi.<\/p>\n","protected":false},"excerpt":{"rendered":"<p data-start=\"175\" data-end=\"519\">Gi hagens sm\u00e5fugler en n\u00e6ringsrik energikilde med denne dekorative <strong data-start=\"247\" data-end=\"283\">talgkjeglen fylt med villfuglfr\u00f8<\/strong>. Talgkjeglen er klar til \u00e5 henge i tr\u00e6r, busker eller p\u00e5 fuglebordet &#8211; uten behov for nett eller ekstra holdere. Den er fylt med fr\u00f8 og fett av h\u00f8y kvalitet som gir fuglene livsviktig energi p\u00e5 kalde vinterdager og tidlig p\u00e5 v\u00e5ren.  <\/p>\n<p data-start=\"521\" data-end=\"659\">Den naturlige kjegleformen gj\u00f8r det enkelt for fuglene \u00e5 f\u00e5 tak i og spise, samtidig som den gir en sjarmerende og naturlig detalj i hagen.<\/p>\n","protected":false},"featured_media":28174,"comment_status":"closed","ping_status":"closed","template":"","meta":{"_acf_changed":false},"product_brand":[],"product_cat":[135,124],"product_tag":[],"class_list":{"0":"post-28170","1":"product","2":"type-product","3":"status-publish","4":"has-post-thumbnail","6":"product_cat-fettfroblanding","7":"product_cat-fuglemat","9":"first","10":"outofstock","11":"taxable","12":"shipping-taxable","13":"purchasable","14":"product-type-simple"},"bundled_by":["30023"],"bundle_stock_status":"outofstock","bundle_stock_quantity":0,"bundle_virtual":false,"bundle_layout":"","bundle_add_to_cart_form_location":"","bundle_editable_in_cart":false,"bundle_sold_individually_context":"","bundle_item_grouping":"","bundle_min_size":"","bundle_max_size":"","bundle_price":[],"bundled_items":[],"bundle_sell_ids":[],"acf":[],"_links":{"self":[{"href":"https:\/\/pippifoder.se\/no\/wp-json\/wp\/v2\/product\/28170","targetHints":{"allow":["GET"]}}],"collection":[{"href":"https:\/\/pippifoder.se\/no\/wp-json\/wp\/v2\/product"}],"about":[{"href":"https:\/\/pippifoder.se\/no\/wp-json\/wp\/v2\/types\/product"}],"replies":[{"embeddable":true,"href":"https:\/\/pippifoder.se\/no\/wp-json\/wp\/v2\/comments?post=28170"}],"wp:featuredmedia":[{"embeddable":true,"href":"https:\/\/pippifoder.se\/no\/wp-json\/wp\/v2\/media\/28174"}],"wp:attachment":[{"href":"https:\/\/pippifoder.se\/no\/wp-json\/wp\/v2\/media?parent=28170"}],"wp:term":[{"taxonomy":"product_brand","embeddable":true,"href":"https:\/\/pippifoder.se\/no\/wp-json\/wp\/v2\/product_brand?post=28170"},{"taxonomy":"product_cat","embeddable":true,"href":"https:\/\/pippifoder.se\/no\/wp-json\/wp\/v2\/product_cat?post=28170"},{"taxonomy":"product_tag","embeddable":true,"href":"https:\/\/pippifoder.se\/no\/wp-json\/wp\/v2\/product_tag?post=28170"}],"curies":[{"name":"wp","href":"https:\/\/api.w.org\/{rel}","templated":true}]}}