{"id":28162,"date":"2025-07-25T18:52:55","date_gmt":"2025-07-25T18:52:55","guid":{"rendered":"https:\/\/pippifoder.se\/?post_type=product&#038;p=28162"},"modified":"2026-05-03T11:54:23","modified_gmt":"2026-05-03T09:54:23","slug":"fuglematermuttere-store-3-etasjer-rustfritt-kopia-kopia-kopia-2","status":"publish","type":"product","link":"https:\/\/pippifoder.se\/no\/produkt\/fuglekasse\/fuglematermuttere-store-3-etasjer-rustfritt-kopia-kopia-kopia-2\/","title":{"rendered":"Fuglekasse i polyresin formet som en gj\u00f8kur"},"content":{"rendered":"<p>Lengde: 16,2 cm<br \/>\nBredde: 14,8 cm<br \/>\nH\u00f8yde: 27,8 cm<\/p>\n<h4 data-start=\"782\" data-end=\"798\">Kjennetegn:<\/h4>\n<ul data-start=\"799\" data-end=\"1068\">\n<li data-start=\"799\" data-end=\"859\">\n<p data-start=\"801\" data-end=\"859\">Fuglekasse i detaljert design som en tradisjonell gj\u00f8kur<\/p>\n<\/li>\n<li data-start=\"860\" data-end=\"915\">\n<p data-start=\"862\" data-end=\"915\">Laget av slitesterk og v\u00e6rbestandig polyresin<\/p>\n<\/li>\n<li data-start=\"916\" data-end=\"972\">\n<p data-start=\"918\" data-end=\"972\">Praktisk inngang for sm\u00e5fugler som bl\u00e5meis og kj\u00f8ttmeis<\/p>\n<\/li>\n<li data-start=\"973\" data-end=\"1022\">\n<p data-start=\"975\" data-end=\"1022\">Lett \u00e5 henge opp p\u00e5 en vegg, et tre eller en stolpe<\/p>\n<\/li>\n<li data-start=\"1023\" data-end=\"1068\">\n<p data-start=\"1025\" data-end=\"1068\">Kan ogs\u00e5 brukes som hagedekorasjon<\/p>\n<\/li>\n<\/ul>\n<p data-start=\"1070\" data-end=\"1183\">Plasser reiret p\u00e5 et rolig og skjermet sted, helst 1,5-2 meter opp, for \u00e5 skape et trygt milj\u00f8 for sm\u00e5fuglene.<\/p>\n","protected":false},"excerpt":{"rendered":"<p data-start=\"194\" data-end=\"534\">Sett et lekent og dekorativt preg p\u00e5 hagen din med dette unike <strong data-start=\"255\" data-end=\"280\">fuglehuset i polyresin<\/strong>, utformet som en klassisk gj\u00f8kur. Den detaljerte utformingen med urskive, takstein, sm\u00e5 vinduer og en figur ved inngangen gj\u00f8r hytta til et sjarmerende innslag som tiltrekker seg oppmerksomhet &#8211; samtidig som den gir sm\u00e5fuglene et trygt sted \u00e5 bygge rede.<\/p>\n<p data-start=\"536\" data-end=\"780\">Polyresin er et slitesterkt og v\u00e6rbestandig materiale som motst\u00e5r regn, sol og kulde, noe som gj\u00f8r det ideelt for bruk \u00e5ret rundt. Den fungerer like godt som fuglekasse som dekorativ utsmykning i hagen, p\u00e5 balkongen eller p\u00e5 terrassen. <\/p>\n","protected":false},"featured_media":28166,"comment_status":"closed","ping_status":"closed","template":"","meta":{"_acf_changed":false},"product_brand":[],"product_cat":[134,572],"product_tag":[],"class_list":{"0":"post-28162","1":"product","2":"type-product","3":"status-publish","4":"has-post-thumbnail","6":"product_cat-fuglekasse","7":"product_cat-julegaveideer-til-fugleelskere-i-2025","8":"product_group-traholk-bord","10":"first","11":"instock","12":"taxable","13":"shipping-taxable","14":"purchasable","15":"product-type-simple"},"bundled_by":[],"bundle_stock_status":"instock","bundle_stock_quantity":19,"bundle_virtual":false,"bundle_layout":"","bundle_add_to_cart_form_location":"","bundle_editable_in_cart":false,"bundle_sold_individually_context":"","bundle_item_grouping":"","bundle_min_size":"","bundle_max_size":"","bundle_price":[],"bundled_items":[],"bundle_sell_ids":[],"acf":[],"_links":{"self":[{"href":"https:\/\/pippifoder.se\/no\/wp-json\/wp\/v2\/product\/28162","targetHints":{"allow":["GET"]}}],"collection":[{"href":"https:\/\/pippifoder.se\/no\/wp-json\/wp\/v2\/product"}],"about":[{"href":"https:\/\/pippifoder.se\/no\/wp-json\/wp\/v2\/types\/product"}],"replies":[{"embeddable":true,"href":"https:\/\/pippifoder.se\/no\/wp-json\/wp\/v2\/comments?post=28162"}],"wp:featuredmedia":[{"embeddable":true,"href":"https:\/\/pippifoder.se\/no\/wp-json\/wp\/v2\/media\/28166"}],"wp:attachment":[{"href":"https:\/\/pippifoder.se\/no\/wp-json\/wp\/v2\/media?parent=28162"}],"wp:term":[{"taxonomy":"product_brand","embeddable":true,"href":"https:\/\/pippifoder.se\/no\/wp-json\/wp\/v2\/product_brand?post=28162"},{"taxonomy":"product_cat","embeddable":true,"href":"https:\/\/pippifoder.se\/no\/wp-json\/wp\/v2\/product_cat?post=28162"},{"taxonomy":"product_tag","embeddable":true,"href":"https:\/\/pippifoder.se\/no\/wp-json\/wp\/v2\/product_tag?post=28162"}],"curies":[{"name":"wp","href":"https:\/\/api.w.org\/{rel}","templated":true}]}}