{"id":28145,"date":"2025-07-25T18:45:23","date_gmt":"2025-07-25T16:45:23","guid":{"rendered":"https:\/\/pippifoder.se\/?post_type=product&#038;p=28145"},"modified":"2026-03-28T09:24:47","modified_gmt":"2026-03-28T09:24:47","slug":"fuglematermuttere-store-3-etasjer-rustfritt-kopia-kopia-3","status":"publish","type":"product","link":"https:\/\/pippifoder.se\/no\/produkt\/fuglemater-og-fuglebrett\/fuglematermuttere-store-3-etasjer-rustfritt-kopia-kopia-3\/","title":{"rendered":"XXL-mater for fr\u00f8 til ville fugler"},"content":{"rendered":"<p>Lengde: 23 cm<br \/>\nBredde: 23 cm<br \/>\nH\u00f8yde: 44 cm<\/p>\n<h4 data-start=\"674\" data-end=\"690\">Kjennetegn:<\/h4>\n<ul data-start=\"691\" data-end=\"993\">\n<li data-start=\"691\" data-end=\"762\">\n<p data-start=\"693\" data-end=\"762\"><strong data-start=\"693\" data-end=\"717\">Ekstra stor kapasitet<\/strong> &#8211; rommer mye fr\u00f8 for f\u00e6rre p\u00e5fyllinger<\/p>\n<\/li>\n<li data-start=\"763\" data-end=\"833\">\n<p data-start=\"765\" data-end=\"833\"><strong data-start=\"765\" data-end=\"799\">Flere sittepinner og \u00e5pninger<\/strong> &#8211; flere fugler kan spise samtidig<\/p>\n<\/li>\n<li data-start=\"834\" data-end=\"874\">\n<p data-start=\"836\" data-end=\"874\"><strong data-start=\"836\" data-end=\"872\">Robust og v\u00e6rbestandig design<\/strong><\/p>\n<\/li>\n<li data-start=\"875\" data-end=\"918\">\n<p data-start=\"877\" data-end=\"918\"><strong data-start=\"877\" data-end=\"898\">Oppsamlingsbrett<\/strong> for \u00e5 redusere s\u00f8l<\/p>\n<\/li>\n<li data-start=\"919\" data-end=\"993\">\n<p data-start=\"921\" data-end=\"993\"><strong data-start=\"921\" data-end=\"950\">Praktisk opphengsl\u00f8kke<\/strong> for enkel plassering i tr\u00e6r eller p\u00e5 kroker<\/p>\n<\/li>\n<\/ul>\n<p data-start=\"995\" data-end=\"1110\">Ideell til f\u00f4ring av sm\u00e5fugler som kattugle, bl\u00e5meis, pilfink og gr\u00f8nnfink med solsikkefr\u00f8 eller villfuglblandinger.<\/p>\n","protected":false},"excerpt":{"rendered":"<p data-start=\"187\" data-end=\"415\">Med denne <strong data-start=\"234\" data-end=\"272\">XXL-materen<\/strong> for <strong data-start=\"234\" data-end=\"272\"> <a href=\"https:\/\/pippifoder.se\/no\/fuglemat\/\">villfuglfr\u00f8<\/a><\/strong> tiltrekker du flere sm\u00e5fugler til hagen din. Takket v\u00e6re den sjener\u00f8se st\u00f8rrelsen trenger du ikke \u00e5 fylle p\u00e5 s\u00e5 ofte, noe som gj\u00f8r den perfekt for vinteren eller travle perioder.<\/p>\n<p data-start=\"417\" data-end=\"672\">F\u00f4ringsautomaten er utstyrt med flere sittepinner og f\u00f4rings\u00e5pninger som gj\u00f8r at flere fugler kan spise samtidig. Det gr\u00f8nne metallokket beskytter f\u00f4ret mot regn og sn\u00f8, mens oppsamlingsbrettet i bunnen minimerer s\u00f8l og gir fuglene ekstra plass til \u00e5 sitte p\u00e5.<\/p>\n","protected":false},"featured_media":28149,"comment_status":"closed","ping_status":"closed","template":"","meta":{"_acf_changed":false},"product_brand":[],"product_cat":[155,158,734,729],"product_tag":[],"class_list":{"0":"post-28145","1":"product","2":"type-product","3":"status-publish","4":"has-post-thumbnail","6":"product_cat-fuglemater-og-fuglebrett","7":"product_cat-fuglemater-for-fuglefro","8":"product_cat-fuglemater-med-beskyttelse","9":"product_cat-stor-fuglemater","11":"first","12":"instock","13":"taxable","14":"shipping-taxable","15":"purchasable","16":"product-type-simple"},"bundled_by":[],"bundle_stock_status":"instock","bundle_stock_quantity":8,"bundle_virtual":false,"bundle_layout":"","bundle_add_to_cart_form_location":"","bundle_editable_in_cart":false,"bundle_sold_individually_context":"","bundle_item_grouping":"","bundle_min_size":"","bundle_max_size":"","bundle_price":[],"bundled_items":[],"bundle_sell_ids":[],"acf":[],"_links":{"self":[{"href":"https:\/\/pippifoder.se\/no\/wp-json\/wp\/v2\/product\/28145","targetHints":{"allow":["GET"]}}],"collection":[{"href":"https:\/\/pippifoder.se\/no\/wp-json\/wp\/v2\/product"}],"about":[{"href":"https:\/\/pippifoder.se\/no\/wp-json\/wp\/v2\/types\/product"}],"replies":[{"embeddable":true,"href":"https:\/\/pippifoder.se\/no\/wp-json\/wp\/v2\/comments?post=28145"}],"wp:featuredmedia":[{"embeddable":true,"href":"https:\/\/pippifoder.se\/no\/wp-json\/wp\/v2\/media\/28149"}],"wp:attachment":[{"href":"https:\/\/pippifoder.se\/no\/wp-json\/wp\/v2\/media?parent=28145"}],"wp:term":[{"taxonomy":"product_brand","embeddable":true,"href":"https:\/\/pippifoder.se\/no\/wp-json\/wp\/v2\/product_brand?post=28145"},{"taxonomy":"product_cat","embeddable":true,"href":"https:\/\/pippifoder.se\/no\/wp-json\/wp\/v2\/product_cat?post=28145"},{"taxonomy":"product_tag","embeddable":true,"href":"https:\/\/pippifoder.se\/no\/wp-json\/wp\/v2\/product_tag?post=28145"}],"curies":[{"name":"wp","href":"https:\/\/api.w.org\/{rel}","templated":true}]}}