{"id":28136,"date":"2025-07-25T18:40:59","date_gmt":"2025-07-25T18:40:59","guid":{"rendered":"https:\/\/pippifoder.se\/?post_type=product&#038;p=28136"},"modified":"2026-04-15T13:00:07","modified_gmt":"2026-04-15T11:00:07","slug":"fuglematermuttere-store-3-etasjer-rustfritt-kopia-kopia-2","status":"publish","type":"product","link":"https:\/\/pippifoder.se\/no\/produkt\/fuglemater-og-fuglebrett\/fuglematermuttere-store-3-etasjer-rustfritt-kopia-kopia-2\/","title":{"rendered":"F\u00f4ringsmaskin for melorm"},"content":{"rendered":"<p>Lengde: 12,5 cm<br \/>\nBredde: 12,5 cm<br \/>\nH\u00f8yde: 22,5 cm<\/p>\n<h4 data-start=\"683\" data-end=\"699\">Kjennetegn:<\/h4>\n<ul data-start=\"700\" data-end=\"950\">\n<li data-start=\"700\" data-end=\"749\">\n<p data-start=\"702\" data-end=\"749\">Spesielt utviklet for f\u00f4ring av <a href=\"https:\/\/pippifoder.se\/no\/melorm\/\">melorm<\/a> og insekter<\/p>\n<\/li>\n<li data-start=\"750\" data-end=\"801\">\n<p data-start=\"752\" data-end=\"801\">V\u00e6rbestandige tak som beskytter mot regn og sn\u00f8<\/p>\n<\/li>\n<li data-start=\"802\" data-end=\"836\">\n<p data-start=\"804\" data-end=\"836\">Enkel \u00e5 fylle p\u00e5 og rengj\u00f8re<\/p>\n<\/li>\n<li data-start=\"837\" data-end=\"904\">\n<p data-start=\"839\" data-end=\"904\">Robust metallbrakett for oppheng i tr\u00e6r, kroker eller stolper<\/p>\n<\/li>\n<li data-start=\"905\" data-end=\"950\">\n<p data-start=\"907\" data-end=\"950\">Holder f\u00f4ret friskt og minimerer s\u00f8l<\/p>\n<\/li>\n<\/ul>\n<p data-start=\"952\" data-end=\"1128\">Denne automaten er et utmerket supplement til <a href=\"https:\/\/pippifoder.se\/no\/fuglemater-og-fuglebrett\/\">fr\u00f8- og talgkuleautomater<\/a> og gj\u00f8r det mulig \u00e5 tilby et bredere og mer n\u00e6ringsrikt utvalg av mat til hagefuglene.<\/p>\n","protected":false},"excerpt":{"rendered":"<p data-start=\"186\" data-end=\"439\">Med denne praktiske <strong data-start=\"206\" data-end=\"235\"> <a href=\"https:\/\/pippifoder.se\/no\/melorm\/\">melorm-materen<\/a><\/strong> kan du enkelt mate insektetende sm\u00e5fugler som r\u00f8dstrupe, g\u00e6rdesmett og svarthatt. Takket v\u00e6re det smarte taket er f\u00f4ringsautomaten automatisk beskyttet mot regn og sn\u00f8, slik at maten holder seg fersk lenger og det blir mindre s\u00f8l. <\/p>\n<p data-start=\"441\" data-end=\"681\">Utformingen med \u00e5pninger n\u00e6r bunnen gj\u00f8r det enkelt for fuglene \u00e5 plukke melorm og annet proteinrikt f\u00f4r direkte fra dispenseren. Den robuste metall- og plastkonstruksjonen gj\u00f8r den v\u00e6rbestandig og holdbar for bruk \u00e5ret rundt. <\/p>\n","protected":false},"featured_media":28140,"comment_status":"closed","ping_status":"closed","template":"","meta":{"_acf_changed":false},"product_brand":[],"product_cat":[155],"product_tag":[],"class_list":{"0":"post-28136","1":"product","2":"type-product","3":"status-publish","4":"has-post-thumbnail","6":"product_cat-fuglemater-og-fuglebrett","8":"first","9":"instock","10":"taxable","11":"shipping-taxable","12":"purchasable","13":"product-type-simple"},"bundled_by":[],"bundle_stock_status":"instock","bundle_stock_quantity":21,"bundle_virtual":false,"bundle_layout":"","bundle_add_to_cart_form_location":"","bundle_editable_in_cart":false,"bundle_sold_individually_context":"","bundle_item_grouping":"","bundle_min_size":"","bundle_max_size":"","bundle_price":[],"bundled_items":[],"bundle_sell_ids":[],"acf":[],"_links":{"self":[{"href":"https:\/\/pippifoder.se\/no\/wp-json\/wp\/v2\/product\/28136","targetHints":{"allow":["GET"]}}],"collection":[{"href":"https:\/\/pippifoder.se\/no\/wp-json\/wp\/v2\/product"}],"about":[{"href":"https:\/\/pippifoder.se\/no\/wp-json\/wp\/v2\/types\/product"}],"replies":[{"embeddable":true,"href":"https:\/\/pippifoder.se\/no\/wp-json\/wp\/v2\/comments?post=28136"}],"wp:featuredmedia":[{"embeddable":true,"href":"https:\/\/pippifoder.se\/no\/wp-json\/wp\/v2\/media\/28140"}],"wp:attachment":[{"href":"https:\/\/pippifoder.se\/no\/wp-json\/wp\/v2\/media?parent=28136"}],"wp:term":[{"taxonomy":"product_brand","embeddable":true,"href":"https:\/\/pippifoder.se\/no\/wp-json\/wp\/v2\/product_brand?post=28136"},{"taxonomy":"product_cat","embeddable":true,"href":"https:\/\/pippifoder.se\/no\/wp-json\/wp\/v2\/product_cat?post=28136"},{"taxonomy":"product_tag","embeddable":true,"href":"https:\/\/pippifoder.se\/no\/wp-json\/wp\/v2\/product_tag?post=28136"}],"curies":[{"name":"wp","href":"https:\/\/api.w.org\/{rel}","templated":true}]}}