{"id":28072,"date":"2025-07-23T19:13:16","date_gmt":"2025-07-23T17:13:16","guid":{"rendered":"https:\/\/pippifoder.se\/?post_type=product&#038;p=28072"},"modified":"2026-04-30T09:40:21","modified_gmt":"2026-04-30T07:40:21","slug":"fuglematermuttere-store-3-etasjer-rustfritt-kopia-2","status":"publish","type":"product","link":"https:\/\/pippifoder.se\/no\/produkt\/fuglemater-og-fuglebrett\/fuglematermuttere-store-3-etasjer-rustfritt-kopia-2\/","title":{"rendered":"XXL 3-i-1 fuglemater for villfuglfr\u00f8, talgkuler og n\u00f8tter"},"content":{"rendered":"<p>Lengde: 23 cm<br \/>\nBredde: 23 cm<br \/>\nH\u00f8yde: 44 cm<\/p>\n<h4 data-start=\"738\" data-end=\"754\">Kjennetegn:<\/h4>\n<ul data-start=\"755\" data-end=\"1117\">\n<li data-start=\"755\" data-end=\"814\">\n<p data-start=\"757\" data-end=\"814\"><strong data-start=\"757\" data-end=\"775\">3-i-1-funksjon<\/strong>: for fr\u00f8, pean\u00f8tter og talgkuler<\/p>\n<\/li>\n<li data-start=\"815\" data-end=\"872\">\n<p data-start=\"817\" data-end=\"872\"><strong data-start=\"817\" data-end=\"835\">Stor kapasitet<\/strong> &#8211; trenger ikke etterfylles s\u00e5 ofte<\/p>\n<\/li>\n<li data-start=\"873\" data-end=\"931\">\n<p data-start=\"875\" data-end=\"931\"><strong data-start=\"875\" data-end=\"910\">Stabil og slitesterk konstruksjon<\/strong> i metall og plast<\/p>\n<\/li>\n<li data-start=\"932\" data-end=\"974\">\n<p data-start=\"934\" data-end=\"974\"><strong data-start=\"934\" data-end=\"972\">Avtakbar topp for enkel fylling<\/strong><\/p>\n<\/li>\n<li data-start=\"975\" data-end=\"1048\">\n<p data-start=\"977\" data-end=\"1048\"><strong data-start=\"977\" data-end=\"998\">Oppsamlingsbrett<\/strong> som fanger opp fr\u00f8spill og gir ekstra sitteplasser<\/p>\n<\/li>\n<li data-start=\"1049\" data-end=\"1117\">\n<p data-start=\"1051\" data-end=\"1117\">Praktisk <strong data-start=\"1060\" data-end=\"1080\">opphengskrok<\/strong> &#8211; heng i tre, krok eller stolpe<\/p>\n<\/li>\n<\/ul>\n<p data-start=\"1119\" data-end=\"1284\">Maten gir sm\u00e5fugler som kattugle, bl\u00e5meis, spettmeis, spettmeis, l\u00f8vmeis og gr\u00f8nnfink tilgang til et variert kosthold &#8211; perfekt for \u00e5 st\u00f8tte fuglelivet til alle \u00e5rstider.<\/p>\n","protected":false},"excerpt":{"rendered":"<p data-start=\"260\" data-end=\"571\">Denne store og smart utformede <strong data-start=\"292\" data-end=\"321\">XXL-fuglemateren<\/strong> er det perfekte valget for deg som \u00f8nsker \u00e5 tilby flere ulike typer fuglemat p\u00e5 ett og samme sted. Med tre separate rom &#8211; ett <a href=\"https:\/\/pippifoder.se\/no\/solsikkefro-til-fugler\/\">for villfuglfr\u00f8<\/a>, ett for <a href=\"https:\/\/pippifoder.se\/no\/peanotter\/\">n\u00f8tter<\/a> og ett <a href=\"https:\/\/pippifoder.se\/no\/meiseboller-til-smafugler\/\">for talgkuler<\/a> &#8211; vil den tiltrekke seg en rekke fuglearter til hagen din hele \u00e5ret rundt. <\/p>\n<p data-start=\"573\" data-end=\"736\">Laget av slitesterkt metallnett og plast med en v\u00e6rbestandig gr\u00f8nn topp og et oppsamlingsbrett i bunnen for \u00e5 redusere s\u00f8l og gi fuglene et komfortabelt sted \u00e5 sitte.<\/p>\n","protected":false},"featured_media":28076,"comment_status":"closed","ping_status":"closed","template":"","meta":{"_acf_changed":false},"product_brand":[],"product_cat":[155,707,159,572,729],"product_tag":[],"class_list":{"0":"post-28072","1":"product","2":"type-product","3":"status-publish","4":"has-post-thumbnail","6":"product_cat-fuglemater-og-fuglebrett","7":"product_cat-fuglemater-for-talgballer","8":"product_cat-fuglematere-for-notter","9":"product_cat-julegaveideer-til-fugleelskere-i-2025","10":"product_cat-stor-fuglemater","12":"first","13":"instock","14":"taxable","15":"shipping-taxable","16":"purchasable","17":"product-type-simple"},"bundled_by":[],"bundle_stock_status":"instock","bundle_stock_quantity":49,"bundle_virtual":false,"bundle_layout":"","bundle_add_to_cart_form_location":"","bundle_editable_in_cart":false,"bundle_sold_individually_context":"","bundle_item_grouping":"","bundle_min_size":"","bundle_max_size":"","bundle_price":[],"bundled_items":[],"bundle_sell_ids":[],"acf":[],"_links":{"self":[{"href":"https:\/\/pippifoder.se\/no\/wp-json\/wp\/v2\/product\/28072","targetHints":{"allow":["GET"]}}],"collection":[{"href":"https:\/\/pippifoder.se\/no\/wp-json\/wp\/v2\/product"}],"about":[{"href":"https:\/\/pippifoder.se\/no\/wp-json\/wp\/v2\/types\/product"}],"replies":[{"embeddable":true,"href":"https:\/\/pippifoder.se\/no\/wp-json\/wp\/v2\/comments?post=28072"}],"wp:featuredmedia":[{"embeddable":true,"href":"https:\/\/pippifoder.se\/no\/wp-json\/wp\/v2\/media\/28076"}],"wp:attachment":[{"href":"https:\/\/pippifoder.se\/no\/wp-json\/wp\/v2\/media?parent=28072"}],"wp:term":[{"taxonomy":"product_brand","embeddable":true,"href":"https:\/\/pippifoder.se\/no\/wp-json\/wp\/v2\/product_brand?post=28072"},{"taxonomy":"product_cat","embeddable":true,"href":"https:\/\/pippifoder.se\/no\/wp-json\/wp\/v2\/product_cat?post=28072"},{"taxonomy":"product_tag","embeddable":true,"href":"https:\/\/pippifoder.se\/no\/wp-json\/wp\/v2\/product_tag?post=28072"}],"curies":[{"name":"wp","href":"https:\/\/api.w.org\/{rel}","templated":true}]}}