{"id":27924,"date":"2025-07-18T18:41:45","date_gmt":"2025-07-18T18:41:45","guid":{"rendered":"https:\/\/pippifoder.se\/?post_type=product&#038;p=27924"},"modified":"2026-03-13T06:37:54","modified_gmt":"2026-03-13T06:37:54","slug":"matkasse-for-ekorn-kopia","status":"publish","type":"product","link":"https:\/\/pippifoder.se\/no\/produkt\/tilbehor-no\/ekornmater-no\/matkasse-for-ekorn-kopia\/","title":{"rendered":"Ekornmater"},"content":{"rendered":"<h2 data-start=\"678\" data-end=\"694\">Kjennetegn ved ekornmateren:<\/h2>\n<ul data-start=\"695\" data-end=\"918\">\n<li data-start=\"695\" data-end=\"741\">\n<p data-start=\"697\" data-end=\"741\">Ekornmater i naturlig tre med lokk som kan \u00e5pnes<\/p>\n<\/li>\n<li data-start=\"742\" data-end=\"783\">\n<p data-start=\"744\" data-end=\"783\">Gjennomsiktig front slik at du kan se f\u00f4rniv\u00e5et<\/p>\n<\/li>\n<li data-start=\"784\" data-end=\"816\">\n<p data-start=\"786\" data-end=\"816\">Tak i v\u00e6rbestandig svart treverk<\/p>\n<\/li>\n<li data-start=\"817\" data-end=\"876\">\n<p data-start=\"819\" data-end=\"876\">Lett \u00e5 fylle p\u00e5 med n\u00f8tter, solsikkefr\u00f8 eller blandet f\u00f4r<\/p>\n<\/li>\n<li data-start=\"877\" data-end=\"918\">\n<p data-start=\"879\" data-end=\"918\">Kan monteres p\u00e5 vegg, stolpe eller tre<\/p>\n<\/li>\n<\/ul>\n<p data-start=\"920\" data-end=\"1096\">Plasser ekornmateren i ca. 1,5 meters h\u00f8yde, gjerne i n\u00e6rheten av tr\u00e6r eller busker der ekornet f\u00f8ler seg trygt. Det er en morsom m\u00e5te \u00e5 st\u00f8tte dyrelivet p\u00e5 &#8211; og samtidig f\u00e5 litt underholdning! <\/p>\n<p>&nbsp;<\/p>\n<p data-start=\"1103\" data-end=\"1215\"><strong data-start=\"1103\" data-end=\"1112\">Tips:<\/strong> Legg til <a href=\"https:\/\/pippifoder.se\/no\/fuglemater-og-fuglebrett\/\">fuglematere<\/a> og <a href=\"https:\/\/pippifoder.se\/no\/insekthotell-no\/\">insektshoteller<\/a> for \u00e5 skape en levende og naturvennlig hage.<\/p>\n","protected":false},"excerpt":{"rendered":"<p data-start=\"182\" data-end=\"474\">Gi skogens mest sjarmerende gjester sin egen matplass med denne smarte og robuste ekornmateren i tre. Den enkle og funksjonelle designen gj\u00f8r det enkelt for ekornet \u00e5 l\u00f8fte lokket og samle n\u00f8tter eller fr\u00f8. Den gjennomsiktige fronten gj\u00f8r det lett \u00e5 se n\u00e5r det er p\u00e5 tide \u00e5 fylle p\u00e5.  <\/p>\n<p>&nbsp;<\/p>\n<p data-start=\"476\" data-end=\"676\">Laget av ubehandlet tre med et svartmalt tak som beskytter f\u00f4ret mot regn. Perfekt for montering p\u00e5 tr\u00e6r, gjerder eller murer &#8211; og for deg som vil glede deg over ekornets livlige bes\u00f8k i hagen. <\/p>\n","protected":false},"featured_media":27928,"comment_status":"closed","ping_status":"closed","template":"","meta":{"_acf_changed":false},"product_brand":[],"product_cat":[364,155],"product_tag":[],"class_list":{"0":"post-27924","1":"product","2":"type-product","3":"status-publish","4":"has-post-thumbnail","6":"product_cat-ekornmater-no","7":"product_cat-fuglemater-og-fuglebrett","8":"product_group-traholk-bord","10":"first","11":"instock","12":"taxable","13":"shipping-taxable","14":"purchasable","15":"product-type-simple"},"bundled_by":[],"bundle_stock_status":"instock","bundle_stock_quantity":44,"bundle_virtual":false,"bundle_layout":"","bundle_add_to_cart_form_location":"","bundle_editable_in_cart":false,"bundle_sold_individually_context":"","bundle_item_grouping":"","bundle_min_size":"","bundle_max_size":"","bundle_price":[],"bundled_items":[],"bundle_sell_ids":[],"acf":[],"_links":{"self":[{"href":"https:\/\/pippifoder.se\/no\/wp-json\/wp\/v2\/product\/27924","targetHints":{"allow":["GET"]}}],"collection":[{"href":"https:\/\/pippifoder.se\/no\/wp-json\/wp\/v2\/product"}],"about":[{"href":"https:\/\/pippifoder.se\/no\/wp-json\/wp\/v2\/types\/product"}],"replies":[{"embeddable":true,"href":"https:\/\/pippifoder.se\/no\/wp-json\/wp\/v2\/comments?post=27924"}],"wp:featuredmedia":[{"embeddable":true,"href":"https:\/\/pippifoder.se\/no\/wp-json\/wp\/v2\/media\/27928"}],"wp:attachment":[{"href":"https:\/\/pippifoder.se\/no\/wp-json\/wp\/v2\/media?parent=27924"}],"wp:term":[{"taxonomy":"product_brand","embeddable":true,"href":"https:\/\/pippifoder.se\/no\/wp-json\/wp\/v2\/product_brand?post=27924"},{"taxonomy":"product_cat","embeddable":true,"href":"https:\/\/pippifoder.se\/no\/wp-json\/wp\/v2\/product_cat?post=27924"},{"taxonomy":"product_tag","embeddable":true,"href":"https:\/\/pippifoder.se\/no\/wp-json\/wp\/v2\/product_tag?post=27924"}],"curies":[{"name":"wp","href":"https:\/\/api.w.org\/{rel}","templated":true}]}}